{"id":46520,"date":"2021-02-17T08:30:34","date_gmt":"2021-02-17T07:30:34","guid":{"rendered":"https:\/\/multi.liora.io\/es\/?page_id=46520"},"modified":"2023-05-19T12:59:49","modified_gmt":"2023-05-19T11:59:49","slug":"carrera-gerencial","status":"publish","type":"page","link":"https:\/\/liora.io\/es\/carrera-gerencial","title":{"rendered":"Carri\u00e8re Management"},"content":{"rendered":"<h2>ORIENTACI\u00d3N LABORAL<br \/>\n<\/h2>\n<h2>En Liora, no nos detenemos en tu formaci\u00f3n. <br \/>\nTe acompa\u00f1amos a lo largo de tu nuevo itinerario en la data.<br \/>\n<\/h2>\n<p>\t\t\t<a href=\"#carri\u00e8re\" role=\"button\"><br \/>\n\t\t\t\t<svg aria-hidden=\"true\" viewBox=\"0 0 256 512\" xmlns=\"http:\/\/www.w3.org\/2000\/svg\"><path d=\"M168 345.941V44c0-6.627-5.373-12-12-12h-56c-6.627 0-12 5.373-12 12v301.941H41.941c-21.382 0-32.09 25.851-16.971 40.971l86.059 86.059c9.373 9.373 24.569 9.373 33.941 0l86.059-86.059c15.119-15.119 4.411-40.971-16.971-40.971H168z\"><\/path><\/svg><br \/>\n\t\t\t\t\t\tDescubre c\u00f3mo<br \/>\n\t\t\t\t\t<\/a><\/p>\n<h2><b>El acompa\u00f1amiento<\/b> a medida <b>de Liora<\/b><\/h2>\n<p>En Liora, te acompa\u00f1amos en tu b\u00fasqueda de empleo poniendo a tu disposici\u00f3n una variedad de eventos y de herramientas:<\/p>\n<p>\t\t\t\t\t\t\t\t\t\t\t\t\t\t\t<img decoding=\"async\" width=\"71\" height=\"65\" src=\"https:\/\/liora.io\/app\/uploads\/sites\/7\/2022\/03\/LEARNING-1.png\" alt=\"\" loading=\"lazy\" \/>\t\t\t\t\t\t\t\t\t\t\t\t\t\t\t<\/p>\n<h4>Talleres de CV\/LinkedIn<br \/>\n<\/h4>\n<ul>\n<li>\n\t\t\t\t\t\t\t\t\t\t1 h de consejos para aprender a actualizar tu LinkedIn y CV orientados al sector de la Data.\n\t\t\t\t\t\t\t\t\t<\/li>\n<li>\n\t\t\t\t\t\t\t\t\t\tAcceso a una plataforma en l\u00ednea que da acceso a todos nuestros consejos y m\u00e9todos.\n\t\t\t\t\t\t\t\t\t<\/li>\n<\/ul>\n<p>\t\t\t\t\t\t\t\t\t\t\t\t\t\t\t<img decoding=\"async\" width=\"73\" height=\"55\" src=\"https:\/\/liora.io\/app\/uploads\/sites\/7\/2022\/03\/LEARNING-3.png\" alt=\"\" loading=\"lazy\" \/>\t\t\t\t\t\t\t\t\t\t\t\t\t\t\t<\/p>\n<h4>Coaching<br \/>\n<\/h4>\n<ul>\n<li>\n\t\t\t\t\t\t\t\t\t\tEntrevistas individuales, en privado, disponibles bajo demanda, para ayudarte y orientarte.\n\t\t\t\t\t\t\t\t\t<\/li>\n<li>\n\t\t\t\t\t\t\t\t\t\tAcompa\u00f1amiento en tu proyecto, o tu CV, la preparaci\u00f3n de una entrevista o cualquier otra cosa.\n\t\t\t\t\t\t\t\t\t<\/li>\n<\/ul>\n<p>\t\t\t\t\t\t\t\t\t\t\t\t\t\t\t<img decoding=\"async\" width=\"71\" height=\"45\" src=\"https:\/\/liora.io\/app\/uploads\/sites\/7\/2022\/03\/LEARNING-2.png\" alt=\"\" loading=\"lazy\" \/>\t\t\t\t\t\t\t\t\t\t\t\t\t\t\t<\/p>\n<h4>Talleres profesionales<br \/>\n<\/h4>\n<ul>\n<li>\n\t\t\t\t\t\t\t\t\t\t<a href=\"#careerday\">Career Day!<\/a> una jornada de talleres organizada por nuestro equipo sobre el tema de la contrataci\u00f3n.\n\t\t\t\t\t\t\t\t\t<\/li>\n<li>\n\t\t\t\t\t\t\t\t\t\tWebinar semanal de participantes expertos del sector para mantenerte al d\u00eda en la Data.\n\t\t\t\t\t\t\t\t\t<\/li>\n<\/ul>\n<p>\t\t\t\t\t\t\t\t\t\t\t\t\t\t\t<img decoding=\"async\" width=\"71\" height=\"45\" src=\"https:\/\/liora.io\/app\/uploads\/sites\/7\/2022\/03\/LEARNING-2.png\" alt=\"\" loading=\"lazy\" \/>\t\t\t\t\t\t\t\t\t\t\t\t\t\t\t<\/p>\n<h4>Salones de contrataci\u00f3n<br \/>\n<\/h4>\n<ul>\n<li>\n\t\t\t\t\t\t\t\t\t\tCada 4 meses, nuestros alumnos y diplomados se re\u00fanen con nuestras empresas colaboradoras.\n\t\t\t\t\t\t\t\t\t<\/li>\n<li>\n\t\t\t\t\t\t\t\t\t\tTalleres organizados por nuestro equipo: sesiones de fotos, revisi\u00f3n de tu CV y consejos de \u00faltima hora.\n\t\t\t\t\t\t\t\t\t<\/li>\n<\/ul>\n<p>\t\t\t<a href=\"\/es\/cita\" role=\"button\"><br \/>\n\t\t\t\t\t\t\u00a1Me interesa!<br \/>\n\t\t\t\t\t<\/a><\/p>\n<h2><i>\u00bfQu\u00e9 es el<\/i> <b>Career Day?<\/b> ?\u2600\ufe0f<br \/>\n<\/h2>\n<p>\t\t\t\t\t\t\t\t\t\t\t\t\t\t\t<img decoding=\"async\" width=\"104\" height=\"67\" src=\"https:\/\/liora.io\/app\/uploads\/sites\/7\/2022\/02\/C2_CALENDAR-3.png\" alt=\"\" loading=\"lazy\" \/><br \/>\n\t\tUna vez al mes, organizamos una jornada que est\u00e1 dedicada exclusivamente a la orientaci\u00f3n profesional. Abordamos temas importantes como la negociaci\u00f3n salarial, las conversaciones preliminares, el CV y LinkedIn orientados hacia la Data y muchos m\u00e1s temas relacionados con tu carrera.<br \/>\n\t\t\t<a href=\"\/es\/cita\" role=\"button\"><br \/>\n\t\t\t\t\t\t\u00a1Me interesa!<br \/>\n\t\t\t\t\t<\/a><\/p>\n<h2>En el programa:<br \/>\n<\/h2>\n<ul>\n<li>\n\t\t\t\t\t\t\t\t\t\tAbordar de manera inteligente el cambio de carrera\n\t\t\t\t\t\t\t\t\t<\/li>\n<li>\n\t\t\t\t\t\t\t\t\t\tHacer que la b\u00fasqueda profesional sea m\u00e1s eficiente\n\t\t\t\t\t\t\t\t\t<\/li>\n<li>\n\t\t\t\t\t\t\t\t\t\tPreparar bien las entrevistas t\u00e9cnicas\n\t\t\t\t\t\t\t\t\t<\/li>\n<li>\n\t\t\t\t\t\t\t\t\t\tRedactar una carta de motivaci\u00f3n\n\t\t\t\t\t\t\t\t\t<\/li>\n<li>\n\t\t\t\t\t\t\t\t\t\tNegociar bien su salario\n\t\t\t\t\t\t\t\t\t<\/li>\n<li>\n\t\t\t\t\t\t\t\t\t\tAprender a superar el s\u00edndrome del impostor\n\t\t\t\t\t\t\t\t\t<\/li>\n<\/ul>\n<h2><b>Un equipo<\/b>  dedicado <b>a que triunfes<\/b><br \/>\n<\/h2>\n<figure><img decoding=\"async\" width=\"130\" height=\"130\" src=\"https:\/\/liora.io\/app\/uploads\/sites\/7\/2022\/02\/Morgane.png\" alt=\"\" loading=\"lazy\" \/><\/figure>\n<h4><b>Morgane,<\/b><i> Career Manager<\/i><\/h4>\n<p>Tras una primera parte de mi carrera dedicada a la consultor\u00eda, decid\u00ed especializarme en coaching y trabaj\u00e9 como responsable laboral acompa\u00f1ando a m\u00e1s de 350 antiguos alumnos en sus reconversiones laborales. En la actualidad soy responsable del departamento de Career Management de Liora con el mismo objetivo de orientarte y ayudarte de la mejor manera en tu proyecto con ayuda de Mathilde. Estoy deseando empezar a trabajar contigo.<\/p>\n<figure><img decoding=\"async\" width=\"130\" height=\"130\" src=\"https:\/\/liora.io\/app\/uploads\/sites\/7\/2022\/02\/mathilde.png\" alt=\"\" loading=\"lazy\" \/><\/figure>\n<h3><b>Mathilde<\/b> <i> Career Associate<\/i><\/h3>\n<p>Antes de incorporarme a Liora, tuve la oportunidad de trabajar en departamentos de RR. HH. generalistas durante mis estudios en Safran, Ubisoft y M6. Las diferentes funciones que he desempe\u00f1ado han sido muy variadas: contrataci\u00f3n, movilidad internacional, diversidad e inclusi\u00f3n, y formaci\u00f3n. Tras mi titulaci\u00f3n en 2021, me un\u00ed a Morgane en el departamento laboral de Liora para acompa\u00f1ar profesionalmente a los alumnos. \u00a1Estoy deseando conoceros!\n<\/p>\n<p>\t\t\t\t\t\t\t\t\t\t\t\t\t\t\t<img decoding=\"async\" width=\"671\" height=\"336\" src=\"https:\/\/liora.io\/app\/uploads\/sites\/7\/2022\/02\/Grouppays.png\" alt=\"\" loading=\"lazy\" srcset=\"https:\/\/liora.io\/app\/uploads\/sites\/7\/2022\/02\/Grouppays.png 671w, https:\/\/liora.io\/app\/uploads\/sites\/7\/2022\/02\/Grouppays-300x150.png 300w\" sizes=\"(max-width: 671px) 100vw, 671px\" \/>\t\t\t\t\t\t\t\t\t\t\t\t\t\t\t<\/p>\n<h2>Un reconocimiento internacional<br \/>\n<\/h2>\n<p>\t\t\t\t\t\t\t\t\t\t\t\t\t\t\t<img decoding=\"async\" width=\"125\" height=\"113\" src=\"https:\/\/liora.io\/app\/uploads\/sites\/7\/2022\/02\/C2_VOYAGE-1.png\" alt=\"\" loading=\"lazy\" \/>\t\t\t\t\t\t\t\t\t\t\t\t\t\t\t<\/p>\n<ul>\n<li>\n\t\t\t\t\t\t\t<svg xmlns=\"http:\/\/www.w3.org\/2000\/svg\" width=\"27\" height=\"27\" viewBox=\"0 0 27 27\" fill=\"none\"><path d=\"M13.5 0L14.9923 1.68689L16.8573 0.424128L17.8833 2.42915L20.0037 1.66986L20.4988 3.86703L22.7414 3.65892L22.6745 5.91019L24.8984 6.26634L24.2738 8.43025L26.3393 9.32827L25.1961 11.2689L26.9734 12.6523L25.3835 14.2476L26.7609 16.0296L24.8242 17.1795L25.7152 19.248L23.5534 19.8801L23.9019 22.1052L21.6509 22.1798L21.4351 24.4217L19.2362 23.9342L18.4697 26.052L16.4612 25.0329L15.192 26.8935L13.5 25.407L11.808 26.8935L10.5388 25.0329L8.53032 26.052L7.76376 23.9342L5.5649 24.4217L5.3491 22.1798L3.09807 22.1052L3.44659 19.8801L1.28483 19.248L2.17577 17.1795L0.239122 16.0296L1.6165 14.2476L0.026639 12.6523L1.80391 11.2689L0.660737 9.32827L2.72622 8.43025L2.10157 6.26634L4.3255 5.91019L4.25861 3.65892L6.50124 3.86703L6.99633 1.66986L9.11674 2.42915L10.1427 0.424128L12.0077 1.68689L13.5 0Z\" fill=\"#DBA02A\"><\/path><path d=\"M13.5 6.1875L15.1418 11.2403L20.4546 11.2403L16.1564 14.3631L17.7982 19.4159L13.5 16.2931L9.20182 19.4159L10.8436 14.3631L6.5454 11.2403L11.8582 11.2403L13.5 6.1875Z\" fill=\"white\"><\/path><\/svg><br \/>\n\t\t\t\t\t\t\t\t\t\tNuestros cursos ya se han impartido en m\u00e1s de <br \/> 50 grupos del Fortune 500.\n\t\t\t\t\t\t\t\t\t<\/li>\n<li>\n\t\t\t\t\t\t\t<svg xmlns=\"http:\/\/www.w3.org\/2000\/svg\" width=\"27\" height=\"27\" viewBox=\"0 0 27 27\" fill=\"none\"><path d=\"M13.5 0L14.9923 1.68689L16.8573 0.424128L17.8833 2.42915L20.0037 1.66986L20.4988 3.86703L22.7414 3.65892L22.6745 5.91019L24.8984 6.26634L24.2738 8.43025L26.3393 9.32827L25.1961 11.2689L26.9734 12.6523L25.3835 14.2476L26.7609 16.0296L24.8242 17.1795L25.7152 19.248L23.5534 19.8801L23.9019 22.1052L21.6509 22.1798L21.4351 24.4217L19.2362 23.9342L18.4697 26.052L16.4612 25.0329L15.192 26.8935L13.5 25.407L11.808 26.8935L10.5388 25.0329L8.53032 26.052L7.76376 23.9342L5.5649 24.4217L5.3491 22.1798L3.09807 22.1052L3.44659 19.8801L1.28483 19.248L2.17577 17.1795L0.239122 16.0296L1.6165 14.2476L0.026639 12.6523L1.80391 11.2689L0.660737 9.32827L2.72622 8.43025L2.10157 6.26634L4.3255 5.91019L4.25861 3.65892L6.50124 3.86703L6.99633 1.66986L9.11674 2.42915L10.1427 0.424128L12.0077 1.68689L13.5 0Z\" fill=\"#DBA02A\"><\/path><path d=\"M13.5 6.1875L15.1418 11.2403L20.4546 11.2403L16.1564 14.3631L17.7982 19.4159L13.5 16.2931L9.20182 19.4159L10.8436 14.3631L6.5454 11.2403L11.8582 11.2403L13.5 6.1875Z\" fill=\"white\"><\/path><\/svg><br \/>\n\t\t\t\t\t\t\t\t\t\tLiora cuenta con una reputaci\u00f3n que acompa\u00f1a a tus candidaturas en tus b\u00fasquedas de empleo, gracias a cursos aprobados por l\u00edderes internacionales.\n\t\t\t\t\t\t\t\t\t<\/li>\n<li>\n\t\t\t\t\t\t\t<svg xmlns=\"http:\/\/www.w3.org\/2000\/svg\" width=\"27\" height=\"27\" viewBox=\"0 0 27 27\" fill=\"none\"><path d=\"M13.5 0L14.9923 1.68689L16.8573 0.424128L17.8833 2.42915L20.0037 1.66986L20.4988 3.86703L22.7414 3.65892L22.6745 5.91019L24.8984 6.26634L24.2738 8.43025L26.3393 9.32827L25.1961 11.2689L26.9734 12.6523L25.3835 14.2476L26.7609 16.0296L24.8242 17.1795L25.7152 19.248L23.5534 19.8801L23.9019 22.1052L21.6509 22.1798L21.4351 24.4217L19.2362 23.9342L18.4697 26.052L16.4612 25.0329L15.192 26.8935L13.5 25.407L11.808 26.8935L10.5388 25.0329L8.53032 26.052L7.76376 23.9342L5.5649 24.4217L5.3491 22.1798L3.09807 22.1052L3.44659 19.8801L1.28483 19.248L2.17577 17.1795L0.239122 16.0296L1.6165 14.2476L0.026639 12.6523L1.80391 11.2689L0.660737 9.32827L2.72622 8.43025L2.10157 6.26634L4.3255 5.91019L4.25861 3.65892L6.50124 3.86703L6.99633 1.66986L9.11674 2.42915L10.1427 0.424128L12.0077 1.68689L13.5 0Z\" fill=\"#DBA02A\"><\/path><path d=\"M13.5 6.1875L15.1418 11.2403L20.4546 11.2403L16.1564 14.3631L17.7982 19.4159L13.5 16.2931L9.20182 19.4159L10.8436 14.3631L6.5454 11.2403L11.8582 11.2403L13.5 6.1875Z\" fill=\"white\"><\/path><\/svg><br \/>\n\t\t\t\t\t\t\t\t\t\tNuestros cursos han sido seguidos por alumnos de <b>Singapur, Nueva Caledonia, EE. UU., Canad\u00e1, Italia<\/b> y toda <b>Francia<\/b>.\n\t\t\t\t\t\t\t\t\t<\/li>\n<li>\n\t\t\t\t\t\t\t<svg xmlns=\"http:\/\/www.w3.org\/2000\/svg\" width=\"27\" height=\"27\" viewBox=\"0 0 27 27\" fill=\"none\"><path d=\"M13.5 0L14.9923 1.68689L16.8573 0.424128L17.8833 2.42915L20.0037 1.66986L20.4988 3.86703L22.7414 3.65892L22.6745 5.91019L24.8984 6.26634L24.2738 8.43025L26.3393 9.32827L25.1961 11.2689L26.9734 12.6523L25.3835 14.2476L26.7609 16.0296L24.8242 17.1795L25.7152 19.248L23.5534 19.8801L23.9019 22.1052L21.6509 22.1798L21.4351 24.4217L19.2362 23.9342L18.4697 26.052L16.4612 25.0329L15.192 26.8935L13.5 25.407L11.808 26.8935L10.5388 25.0329L8.53032 26.052L7.76376 23.9342L5.5649 24.4217L5.3491 22.1798L3.09807 22.1052L3.44659 19.8801L1.28483 19.248L2.17577 17.1795L0.239122 16.0296L1.6165 14.2476L0.026639 12.6523L1.80391 11.2689L0.660737 9.32827L2.72622 8.43025L2.10157 6.26634L4.3255 5.91019L4.25861 3.65892L6.50124 3.86703L6.99633 1.66986L9.11674 2.42915L10.1427 0.424128L12.0077 1.68689L13.5 0Z\" fill=\"#DBA02A\"><\/path><path d=\"M13.5 6.1875L15.1418 11.2403L20.4546 11.2403L16.1564 14.3631L17.7982 19.4159L13.5 16.2931L9.20182 19.4159L10.8436 14.3631L6.5454 11.2403L11.8582 11.2403L13.5 6.1875Z\" fill=\"white\"><\/path><\/svg><br \/>\n\t\t\t\t\t\t\t\t\t\tLos cursos en diferido est\u00e1n disponibles en ingl\u00e9s, por lo que se convierten en la combinaci\u00f3n perfecta entre calidad francesa y proyecci\u00f3n internacional.\n\t\t\t\t\t\t\t\t\t<\/li>\n<\/ul>\n<p>\t\t\t<a href=\"\/es\/cita\" role=\"button\"><br \/>\n\t\t\t\t\t\t\u00a1Me interesa!<br \/>\n\t\t\t\t\t<\/a><\/p>\n<h2><b>Una comunidad de<\/b> 3000 antiguos alumnos<br \/>\n<\/h2>\n<p>Para mantener el contacto y permitir que los antiguos alumnos se comuniquen entre ellos, Liora ha puesto en marcha la comunidad DatAlumni, un grupo que comparte y debate sobre temas variados en torno a la Data Science. Te invitaremos a unirte a ella al principio de tu formaci\u00f3n.<\/p>\n<p>En la comunidad encontrar\u00e1s: <strong>seguimiento de la tecnolog\u00eda, oportunidades laborales, networking, evento (afterworks, salones, data challenges, etc.).\u00a0<\/strong><\/p>\n<p>\t\t\t<a href=\"https:\/\/www.youtube.com\/watch?v=oBXI55nx9B8&#038;list=PLbH8UGHWFlsRuWSeaufuPa7glEH4e9ILJ\" role=\"button\"><br \/>\n\t\t\t\t\t\tDescubrir los v\u00eddeos de nuestros antiguos alumnos<br \/>\n\t\t\t\t\t<\/a><\/p>\n<h3>Nuestros antiguos alumnos comparten su experiencia:<\/h3>\n<p>\t\t\t<a href=\"https:\/\/www.youtube.com\/watch?v=oBXI55nx9B8&#038;list=PLbH8UGHWFlsRuWSeaufuPa7glEH4e9ILJ\" role=\"button\"><br \/>\n\t\t\t\t<svg aria-hidden=\"true\" viewBox=\"0 0 448 512\" xmlns=\"http:\/\/www.w3.org\/2000\/svg\"><path d=\"M313.941 216H12c-6.627 0-12 5.373-12 12v56c0 6.627 5.373 12 12 12h301.941v46.059c0 21.382 25.851 32.09 40.971 16.971l86.059-86.059c9.373-9.373 9.373-24.569 0-33.941l-86.059-86.059c-15.119-15.119-40.971-4.411-40.971 16.971V216z\"><\/path><\/svg><br \/>\n\t\t\t\t\t\tDescubrir todos los v\u00eddeos<br \/>\n\t\t\t\t\t<\/a><br \/>\n\t\thttps:\/\/youtu.be\/oBXI55nx9B8https:\/\/youtu.be\/qTsJopsAP6Qhttps:\/\/youtu.be\/Q4Q0Is0osZc<br \/>\n\t\t\t<a href=\"https:\/\/www.youtube.com\/watch?v=oBXI55nx9B8&#038;list=PLbH8UGHWFlsRuWSeaufuPa7glEH4e9ILJ\" role=\"button\"><br \/>\n\t\t\t\t<svg aria-hidden=\"true\" viewBox=\"0 0 448 512\" xmlns=\"http:\/\/www.w3.org\/2000\/svg\"><path d=\"M313.941 216H12c-6.627 0-12 5.373-12 12v56c0 6.627 5.373 12 12 12h301.941v46.059c0 21.382 25.851 32.09 40.971 16.971l86.059-86.059c9.373-9.373 9.373-24.569 0-33.941l-86.059-86.059c-15.119-15.119-40.971-4.411-40.971 16.971V216z\"><\/path><\/svg><br \/>\n\t\t\t\t\t\tDescubrir todos los v\u00eddeos<br \/>\n\t\t\t\t\t<\/a><\/p>\n<h2>6 socios acad\u00e9micos<br \/>\n<\/h2>\n<p>\t\tLiora tambi\u00e9n son muchos socios acad\u00e9micos. Los m\u00e1steres de Data Science de varias escuelas de comercio y de ingenieros tambi\u00e9n utilizan nuestra plataforma.<\/p>\n<ul>\n<li id=\"\" aria-selected=\"true\" data-tab=\"1\" role=\"tab\" tabindex=\"0\" aria-controls=\"-tab\" aria-expanded=\"false\">\n                                                                <img decoding=\"async\" src=\"https:\/\/liora.io\/app\/uploads\/sites\/7\/2022\/02\/Property-1Mines-l-PSL.png\" alt=\"\">\n                                                    <\/li>\n<li id=\"\" aria-selected=\"false\" data-tab=\"2\" role=\"tab\" tabindex=\"-1\" aria-controls=\"-tab\" aria-expanded=\"false\">\n                                                                <img decoding=\"async\" src=\"https:\/\/liora.io\/app\/uploads\/sites\/7\/2022\/02\/Property-1Sorbonne.png\" alt=\"Sorbonne X Liora\">\n                                                    <\/li>\n<li id=\"\" aria-selected=\"false\" data-tab=\"3\" role=\"tab\" tabindex=\"-1\" aria-controls=\"-tab\" aria-expanded=\"false\">\n                                                                <img decoding=\"async\" src=\"https:\/\/liora.io\/app\/uploads\/sites\/7\/2022\/02\/Property-1IRM.png\" alt=\"\">\n                                                    <\/li>\n<li id=\"\" aria-selected=\"false\" data-tab=\"4\" role=\"tab\" tabindex=\"-1\" aria-controls=\"-tab\" aria-expanded=\"false\">\n                                                                <img decoding=\"async\" src=\"https:\/\/liora.io\/app\/uploads\/sites\/7\/2022\/02\/Property-1HEC-1.png\" alt=\"\">\n                                                    <\/li>\n<li id=\"\" aria-selected=\"false\" data-tab=\"5\" role=\"tab\" tabindex=\"-1\" aria-controls=\"-tab\" aria-expanded=\"false\">\n                                                                <img decoding=\"async\" src=\"https:\/\/liora.io\/app\/uploads\/sites\/7\/2022\/02\/Property-1Ipag.png\" alt=\"\">\n                                                    <\/li>\n<li id=\"\" aria-selected=\"false\" data-tab=\"6\" role=\"tab\" tabindex=\"-1\" aria-controls=\"-tab\" aria-expanded=\"false\">\n                                                                <img decoding=\"async\" src=\"https:\/\/liora.io\/app\/uploads\/sites\/7\/2022\/02\/Property-1ESSEC.png\" alt=\"\">\n                                                    <\/li>\n<\/ul>\n<h4><strong>Mines ParisTech l PSL Education<\/strong><\/h4>\n<p>Para responder a las necesidades de competencias en los \u00e1mbitos de la Data Science y garantizar su reconocimiento, Liora y MINES ParisTech | PSL Executive Education anuncian el lanzamiento de una colaboraci\u00f3n estrat\u00e9gica.<\/p>\n<p>En efecto, a partir del 1 de septiembre de 2021, los itinerarios de formaci\u00f3n dedicados a los perfiles profesionales de Data Scientist y Data Engineer propuestos en formaci\u00f3n continua 100 % a distancia por parte de Liora permitir\u00e1n obtener un Certificado expedido por MINES ParisTech | PSL Executive Education.\u00a0<\/p>\n<p><img decoding=\"async\" src=\"https:\/\/liora.io\/app\/uploads\/sites\/7\/2022\/02\/Property-1Mines-l-PSL.png\" \/>\t\t\t\t                            <\/p>\n<h4><strong>La Sorbona<\/strong><\/h4>\n<p>Heredera de la Sorbona creada en 1253, la Universidad de Par\u00eds la Sorbonne es una universidad de excelencia que tiene sus centros administrativos y sus principales locales de ense\u00f1anza en la Sorbona y en la plaza del Pante\u00f3n, en el centro del barrio latino de Par\u00eds.\u00a0<\/p>\n<p>Desde hace 3 a\u00f1os, Liora y la Universidad de Par\u00eds la Sorbonne han celebrado una colaboraci\u00f3n \u00fanica en el marco del Master of Science MoSEF (Modelizaciones estad\u00edsticas, econ\u00f3micas y financieras).<\/p>\n<p><img decoding=\"async\" src=\"https:\/\/liora.io\/app\/uploads\/sites\/7\/2022\/02\/Property-1Sorbonne.png\" alt=\"\" \/>\t\t\t\t                            <\/p>\n<h4><strong>Institut du Risk Management<\/strong><\/h4>\n<p>Desde hace m\u00e1s de un a\u00f1o, el Institut du Risk Management colabora estrechamente con Liora en la elaboraci\u00f3n de una formaci\u00f3n en Data Science que responde a la perfecci\u00f3n a las necesidades actuariales. Este curso est\u00e1 previsto para ampliarse en los pr\u00f3ximos meses. \u00a1Os mantendremos informados sin falta!<br \/>\n<img decoding=\"async\" src=\"https:\/\/liora.io\/app\/uploads\/sites\/7\/2022\/02\/Property-1IRM.png\" alt=\"\" \/><\/p>\n<h4><strong>HEC Data Minds<\/strong><\/h4>\n<p>En noviembre de 2020, Liora decidi\u00f3 ofrecer un acceso a sus formaciones a los alumnos de HEC a trav\u00e9s de la colaboraci\u00f3n de la asociaci\u00f3n HEC DataMinds. 20 alumnos pudieron disfrutar de un curso de introducci\u00f3n a Python de 20 h as\u00ed como de un m\u00f3dulo de estad\u00edstica exploratoria de 5 h. Esa alianza es el principio de una colaboraci\u00f3n de varios a\u00f1os con HEC Data Minds.\u00a0<\/p>\n<p><img decoding=\"async\" src=\"https:\/\/liora.io\/app\/uploads\/sites\/7\/2022\/02\/Property-1HEC-1.png\" alt=\"\" \/>\t\t\t\t                            <\/p>\n<h4><strong>IPAG Business School<\/strong><\/h4>\n<p>La \u200b\u200bIPAG Business School decidi\u00f3 lanzar su Master MSc de Data Management &amp; Business Intelligence y MSc Digital Marketing &amp; Data Analysis en colaboraci\u00f3n con Liora. Acompa\u00f1amos a IPAG Business School en el desarrollo t\u00e9cnico de la formaci\u00f3n.<br \/>\n<img decoding=\"async\" src=\"https:\/\/liora.io\/app\/uploads\/sites\/7\/2022\/02\/Property-1Ipag.png\" alt=\"\" \/><\/p>\n<h4><strong>ESSEC Business School<\/strong><\/h4>\n<p>Convencidos de que la igualdad de oportunidades pasa por una formaci\u00f3n en un oficio de futuro, hemos lanzado una promoci\u00f3n de Liora.com en colaboraci\u00f3n con el centro de igualdad de oportunidades de la ESSEC Business School. 20 alumnos procedentes del programa de mentores Cap ESSEC, as\u00ed como tutores de los programas Association PQPM \u2013 Une Grande Ecole: Pourquoi pas moi?- y Phares -Par-del\u00e0 le Handicap, Avancer et R\u00e9ussir des Etudes Sup\u00e9rieures- han seguido un bootcamp de introducci\u00f3n a Python del 15 de marzo al 15 de abril de 2021<br \/>\n<img decoding=\"async\" src=\"https:\/\/liora.io\/app\/uploads\/sites\/7\/2022\/02\/Property-1ESSEC.png\" alt=\"\" \/><\/p>\n","protected":false},"excerpt":{"rendered":"<p>ORIENTACI\u00d3N LABORAL En Liora, no nos detenemos en tu formaci\u00f3n. Te acompa\u00f1amos a lo largo de tu nuevo itinerario en la data. Descubre c\u00f3mo El acompa\u00f1amiento a medida de Liora En Liora, te acompa\u00f1amos en tu b\u00fasqueda de empleo poniendo a tu disposici\u00f3n una variedad de eventos y de herramientas: Talleres de CV\/LinkedIn 1 h [&hellip;]<\/p>\n","protected":false},"author":45,"featured_media":0,"parent":0,"menu_order":0,"comment_status":"closed","ping_status":"closed","template":"","meta":{"_acf_changed":false,"editor_notices":[],"footnotes":""},"class_list":["post-46520","page","type-page","status-publish","hentry"],"acf":[],"_links":{"self":[{"href":"https:\/\/liora.io\/es\/wp-json\/wp\/v2\/pages\/46520","targetHints":{"allow":["GET"]}}],"collection":[{"href":"https:\/\/liora.io\/es\/wp-json\/wp\/v2\/pages"}],"about":[{"href":"https:\/\/liora.io\/es\/wp-json\/wp\/v2\/types\/page"}],"author":[{"embeddable":true,"href":"https:\/\/liora.io\/es\/wp-json\/wp\/v2\/users\/45"}],"replies":[{"embeddable":true,"href":"https:\/\/liora.io\/es\/wp-json\/wp\/v2\/comments?post=46520"}],"version-history":[{"count":0,"href":"https:\/\/liora.io\/es\/wp-json\/wp\/v2\/pages\/46520\/revisions"}],"wp:attachment":[{"href":"https:\/\/liora.io\/es\/wp-json\/wp\/v2\/media?parent=46520"}],"curies":[{"name":"wp","href":"https:\/\/api.w.org\/{rel}","templated":true}]}}