{"id":182976,"date":"2026-01-30T11:39:46","date_gmt":"2026-01-30T10:39:46","guid":{"rendered":"https:\/\/liora.io\/es\/?page_id=182976"},"modified":"2026-01-30T11:39:46","modified_gmt":"2026-01-30T10:39:46","slug":"newsletter","status":"publish","type":"page","link":"https:\/\/liora.io\/es\/newsletter","title":{"rendered":"[Liora] Newsletter"},"content":{"rendered":"\n<div class=\"wp-block-group alignfull wp-pattern-thank-you wp-pattern-thank-you--1 has-primary-blue-background-color has-background has-global-padding is-layout-constrained wp-block-group-is-layout-constrained\">\n<div class=\"wp-block-group wp-pattern-thank-you__inner has-global-padding is-layout-constrained wp-block-group-is-layout-constrained\" style=\"padding-top:var(--wp--preset--spacing--columns);padding-bottom:var(--wp--preset--spacing--columns)\">\n<div class=\"wp-block-group is-vertical is-content-justification-center is-layout-flex wp-container-core-group-is-layout-ce155fab wp-block-group-is-layout-flex\">\n<h2 class=\"wp-block-heading has-white-color has-text-color has-link-color wp-elements-7539e6c4630659e7fa3eff42979fc787\" id=\"h-suscribete-a-nuestro-boletin\"><strong>Suscr\u00edbete a nuestro bolet\u00edn<\/strong><\/h2>\n\n\n\n<p class=\"has-text-align-center wp-pattern-thank-you__description has-white-color has-text-color has-link-color wp-elements-30a4760eec87a64a7fdaf6c4cef7043d\">Suscr\u00edbete a nuestro bolet\u00edn para recibir noticias, actualizaciones y ofertas exclusivas. No te pierdas nuestras promociones, consejos y nuevos productos. \u00a1Reg\u00edstrate hoy y disfruta de beneficios exclusivos para suscriptores!<\/p>\n<\/div>\n\n\n\n<script charset=\"utf-8\" type=\"text\/javascript\" src=\"\/\/js.hsforms.net\/forms\/embed\/v2.js\"><\/script>\n<script>\n  hbspt.forms.create({\n    portalId: \"19831339\",\n    formId: \"da128544-6cfb-4788-ab95-d9ebbbc7bfcc\",\n    region: \"na1\"\n  });\n<\/script>\n<\/div>\n<\/div>\n","protected":false},"excerpt":{"rendered":"<p>Suscr\u00edbete a nuestro bolet\u00edn Suscr\u00edbete a nuestro bolet\u00edn para recibir noticias, actualizaciones y ofertas exclusivas. No te pierdas nuestras promociones, consejos y nuevos productos. \u00a1Reg\u00edstrate hoy y disfruta de beneficios exclusivos para suscriptores!<\/p>\n","protected":false},"author":55,"featured_media":0,"parent":0,"menu_order":0,"comment_status":"closed","ping_status":"closed","template":"page-without-title-with-blue-header","meta":{"_acf_changed":false,"editor_notices":[],"footnotes":""},"class_list":["post-182976","page","type-page","status-publish","hentry"],"acf":[],"_links":{"self":[{"href":"https:\/\/liora.io\/es\/wp-json\/wp\/v2\/pages\/182976","targetHints":{"allow":["GET"]}}],"collection":[{"href":"https:\/\/liora.io\/es\/wp-json\/wp\/v2\/pages"}],"about":[{"href":"https:\/\/liora.io\/es\/wp-json\/wp\/v2\/types\/page"}],"author":[{"embeddable":true,"href":"https:\/\/liora.io\/es\/wp-json\/wp\/v2\/users\/55"}],"replies":[{"embeddable":true,"href":"https:\/\/liora.io\/es\/wp-json\/wp\/v2\/comments?post=182976"}],"version-history":[{"count":2,"href":"https:\/\/liora.io\/es\/wp-json\/wp\/v2\/pages\/182976\/revisions"}],"predecessor-version":[{"id":182979,"href":"https:\/\/liora.io\/es\/wp-json\/wp\/v2\/pages\/182976\/revisions\/182979"}],"wp:attachment":[{"href":"https:\/\/liora.io\/es\/wp-json\/wp\/v2\/media?parent=182976"}],"curies":[{"name":"wp","href":"https:\/\/api.w.org\/{rel}","templated":true}]}}