{"id":168040,"date":"2023-11-21T16:51:39","date_gmt":"2023-11-21T15:51:39","guid":{"rendered":"https:\/\/liora.io\/es\/?page_id=168040"},"modified":"2023-12-21T10:03:31","modified_gmt":"2023-12-21T09:03:31","slug":"proceso-de-inscripcion","status":"publish","type":"page","link":"https:\/\/liora.io\/es\/proceso-de-inscripcion","title":{"rendered":"Proceso de inscripci\u00f3n"},"content":{"rendered":"<h1>Nuestro proceso de inscripci\u00f3n<\/h1>\n<p>Estamos comprometidos a brindarte la mejor educaci\u00f3n en ciencia de datos a trav\u00e9s de cursos dise\u00f1ados especialmente para impulsar tu carrera.<\/p>\n<p>Inscribirte es muy sencillo y claro. Solo tienes que completar nuestro formulario en l\u00ednea y seguir los sencillos pasos que te indicaremos.<\/p>\n<h2>\u00a1Comienza la aventura Liora!<\/h2>\n<h2>Descubre c\u00f3mo aplicar a nuestros cursos :<\/h2>\n<p>\t\t\t\t\t\t\t\t\t\t\t\t\t\t\t<img decoding=\"async\" width=\"176\" height=\"176\" src=\"https:\/\/liora.io\/app\/uploads\/sites\/7\/2023\/12\/dataviz_3-1.png\" alt=\"\" loading=\"lazy\" srcset=\"https:\/\/liora.io\/app\/uploads\/sites\/7\/2023\/12\/dataviz_3-1.png 176w, https:\/\/liora.io\/app\/uploads\/sites\/7\/2023\/12\/dataviz_3-1-150x150.png 150w\" sizes=\"(max-width: 176px) 100vw, 176px\" \/>\t\t\t\t\t\t\t\t\t\t\t\t\t\t\t<\/p>\n<h2>Paso 1   Prueba de Conocimientos (\u00a1Totalmente Gratis!)\u00a0<\/h2>\n<p>Una vez hayas enviado tu formulario de inscripci\u00f3n, recibir\u00e1s acceso gratuito a una prueba de conocimientos. Esta prueba evaluar\u00e1 tus habilidades y conocimientos previos en ciencia de datos. No tienes que preocuparte por los costos, \u00a1es completamente gratis! Los resultados de esta prueba nos permitir\u00e1n comprender tus necesidades y saber si est\u00e1s apto para completar satisfactoriamente tu formaci\u00f3n.\u00a0<\/p>\n<p>\t\t\t\t\t\t\t\t\t\t\t\t\t\t\t<img decoding=\"async\" width=\"250\" height=\"250\" src=\"https:\/\/liora.io\/app\/uploads\/sites\/7\/2023\/11\/Professionnal.png\" alt=\"\" loading=\"lazy\" srcset=\"https:\/\/liora.io\/app\/uploads\/sites\/7\/2023\/11\/Professionnal.png 250w, https:\/\/liora.io\/app\/uploads\/sites\/7\/2023\/11\/Professionnal-150x150.png 150w\" sizes=\"(max-width: 250px) 100vw, 250px\" \/>\t\t\t\t\t\t\t\t\t\t\t\t\t\t\t<\/p>\n<h2>Paso 2    Cita con un Consejero\u00a0<\/h2>\n<p>Una vez que hayas superado con \u00e9xito la prueba y hayamos evaluado tus resultados, te ofreceremos la oportunidad de programar una cita con uno de nuestros consejeros acad\u00e9micos. Durante esta reuni\u00f3n, nuestro consejero altamente capacitado te brindar\u00e1 asesoramiento personalizado para identificar la opci\u00f3n de financiaci\u00f3n que mejor se adecue a tu situaci\u00f3n actual.<\/p>\n<p>https:\/\/www.youtube.com\/watch?v=btyTwkQ6aHI\t\t<\/p>\n<h3>Nuestros cursos seg\u00fan nuestros alumni @Liora<\/h3>\n<p>Patricia, alumni del curso Data Scientist en bootcamp, te cuenta en v\u00eddeo c\u00f3mo los Datos intervienen en su d\u00eda a d\u00eda!<br \/>Habiendo completado el curso en formato bootcamp, te cuenta todo sobre su experiencia en Liora y lo que apreci\u00f3 durante la formaci\u00f3n.<\/p>\n<p>\u00bfTe interesan nuestros cursos? Aplica ahora y empieza una nueva carrera en los datos.<\/p>\n<p>\t\t\t<a href=\"\/es\/cita\"><br \/>\n\t\t\t\t\t\tAplicar<br \/>\n\t\t\t\t\t<\/a><\/p>\n<h2>Nuestras criticas<\/h2>\n<p>\t\t\t\t\t\t\u00abMe encant\u00f3 especialmente el caso del hilo conductor en el que trabajamos porque te permite aplicar inmediatamente lo que aprendes. Tambi\u00e9n me permiti\u00f3 aprender a trabajar en grupo y a impulsarme porque constantemente ten\u00edamos que estar al nivel para poder evolucionar juntos.\u00bb<br \/>\n\t\t\t\t\t\t\t\t<cite>Igor Dreher Inspector General<\/cite><br \/>\nEl contenido es de primera categor\u00eda y los profesores siempre nos escuchan ante el menor problema. Lo que me gust\u00f3 sobre todo es el proyecto de hilo rojo que se sumerge directamente en el hormig\u00f3n y que inmediatamente nos da una peque\u00f1a idea de lo que esperamos de un cient\u00edfico de datos (en mi caso). \u00a1Te lo recomiendo mucho!<br \/>\n\t\t\t\t\t\t\t\t<cite>NajaIngeniero de cadena de suministro<\/cite><br \/>\n\t\t\t\t\t\t\u00a1Gran entrenamiento! Una plataforma interactiva, las partes interesadas siempre disponibles, \u00a1un aumento eficiente en las habilidades de ciencia de datos! \u00a1Python, R, matplotlib y otras herramientas no tienen secretos para m\u00ed! \u00a1Recomiendo esta capacitaci\u00f3n para desarrollar habilidades de manera efectiva y eficiente!<br \/>\n\t\t\t\t\t\t\t\t<cite>Martin GuertainDesarrollador DataViz<\/cite><br \/>\n\t\t\t\t\t\t\t<svg aria-hidden=\"true\" viewBox=\"0 0 1000 1000\" xmlns=\"http:\/\/www.w3.org\/2000\/svg\"><path d=\"M646 125C629 125 613 133 604 142L308 442C296 454 292 471 292 487 292 504 296 521 308 533L604 854C617 867 629 875 646 875 663 875 679 871 692 858 704 846 713 829 713 812 713 796 708 779 692 767L438 487 692 225C700 217 708 204 708 187 708 171 704 154 692 142 675 129 663 125 646 125Z\"><\/path><\/svg>\t\t\t\t\t\t\tAnterior<br \/>\n\t\t\t\t\t\t\t<svg aria-hidden=\"true\" viewBox=\"0 0 1000 1000\" xmlns=\"http:\/\/www.w3.org\/2000\/svg\"><path d=\"M696 533C708 521 713 504 713 487 713 471 708 454 696 446L400 146C388 133 375 125 354 125 338 125 325 129 313 142 300 154 292 171 292 187 292 204 296 221 308 233L563 492 304 771C292 783 288 800 288 817 288 833 296 850 308 863 321 871 338 875 354 875 371 875 388 867 400 854L696 533Z\"><\/path><\/svg>\t\t\t\t\t\t\tSiguiente<br \/>\n\t\t\t<a href=\"https:\/\/www.google.com\/search?q=Liora+avis&#038;oq=Liora+avis&#038;gs_lcrp=EgZjaHJvbWUqBwgAEAAYgAQyBwgAEAAYgAQyBwgBEAAYgAQyBwgCEAAYgAQyDQgDEC4YrwEYxwEYgAQyBwgEEAAYgAQyCAgFEAAYFhgeMgYIBhBFGDwyBggHEEUYPNIBCDM3NzRqMGo3qAIAsAIA&#038;sourceid=chrome&#038;ie=UTF-8#lrd=0x47e665572fbaaaab:0x36109255b968768e,1,,,,\"><br \/>\n\t\t\t\t\t\tTodas la criticas<br \/>\n\t\t\t\t\t<\/a><\/p>\n<h2>\u00bfLe interesa?<\/h2>\n<h2>Nuestro equipo puede ayudarle a construir la trayectoria profesional m\u00e1s adecuada para usted.<\/h2>\n<p>\t\t\t<a href=\"\/es\/cita\"><br \/>\n\t\t\t\t\t\tAplicar<br \/>\n\t\t\t\t\t<\/a><\/p>\n","protected":false},"excerpt":{"rendered":"<p>Nuestro proceso de inscripci\u00f3n Estamos comprometidos a brindarte la mejor educaci\u00f3n en ciencia de datos a trav\u00e9s de cursos dise\u00f1ados especialmente para impulsar tu carrera. Inscribirte es muy sencillo y claro. Solo tienes que completar nuestro formulario en l\u00ednea y seguir los sencillos pasos que te indicaremos. \u00a1Comienza la aventura Liora! Descubre c\u00f3mo aplicar a [&hellip;]<\/p>\n","protected":false},"author":50,"featured_media":0,"parent":0,"menu_order":0,"comment_status":"closed","ping_status":"closed","template":"","meta":{"_acf_changed":false,"editor_notices":[],"footnotes":""},"class_list":["post-168040","page","type-page","status-publish","hentry"],"acf":[],"_links":{"self":[{"href":"https:\/\/liora.io\/es\/wp-json\/wp\/v2\/pages\/168040","targetHints":{"allow":["GET"]}}],"collection":[{"href":"https:\/\/liora.io\/es\/wp-json\/wp\/v2\/pages"}],"about":[{"href":"https:\/\/liora.io\/es\/wp-json\/wp\/v2\/types\/page"}],"author":[{"embeddable":true,"href":"https:\/\/liora.io\/es\/wp-json\/wp\/v2\/users\/50"}],"replies":[{"embeddable":true,"href":"https:\/\/liora.io\/es\/wp-json\/wp\/v2\/comments?post=168040"}],"version-history":[{"count":0,"href":"https:\/\/liora.io\/es\/wp-json\/wp\/v2\/pages\/168040\/revisions"}],"wp:attachment":[{"href":"https:\/\/liora.io\/es\/wp-json\/wp\/v2\/media?parent=168040"}],"curies":[{"name":"wp","href":"https:\/\/api.w.org\/{rel}","templated":true}]}}