{"id":15048,"date":"2020-10-29T16:15:48","date_gmt":"2020-10-29T16:15:48","guid":{"rendered":"https:\/\/multi.liora.io\/es\/?page_id=15048"},"modified":"2021-05-26T09:59:57","modified_gmt":"2021-05-26T08:59:57","slug":"programmation-python","status":"publish","type":"page","link":"https:\/\/liora.io\/es\/blog-es\/programmation-python","title":{"rendered":"Programmation Python"},"content":{"rendered":"<h1>Programmation Python<\/h1>\n<p>\t\t\t\t\t\t\t\t\t\t\t\t<a href=\"\">La programmation Python est l\u2019utilisation du langage de programmation Python. Il s\u2019agit d\u2019un langage g\u00e9n\u00e9raliste, particuli\u00e8rement performant. <strong>Lire plus ><\/strong><\/a><\/p>\n<p>La programmation Python est l\u2019utilisation du langage de programmation Python. Il s\u2019agit d\u2019un langage g\u00e9n\u00e9raliste, particuli\u00e8rement performant.<\/p>\n<p>Ce langage pr\u00e9sente la particularit\u00e9 d\u2019\u00eatre gratuit et open source, ce qui veut dire qu\u2019il peut \u00eatre utilis\u00e9 et modifi\u00e9 librement. Il s\u2019agit aussi d\u2019un langage relativement facile \u00e0 apprendre m\u00eame pour les d\u00e9butants, de par sa syntaxe tr\u00e8s simple et proche de l\u2019anglais.<\/p>\n<p>Les programmes Python sont tr\u00e8s faciles \u00e0 lire et \u00e0 \u00e9crire en comparaison avec d\u2019autres langages comme C++, Java et C#. Ces programmes requi\u00e8rent g\u00e9n\u00e9ralement moins de lignes de code que ceux r\u00e9dig\u00e9s dans d\u2019autres langages. C\u2019est un grand avantage, contribuant fortement \u00e0 sa popularit\u00e9.<\/p>\n<p>En outre, Python est un langage \u201dportable\u201d puisqu\u2019il est possible de transf\u00e9rer les programmes d\u2019une plateforme \u00e0 l\u2019autre (Windows, macOS, Linux, Raspberry Pi\u2026). Il est ensuite possible de les ex\u00e9cuter sans y apporter de modifications.<\/p>\n<p>La programmation Python est notamment utilis\u00e9e pour la Data Science et le Big Data, le d\u00e9veloppement web, le d\u00e9veloppement d\u2019applications mobiles, la cr\u00e9ation de prototypes de logiciels, les math\u00e9matiques et bien plus encore. Dans le domaine de la science des donn\u00e9es, il s\u2019agit du langage le plus utilis\u00e9 devant d\u2019autres langages R et Julia.<\/p>\n<p>Il est judicieux d\u2019apprendre Python. Non seulement ce langage est facile \u00e0 apprendre, mais il est utilis\u00e9 pour une large vari\u00e9t\u00e9 d\u2019applications. Sa popularit\u00e9 est en plein essor, et vous pourrez donc facilement trouver du travail en ma\u00eetrisant cet outil. Il compte aujourd\u2019hui parmi les langages de programmation les plus populaires et les plus recherch\u00e9s en entreprise.<\/p>\n","protected":false},"excerpt":{"rendered":"<p>Programmation Python La programmation Python est l\u2019utilisation du langage de programmation Python. Il s\u2019agit d\u2019un langage g\u00e9n\u00e9raliste, particuli\u00e8rement performant. Lire plus > La programmation Python est l\u2019utilisation du langage de programmation Python. Il s\u2019agit d\u2019un langage g\u00e9n\u00e9raliste, particuli\u00e8rement performant. Ce langage pr\u00e9sente la particularit\u00e9 d\u2019\u00eatre gratuit et open source, ce qui veut dire qu\u2019il peut [&hellip;]<\/p>\n","protected":false},"author":45,"featured_media":0,"parent":14865,"menu_order":0,"comment_status":"closed","ping_status":"closed","template":"","meta":{"_acf_changed":false,"editor_notices":[],"footnotes":""},"class_list":["post-15048","page","type-page","status-publish","hentry"],"acf":[],"_links":{"self":[{"href":"https:\/\/liora.io\/es\/wp-json\/wp\/v2\/pages\/15048","targetHints":{"allow":["GET"]}}],"collection":[{"href":"https:\/\/liora.io\/es\/wp-json\/wp\/v2\/pages"}],"about":[{"href":"https:\/\/liora.io\/es\/wp-json\/wp\/v2\/types\/page"}],"author":[{"embeddable":true,"href":"https:\/\/liora.io\/es\/wp-json\/wp\/v2\/users\/45"}],"replies":[{"embeddable":true,"href":"https:\/\/liora.io\/es\/wp-json\/wp\/v2\/comments?post=15048"}],"version-history":[{"count":0,"href":"https:\/\/liora.io\/es\/wp-json\/wp\/v2\/pages\/15048\/revisions"}],"up":[{"embeddable":true,"href":"https:\/\/liora.io\/es\/wp-json\/wp\/v2\/pages\/14865"}],"wp:attachment":[{"href":"https:\/\/liora.io\/es\/wp-json\/wp\/v2\/media?parent=15048"}],"curies":[{"name":"wp","href":"https:\/\/api.w.org\/{rel}","templated":true}]}}