{"id":14865,"date":"2020-10-29T16:05:30","date_gmt":"2020-10-29T16:05:30","guid":{"rendered":"https:\/\/multi.liora.io\/es\/?page_id=14865"},"modified":"2024-06-14T09:08:53","modified_gmt":"2024-06-14T08:08:53","slug":"blog-es","status":"publish","type":"page","link":"https:\/\/liora.io\/es\/blog-es","title":{"rendered":"Blog"},"content":{"rendered":"<h2>\u00bfQuieres recibir nuestro newsletter semanal sobre Data? ?<\/h2>\n<p>\t\t\t<a href=\"#formnewsletter\"><br \/>\n\t\t\t\t\t\tS\u00ed, me suscribo<br \/>\n\t\t\t\t\t<\/a><br \/>\n\t\t[ivory-search id=\u00bb15238&#8243; title=\u00bbDefault Search Form\u00bb]\t\t<\/p>\n<ul>\n<li>\n\t\t\t\t\t\t<a href=\"javascript:;\" data-filter=\"*\"><br \/>\n\t\t\t\t\t\t\tTodos\t\t\t\t\t\t<\/a>\n\t\t\t\t\t<\/li>\n<li>\n\t\t\t\t\t\t\t<a href=\"javascript:;\" data-filter=\"business-intelligence\"><br \/>\n\t\t\t\t\t\t\t\tBusiness Intelligence\t\t\t\t\t\t\t<\/a>\n\t\t\t\t\t\t<\/li>\n<li>\n\t\t\t\t\t\t\t<a href=\"javascript:;\" data-filter=\"career\"><br \/>\n\t\t\t\t\t\t\t\tCarrera\t\t\t\t\t\t\t<\/a>\n\t\t\t\t\t\t<\/li>\n<li>\n\t\t\t\t\t\t\t<a href=\"javascript:;\" data-filter=\"cloud\"><br \/>\n\t\t\t\t\t\t\t\tCloud &amp; Data Engineering\t\t\t\t\t\t\t<\/a>\n\t\t\t\t\t\t<\/li>\n<li>\n\t\t\t\t\t\t\t<a href=\"javascript:;\" data-filter=\"data-science\"><br \/>\n\t\t\t\t\t\t\t\tData Science\t\t\t\t\t\t\t<\/a>\n\t\t\t\t\t\t<\/li>\n<li>\n\t\t\t\t\t\t\t<a href=\"javascript:;\" data-filter=\"dev\"><br \/>\n\t\t\t\t\t\t\t\tDev\t\t\t\t\t\t\t<\/a>\n\t\t\t\t\t\t<\/li>\n<li>\n\t\t\t\t\t\t\t<a href=\"javascript:;\" data-filter=\"engineering\"><br \/>\n\t\t\t\t\t\t\t\tEngineering\t\t\t\t\t\t\t<\/a>\n\t\t\t\t\t\t<\/li>\n<li>\n\t\t\t\t\t\t\t<a href=\"javascript:;\" data-filter=\"fundamentals\"><br \/>\n\t\t\t\t\t\t\t\tFundamentos\t\t\t\t\t\t\t<\/a>\n\t\t\t\t\t\t<\/li>\n<li>\n\t\t\t\t\t\t\t<a href=\"javascript:;\" data-filter=\"artificial-intelligence\"><br \/>\n\t\t\t\t\t\t\t\tInteligencia Artificial\t\t\t\t\t\t\t<\/a>\n\t\t\t\t\t\t<\/li>\n<li>\n\t\t\t\t\t\t\t<a href=\"javascript:;\" data-filter=\"machine-learning\"><br \/>\n\t\t\t\t\t\t\t\tMachine Learning\t\t\t\t\t\t\t<\/a>\n\t\t\t\t\t\t<\/li>\n<li>\n\t\t\t\t\t\t\t<a href=\"javascript:;\" data-filter=\"marketing\"><br \/>\n\t\t\t\t\t\t\t\tMarketing\t\t\t\t\t\t\t<\/a>\n\t\t\t\t\t\t<\/li>\n<li>\n\t\t\t\t\t\t\t<a href=\"javascript:;\" data-filter=\"noticias\"><br \/>\n\t\t\t\t\t\t\t\tNoticias\t\t\t\t\t\t\t<\/a>\n\t\t\t\t\t\t<\/li>\n<\/ul>\n<p>\t\t\t\t\t\t\t<img decoding=\"async\" width=\"1000\" height=\"562\" src=\"https:\/\/liora.io\/app\/uploads\/sites\/7\/2024\/05\/windows-server-Liora.jpg\" alt=\"\" loading=\"lazy\" \/><br \/>\n\t\t\t\t\t\t\t\t<a href=\"https:\/\/liora.io\/es\/todo-lo-que-debe-saber-sobre-windows-server\" target=\"_self\" aria-hidden=\"true\" rel=\"noopener\">Windows Server: todo lo que necesitas saber<\/a><\/p>\n<ul>\n<li><a href=\"https:\/\/liora.io\/es\/category\/cloud\">Cloud &amp; Data Engineering<\/a><\/li>\n<\/ul>\n<h2>\n\t\t\t<a href=\"https:\/\/liora.io\/es\/todo-lo-que-debe-saber-sobre-windows-server\" target=\"_self\" rel=\"noopener\"><br \/>\n\t\t\t\tWindows Server: todo lo que necesitas saber\t\t\t<\/a><br \/>\n\t\t<\/h2>\n<p>\t\t\t\t\t\t\t\u2022<br \/>\n\t\t\t\t\tjunio 14, 2024<\/p>\n<p>Windows Server, desarrollado por Microsoft, es uno de los sistemas operativos de servidores m\u00e1s populares y relevantes en el mundo \u2026<\/p>\n<p>\t\t\t\t\t\t\t<img decoding=\"async\" width=\"1200\" height=\"673\" src=\"https:\/\/liora.io\/app\/uploads\/sites\/7\/2024\/05\/become_data_scientist_data_analyst_data_engineer.jpg\" alt=\"\" loading=\"lazy\" \/><br \/>\n\t\t\t\t\t\t\t\t<a href=\"https:\/\/liora.io\/es\/camino-data-scientist-data-analyst-data-engineer\" target=\"_self\" aria-hidden=\"true\" rel=\"noopener\">Convertirse en Data Scientist, Data Analyst, Data Engineer &#8211; Requisitos previos<\/a><\/p>\n<ul>\n<li><a href=\"https:\/\/liora.io\/es\/category\/data-science\">Data Science<\/a><\/li>\n<\/ul>\n<h2>\n\t\t\t<a href=\"https:\/\/liora.io\/es\/camino-data-scientist-data-analyst-data-engineer\" target=\"_self\" rel=\"noopener\"><br \/>\n\t\t\t\tConvertirse en Data Scientist, Data Analyst, Data Engineer &#8211; Requisitos previos\t\t\t<\/a><br \/>\n\t\t<\/h2>\n<p>\t\t\t\t\t\t\t\u2022<br \/>\n\t\t\t\t\tjunio 13, 2024<\/p>\n<p>Las carreras en data science est\u00e1n en continua transformaci\u00f3n tecnol\u00f3gica, haciendo dif\u00edcil establecer una lista definitiva de requisitos. Las t\u00e9cnicas \u2026<\/p>\n<p>\t\t\t\t\t\t\t<img decoding=\"async\" width=\"1200\" height=\"686\" src=\"https:\/\/liora.io\/app\/uploads\/sites\/7\/2024\/05\/data-project-manager-Liora.jpg\" alt=\"\" loading=\"lazy\" \/><br \/>\n\t\t\t\t\t\t\t\t<a href=\"https:\/\/liora.io\/es\/data-project-manager\" target=\"_self\" aria-hidden=\"true\" rel=\"noopener\">Data Project Manager: Tareas y oportunidades laborales<\/a><\/p>\n<ul>\n<li><a href=\"https:\/\/liora.io\/es\/category\/career\">Carrera<\/a><\/li>\n<\/ul>\n<h2>\n\t\t\t<a href=\"https:\/\/liora.io\/es\/data-project-manager\" target=\"_self\" rel=\"noopener\"><br \/>\n\t\t\t\tData Project Manager: Tareas y oportunidades laborales\t\t\t<\/a><br \/>\n\t\t<\/h2>\n<p>\t\t\t\t\t\t\t\u2022<br \/>\n\t\t\t\t\tjunio 13, 2024<\/p>\n<p>Los Project Managers tradicionales enfocan sus esfuerzos en concluir proyectos dentro de los tiempos, presupuestos y alcances predefinidos. Su estrategia \u2026<\/p>\n<p>\t\t\t\t\t\t\t<img decoding=\"async\" width=\"1200\" height=\"686\" src=\"https:\/\/liora.io\/app\/uploads\/sites\/7\/2024\/05\/Redes_y_telecomunicaciones_Liora.jpg\" alt=\"\" loading=\"lazy\" \/><br \/>\n\t\t\t\t\t\t\t\t<a href=\"https:\/\/liora.io\/es\/redes-y-telecomunicaciones\" target=\"_self\" aria-hidden=\"true\" rel=\"noopener\">Redes y telecomunicaciones &#8211; Gu\u00eda completa<\/a><\/p>\n<ul>\n<li><a href=\"https:\/\/liora.io\/es\/category\/cloud\">Cloud &amp; Data Engineering<\/a><\/li>\n<\/ul>\n<h2>\n\t\t\t<a href=\"https:\/\/liora.io\/es\/redes-y-telecomunicaciones\" target=\"_self\" rel=\"noopener\"><br \/>\n\t\t\t\tRedes y telecomunicaciones &#8211; Gu\u00eda completa\t\t\t<\/a><br \/>\n\t\t<\/h2>\n<p>\t\t\t\t\t\t\t\u2022<br \/>\n\t\t\t\t\tjunio 12, 2024<\/p>\n<p>Apps m\u00f3viles, software, Internet of Things (IoT), websites&#8230; las redes y telecomunicaciones son cruciales para conectar datos y garantizar el \u2026<\/p>\n<p>\t\t\t\t\t\t\t<img decoding=\"async\" width=\"1200\" height=\"686\" src=\"https:\/\/liora.io\/app\/uploads\/sites\/7\/2024\/05\/funnel_manager.jpg\" alt=\"\" loading=\"lazy\" \/><br \/>\n\t\t\t\t\t\t\t\t<a href=\"https:\/\/liora.io\/es\/funnel-manager\" target=\"_self\" aria-hidden=\"true\" rel=\"noopener\">Funnel manager : misiones, habilidades, salarios<\/a><\/p>\n<ul>\n<li><a href=\"https:\/\/liora.io\/es\/category\/career\">Carrera<\/a><\/li>\n<li><a href=\"https:\/\/liora.io\/es\/category\/marketing\">Marketing<\/a><\/li>\n<\/ul>\n<h2>\n\t\t\t<a href=\"https:\/\/liora.io\/es\/funnel-manager\" target=\"_self\" rel=\"noopener\"><br \/>\n\t\t\t\tFunnel manager : misiones, habilidades, salarios\t\t\t<\/a><br \/>\n\t\t<\/h2>\n<p>\t\t\t\t\t\t\t\u2022<br \/>\n\t\t\t\t\tjunio 12, 2024<\/p>\n<p>Elemento clave en marketing, el sales funnel es el viaje de compra del cliente. Mediante una serie de etapas bien \u2026<\/p>\n<p>\t\t\t\t\t\t\t<img decoding=\"async\" width=\"1200\" height=\"600\" src=\"https:\/\/liora.io\/app\/uploads\/sites\/7\/2024\/05\/5g.png\" alt=\"\" loading=\"lazy\" \/><br \/>\n\t\t\t\t\t\t\t\t<a href=\"https:\/\/liora.io\/es\/todo-lo-que-necesitas-saber-sobre-la-5g\" target=\"_self\" aria-hidden=\"true\" rel=\"noopener\">Todo lo que necesitas saber sobre la 5G<\/a><\/p>\n<ul>\n<li><a href=\"https:\/\/liora.io\/es\/category\/engineering\">Engineering<\/a><\/li>\n<\/ul>\n<h2>\n\t\t\t<a href=\"https:\/\/liora.io\/es\/todo-lo-que-necesitas-saber-sobre-la-5g\" target=\"_self\" rel=\"noopener\"><br \/>\n\t\t\t\tTodo lo que necesitas saber sobre la 5G\t\t\t<\/a><br \/>\n\t\t<\/h2>\n<p>\t\t\t\t\t\t\t\u2022<br \/>\n\t\t\t\t\tjunio 11, 2024<\/p>\n<p>La red 5G, sucesora de la 4G, promete redefinir nuestra manera de vivir, trabajar y disfrutar gracias a sus excepcionales \u2026<\/p>\n<p>\t\t\t\t\t\t\t<img decoding=\"async\" width=\"1024\" height=\"562\" src=\"https:\/\/liora.io\/app\/uploads\/sites\/7\/2024\/04\/Illu_BLOG_python_devops.png\" alt=\"\" loading=\"lazy\" \/><br \/>\n\t\t\t\t\t\t\t\t<a href=\"https:\/\/liora.io\/es\/python-devops\" target=\"_self\" aria-hidden=\"true\" rel=\"noopener\">Python: el activo esencial para los expertos en DevOps<\/a><\/p>\n<ul>\n<li><a href=\"https:\/\/liora.io\/es\/category\/dev\">Dev<\/a><\/li>\n<\/ul>\n<h2>\n\t\t\t<a href=\"https:\/\/liora.io\/es\/python-devops\" target=\"_self\" rel=\"noopener\"><br \/>\n\t\t\t\tPython: el activo esencial para los expertos en DevOps\t\t\t<\/a><br \/>\n\t\t<\/h2>\n<p>\t\t\t\t\t\t\t\u2022<br \/>\n\t\t\t\t\tjunio 11, 2024<\/p>\n<p>Python: Mucho m\u00e1s que programaci\u00f3n, clave en DevOps Explora c\u00f3mo Python se ha convertido en un pilar esencial para DevOps, \u2026<\/p>\n<p>\t\t\t\t\t\t\t<img decoding=\"async\" width=\"768\" height=\"427\" src=\"https:\/\/liora.io\/app\/uploads\/sites\/7\/2024\/04\/tjm-devops-768x427-1.png\" alt=\"\" loading=\"lazy\" \/><br \/>\n\t\t\t\t\t\t\t\t<a href=\"https:\/\/liora.io\/es\/tarifa-por-dia-en-devops\" target=\"_self\" aria-hidden=\"true\" rel=\"noopener\">Tarifa por D\u00eda en DevOps: \u00bfCu\u00e1nto cobra un consultor DevOps?<\/a><\/p>\n<ul>\n<li><a href=\"https:\/\/liora.io\/es\/category\/career\">Carrera<\/a><\/li>\n<\/ul>\n<h2>\n\t\t\t<a href=\"https:\/\/liora.io\/es\/tarifa-por-dia-en-devops\" target=\"_self\" rel=\"noopener\"><br \/>\n\t\t\t\tTarifa por D\u00eda en DevOps: \u00bfCu\u00e1nto cobra un consultor DevOps?\t\t\t<\/a><br \/>\n\t\t<\/h2>\n<p>\t\t\t\t\t\t\t\u2022<br \/>\n\t\t\t\t\tjunio 7, 2024<\/p>\n<p>La simbiosis entre los equipos de \u00abDesarrollo\u00bb y \u00abOperaciones\u00bb define a DevOps, encarnando un rol dual. Esta figura se encarga \u2026<\/p>\n<p>\t\t\t\t\t\t\t<img decoding=\"async\" width=\"1200\" height=\"686\" src=\"https:\/\/liora.io\/app\/uploads\/sites\/7\/2024\/04\/ley_de_potencias.jpg\" alt=\"\" loading=\"lazy\" \/><br \/>\n\t\t\t\t\t\t\t\t<a href=\"https:\/\/liora.io\/es\/ley-de-potencias\" target=\"_self\" aria-hidden=\"true\" rel=\"noopener\">La ley de potencias: entender las relaciones entre variables<\/a><\/p>\n<ul>\n<li><a href=\"https:\/\/liora.io\/es\/category\/data-science\">Data Science<\/a><\/li>\n<\/ul>\n<h2>\n\t\t\t<a href=\"https:\/\/liora.io\/es\/ley-de-potencias\" target=\"_self\" rel=\"noopener\"><br \/>\n\t\t\t\tLa ley de potencias: entender las relaciones entre variables\t\t\t<\/a><br \/>\n\t\t<\/h2>\n<p>\t\t\t\t\t\t\t\u2022<br \/>\n\t\t\t\t\tjunio 7, 2024<\/p>\n<p>\u00bfQu\u00e9 pasar\u00eda si estuviera todo conectado? Quiz\u00e1s no todo, pero s\u00ed muchos fen\u00f3menos naturales. Eso nos muestra la ley de \u2026<\/p>\n<p>\t\t\t\t\t\t\t<img decoding=\"async\" width=\"768\" height=\"422\" src=\"https:\/\/liora.io\/app\/uploads\/sites\/7\/2024\/04\/workflow_blog_4-107-768x422-1.png\" alt=\"\" loading=\"lazy\" \/><br \/>\n\t\t\t\t\t\t\t\t<a href=\"https:\/\/liora.io\/es\/que-es-un-mooc\" target=\"_self\" aria-hidden=\"true\" rel=\"noopener\">\u00bfQu\u00e9 es un MOOC?<\/a><\/p>\n<ul>\n<li><a href=\"https:\/\/liora.io\/es\/category\/career\">Carrera<\/a><\/li>\n<\/ul>\n<h2>\n\t\t\t<a href=\"https:\/\/liora.io\/es\/que-es-un-mooc\" target=\"_self\" rel=\"noopener\"><br \/>\n\t\t\t\t\u00bfQu\u00e9 es un MOOC?\t\t\t<\/a><br \/>\n\t\t<\/h2>\n<p>\t\t\t\t\t\t\t\u2022<br \/>\n\t\t\t\t\tjunio 6, 2024<\/p>\n<p>Un MOOC (Massive Open Online Course) es un curso en l\u00ednea abierto y gratuito. Estos programas han ganado enorme popularidad, \u2026<\/p>\n<nav role=\"navigation\" aria-label=\"Paginaci\u00f3n\">\n\t\t\t\t1<br \/>\n<a href=\"https:\/\/liora.io\/es\/wp-admin\/admin-ajax.php\/page\/2\">2<\/a><br \/>\n<a href=\"https:\/\/liora.io\/es\/wp-admin\/admin-ajax.php\/page\/3\">3<\/a><br \/>\n&hellip;<br \/>\n<a href=\"https:\/\/liora.io\/es\/wp-admin\/admin-ajax.php\/page\/20\">20<\/a><br \/>\n<a href=\"https:\/\/liora.io\/es\/wp-admin\/admin-ajax.php\/page\/2\"> \u00bb<\/a>\t\t\t<\/nav>\n<h2>v\u00eddeos en primer plano<\/h2>\n<p>\t\t\t\t\t\t\t\t\t\t\t\t\t\t\t\t<a href=\"https:\/\/youtu.be\/7kMF3LMGYrw\"><br \/>\n\t\t\t\t\t\t\t<img decoding=\"async\" width=\"320\" height=\"180\" src=\"https:\/\/liora.io\/app\/uploads\/sites\/7\/2022\/10\/oportunidades.jpeg\" alt=\"\" loading=\"lazy\" srcset=\"https:\/\/liora.io\/app\/uploads\/sites\/7\/2022\/10\/oportunidades.jpeg 320w, https:\/\/liora.io\/app\/uploads\/sites\/7\/2022\/10\/oportunidades-300x169.jpeg 300w\" sizes=\"(max-width: 320px) 100vw, 320px\" \/>\t\t\t\t\t\t\t\t<\/a><\/p>\n<p><a href=\"https:\/\/youtu.be\/7kMF3LMGYrw\">Oportunidades y experiencias de L&#8217;Or\u00e9al en el Metaverso \u26a1<br \/>\n<\/a><\/p>\n<p>\t\t\t\t\t\t\t\t\t\t\t\t\t\t\t\t<a href=\"https:\/\/youtu.be\/uewWEhOOz6k\"><br \/>\n\t\t\t\t\t\t\t<img decoding=\"async\" width=\"320\" height=\"180\" src=\"https:\/\/liora.io\/app\/uploads\/sites\/7\/2022\/10\/DST-spain.jpeg\" alt=\"\" loading=\"lazy\" srcset=\"https:\/\/liora.io\/app\/uploads\/sites\/7\/2022\/10\/DST-spain.jpeg 320w, https:\/\/liora.io\/app\/uploads\/sites\/7\/2022\/10\/DST-spain-300x169.jpeg 300w\" sizes=\"(max-width: 320px) 100vw, 320px\" \/>\t\t\t\t\t\t\t\t<\/a><\/p>\n<p><a href=\"https:\/\/youtu.be\/uewWEhOOz6k\">Todo sobre Liora Spain<br \/>\n<\/a><\/p>\n<p>\t\t\t\t\t\t\t\t\t\t\t\t\t\t\t\t<a href=\"http:\/\/The%20different%20jobs%20in%20Data%20Science%20-%20Data%20Scientest\"><br \/>\n\t\t\t\t\t\t\t<img decoding=\"async\" width=\"320\" height=\"180\" src=\"https:\/\/liora.io\/app\/uploads\/sites\/7\/2022\/10\/role-data.jpeg\" alt=\"\" loading=\"lazy\" srcset=\"https:\/\/liora.io\/app\/uploads\/sites\/7\/2022\/10\/role-data.jpeg 320w, https:\/\/liora.io\/app\/uploads\/sites\/7\/2022\/10\/role-data-300x169.jpeg 300w\" sizes=\"(max-width: 320px) 100vw, 320px\" \/>\t\t\t\t\t\t\t\t<\/a><\/p>\n<p><a href=\"http:\/\/The%20different%20jobs%20in%20Data%20Science%20-%20Data%20Scientest\">The different jobs in Data Science &#8211; Data Scientest<br \/>\n<\/a><\/p>\n<p>\t\t\t\t\t\t\t\t\t\t\t\t\t\t\t\t<a href=\"https:\/\/youtu.be\/VQ4WAPP3cVs\"><br \/>\n\t\t\t\t\t\t\t<img decoding=\"async\" width=\"320\" height=\"180\" src=\"https:\/\/liora.io\/app\/uploads\/sites\/7\/2022\/10\/DA-Training.jpeg\" alt=\"\" loading=\"lazy\" srcset=\"https:\/\/liora.io\/app\/uploads\/sites\/7\/2022\/10\/DA-Training.jpeg 320w, https:\/\/liora.io\/app\/uploads\/sites\/7\/2022\/10\/DA-Training-300x169.jpeg 300w\" sizes=\"(max-width: 320px) 100vw, 320px\" \/>\t\t\t\t\t\t\t\t<\/a><\/p>\n<p><a href=\"https:\/\/youtu.be\/VQ4WAPP3cVs\">Discover our Data Analyst training &#8211; Liora<br \/>\n<\/a><\/p>\n<p>\t\t\t\t\t\t\t\t\t\t\t\t\t\t\t\t<a href=\"https:\/\/www.youtube.com\/watch?v=te2TvSN80OA&#038;t=20s\"><br \/>\n\t\t\t\t\t\t\t<img decoding=\"async\" src=\"https:\/\/liora.io\/app\/uploads\/sites\/8\/2022\/07\/morganepauline.jpeg\" title=\"\" alt=\"\" loading=\"lazy\" \/>\t\t\t\t\t\t\t\t<\/a><\/p>\n<p><a href=\"https:\/\/www.youtube.com\/watch?v=te2TvSN80OA&#038;t=20s\">?How to get a job in Data Science: Presentation of Liora&#8217;s Career Management division<br \/>\n<\/a><\/p>\n<h3>\u00bfQuieres que te informemos de todas las novedades?<\/h3>\n<p>\t\tD\u00e9janos tu correo electr\u00f3nico para que podamos enviarte<br \/>\nlos art\u00edculos nuevos en cuanto se publiquen.<br \/>\n\t\t\t\t\t\t\t\t\t\t\t\t\t\t\t<img decoding=\"async\" width=\"349\" height=\"286\" src=\"https:\/\/liora.io\/app\/uploads\/sites\/7\/2022\/02\/icone-newsletter.png\" alt=\"\" loading=\"lazy\" srcset=\"https:\/\/liora.io\/app\/uploads\/sites\/7\/2022\/02\/icone-newsletter.png 349w, https:\/\/liora.io\/app\/uploads\/sites\/7\/2022\/02\/icone-newsletter-300x246.png 300w\" sizes=\"(max-width: 349px) 100vw, 349px\" \/><\/p>\n","protected":false},"excerpt":{"rendered":"<p>\u00bfQuieres recibir nuestro newsletter semanal sobre Data? ? S\u00ed, me suscribo [ivory-search id=\u00bb15238&#8243; title=\u00bbDefault Search Form\u00bb] Todos Business Intelligence Carrera Cloud &amp; Data Engineering Data Science Dev Engineering Fundamentos Inteligencia Artificial Machine Learning Marketing Noticias Windows Server: todo lo que necesitas saber Cloud &amp; Data Engineering Windows Server: todo lo que necesitas saber \u2022 junio [&hellip;]<\/p>\n","protected":false},"author":45,"featured_media":0,"parent":0,"menu_order":0,"comment_status":"closed","ping_status":"closed","template":"","meta":{"_acf_changed":false,"editor_notices":[],"footnotes":""},"class_list":["post-14865","page","type-page","status-publish","hentry"],"acf":[],"_links":{"self":[{"href":"https:\/\/liora.io\/es\/wp-json\/wp\/v2\/pages\/14865","targetHints":{"allow":["GET"]}}],"collection":[{"href":"https:\/\/liora.io\/es\/wp-json\/wp\/v2\/pages"}],"about":[{"href":"https:\/\/liora.io\/es\/wp-json\/wp\/v2\/types\/page"}],"author":[{"embeddable":true,"href":"https:\/\/liora.io\/es\/wp-json\/wp\/v2\/users\/45"}],"replies":[{"embeddable":true,"href":"https:\/\/liora.io\/es\/wp-json\/wp\/v2\/comments?post=14865"}],"version-history":[{"count":0,"href":"https:\/\/liora.io\/es\/wp-json\/wp\/v2\/pages\/14865\/revisions"}],"wp:attachment":[{"href":"https:\/\/liora.io\/es\/wp-json\/wp\/v2\/media?parent=14865"}],"curies":[{"name":"wp","href":"https:\/\/api.w.org\/{rel}","templated":true}]}}