{"id":144609,"date":"2022-03-10T16:35:37","date_gmt":"2022-03-10T15:35:37","guid":{"rendered":"https:\/\/multi.liora.io\/es\/?page_id=144609"},"modified":"2022-05-27T09:42:34","modified_gmt":"2022-05-27T08:42:34","slug":"formations-business","status":"publish","type":"page","link":"https:\/\/liora.io\/es\/formations-business","title":{"rendered":"Formations Business"},"content":{"rendered":"<h1>Convierte a tus profesionales de hoy <br \/> en  expertos en data de ma\u00f1ana.<\/h1>\n<p>\t\tSoluciones personalizadas de upskilling y reskilling hacia todos los oficios y herramientas de la data.<br \/>\n\t\t\t<a href=\"\/es\/rdv\" role=\"button\"><br \/>\n\t\t\t\t\t\tConcertar una cita<br \/>\n\t\t\t\t\t<\/a><br \/>\n\t\t\t<a href=\"\/es\/rdv\" role=\"button\"><br \/>\n\t\t\t\t\t\tPonerte en contacto con nosotros<br \/>\n\t\t\t\t\t<\/a><\/p>\n<p>Fideliza a tus empleados, limita la <strong><em>rotaci\u00f3n de personal<\/em> <\/strong>y <strong><em>forma a colaboradores<\/em><\/strong> que sabes que son competentes en los <strong><em>perfiles profesionales del futuro<\/em><\/strong>, ofreci\u00e9ndoles una formaci\u00f3n certificada por la Sorbonne.<\/p>\n<p>\t\t\t<a href=\"\/es\/formations-data\" role=\"button\"><br \/>\n\t\t\t\t\t\tDescubrir nuestros cursos<br \/>\n\t\t\t\t\t<\/a><\/p>\n<h3>Tasa de terminaci\u00f3n<br \/>\n<\/h3>\n<p>\t\t\t\t\t\t\t\t\t\t\t\t\t\t\t<img decoding=\"async\" width=\"800\" height=\"394\" src=\"https:\/\/multi.liora.io\/app\/uploads\/sites\/7\/2022\/03\/taux-conversion-1024x504.png\" alt=\"\" loading=\"lazy\" \/>\t\t\t\t\t\t\t\t\t\t\t\t\t\t\t<\/p>\n<h2>Nuestra pedagog\u00eda en<br \/>\n4 pilares<\/h2>\n<p>\t\t\t1\t\t<\/p>\n<h3>Seguimiento y asesoramiento<br \/>\npersonalizado<\/h3>\n<p>Gravida proin senectus eget mollis aenean penatibus. A, risus varius pellentesque quis.<\/p>\n<p>\t\t\t2\t\t<\/p>\n<h3>Aprender por <br \/>\nla pr\u00e1ctica<\/h3>\n<p>Lorem ipsum dolor sit amet, consectetur adipiscing elit. Ut elit tellus, luctus nec ullamcorper mattis, pulvinar dapibus leo.<\/p>\n<p>\t\t\t3\t\t<\/p>\n<h3>Plataforma full <br \/>SAAS<\/h3>\n<p>Lorem ipsum dolor sit amet, consectetur adipiscing elit. Ut elit tellus, luctus nec ullamcorper mattis, pulvinar dapibus leo.<\/p>\n<p>\t\t\t4\t\t<\/p>\n<h3>El proyecto <br \/>en continuo<\/h3>\n<p>Lorem ipsum dolor sit amet, consectetur adipiscing elit. Ut elit tellus, luctus nec ullamcorper mattis, pulvinar dapibus leo.<\/p>\n<h2>Reskilling: cursos largos<br \/>\n<\/h2>\n<p>\t\tDestaca los conocimientos profesionales de tus colaboradores y disfruta de la integraci\u00f3n ya conseguida de tus empleados para formarlos en los perfiles profesionales del ma\u00f1ana.<br \/>\n\t\t\t<a href=\"\/es\/formations-data\" role=\"button\"><br \/>\n\t\t\t\t\t\tDescubrir nuestros cursos<br \/>\n\t\t\t\t\t<\/a><br \/>\n\t\t\t\t\t\t\t\t\t\t\t\t\t\t\t<img decoding=\"async\" width=\"765\" height=\"240\" src=\"https:\/\/multi.liora.io\/app\/uploads\/sites\/7\/2022\/02\/Property-1DS.png\" alt=\"\" loading=\"lazy\" \/>\t\t\t\t\t\t\t\t\t\t\t\t\t\t\t<\/p>\n<h3>Data Scientist<\/h3>\n<p>\t\t\tBootcamp<br \/>\n\t\to<br \/>\n\t\t\ttiempo parcial\t\t<\/p>\n<ul>\n<li>\n\t\t\t\t\t\t\t\t\t\tProgramaci\u00f3n Python\n\t\t\t\t\t\t\t\t\t<\/li>\n<li>\n\t\t\t\t\t\t\t\t\t\tMachine Learning avanzado\n\t\t\t\t\t\t\t\t\t<\/li>\n<li>\n\t\t\t\t\t\t\t\t\t\tDeep Learning\n\t\t\t\t\t\t\t\t\t<\/li>\n<li>\n\t\t\t\t\t\t\t\t\t\tBig Data\/Database\n\t\t\t\t\t\t\t\t\t<\/li>\n<li>\n\t\t\t\t\t\t\t\t\t\tSistema complejo e IA\n\t\t\t\t\t\t\t\t\t<\/li>\n<li>\n\t\t\t\t\t\t\t\t\t\tProyecto Data\n\t\t\t\t\t\t\t\t\t<\/li>\n<\/ul>\n<p>\t\t\t<a href=\"\/formation-data-scientist\" role=\"button\"><\/p>\n<p>\t\t\t\t\t\tVer programa completo<br \/>\n\t\t\t\t\t<\/a><br \/>\n\t\t\t<a href=\"#\" role=\"button\"><br \/>\n\t\t\t\t\t\tDescargar el plan de estudios<br \/>\n\t\t\t\t\t<\/a><br \/>\n\t\t\t\t\t\t\t\t\t\t\t\t\t\t\t<img decoding=\"async\" width=\"765\" height=\"240\" src=\"https:\/\/multi.liora.io\/app\/uploads\/sites\/7\/2022\/02\/Property-1DA.png\" alt=\"\" loading=\"lazy\" \/>\t\t\t\t\t\t\t\t\t\t\t\t\t\t\t<\/p>\n<h3>Data Analyst<\/h3>\n<p>\t\t\tBootcamp<br \/>\n\t\to<br \/>\n\t\t\ttiempo parcial<\/p>\n<ul>\n<li>\n\t\t\t\t\t\t\t\t\t\tProgramaci\u00f3n Python\n\t\t\t\t\t\t\t\t\t<\/li>\n<li>\n\t\t\t\t\t\t\t\t\t\tBusiness Intelligence\n\t\t\t\t\t\t\t\t\t<\/li>\n<li>\n\t\t\t\t\t\t\t\t\t\tMachine Learning\n\t\t\t\t\t\t\t\t\t<\/li>\n<li>\n\t\t\t\t\t\t\t\t\t\tDataviz\n\t\t\t\t\t\t\t\t\t<\/li>\n<li>\n\t\t\t\t\t\t\t\t\t\tText Mining\n\t\t\t\t\t\t\t\t\t<\/li>\n<\/ul>\n<p>\t\t\t<a href=\"https:\/\/multi.liora.io\/es\/formation-data-scientist\" role=\"button\"><br \/>\n\t\t\t\t\t\tVer programa completo<br \/>\n\t\t\t\t\t<\/a><br \/>\n\t\t\t<a href=\"#\" role=\"button\"><br \/>\n\t\t\t\t\t\tDescargar el plan de estudios<br \/>\n\t\t\t\t\t<\/a><br \/>\n\t\t\t\t\t\t\t\t\t\t\t\t\t\t\t<img decoding=\"async\" width=\"765\" height=\"240\" src=\"https:\/\/multi.liora.io\/app\/uploads\/sites\/7\/2022\/02\/Property-1DE.png\" alt=\"\" loading=\"lazy\" \/>\t\t\t\t\t\t\t\t\t\t\t\t\t\t\t<\/p>\n<h3>Data Engineer<\/h3>\n<p>\t\t\tBootcamp<br \/>\n\t\to<br \/>\n\t\t\ttiempo parcial<\/p>\n<ul>\n<li>\n\t\t\t\t\t\t\t\t\t\tPython avanzado\n\t\t\t\t\t\t\t\t\t<\/li>\n<li>\n\t\t\t\t\t\t\t\t\t\tBase de datos (SQL, NoSQL)\n\t\t\t\t\t\t\t\t\t<\/li>\n<li>\n\t\t\t\t\t\t\t\t\t\tBig Data (Hadoop, Spark)\n\t\t\t\t\t\t\t\t\t<\/li>\n<li>\n\t\t\t\t\t\t\t\t\t\tGit, GitHub, CI\/CD (Jenkins)\n\t\t\t\t\t\t\t\t\t<\/li>\n<li>\n\t\t\t\t\t\t\t\t\t\tAPI (Flask, Fast APIs)\n\t\t\t\t\t\t\t\t\t<\/li>\n<li>\n\t\t\t\t\t\t\t\t\t\tAirflow, Docker, Kubernetest\n\t\t\t\t\t\t\t\t\t<\/li>\n<\/ul>\n<p>\t\t\t<a href=\"https:\/\/multi.liora.io\/es\/formation-data-scientist\" role=\"button\"><br \/>\n\t\t\t\t\t\tVer programa completo<br \/>\n\t\t\t\t\t<\/a><br \/>\n\t\t\t<a href=\"#\" role=\"button\"><br \/>\n\t\t\t\t\t\tDescargar el plan de estudios<br \/>\n\t\t\t\t\t<\/a><br \/>\n\t\t\t\t\t\t\t\t\t\t\t\t\t\t\t<img decoding=\"async\" width=\"765\" height=\"240\" src=\"https:\/\/multi.liora.io\/app\/uploads\/sites\/7\/2022\/02\/Property-1DA.png\" alt=\"\" loading=\"lazy\" \/>\t\t\t\t\t\t\t\t\t\t\t\t\t\t\t<\/p>\n<h3>Data Manager<\/h3>\n<p>\t\t\tBootcamp\t\t<\/p>\n<ul>\n<li>\n\t\t\t\t\t\t\t\t\t\tProgramaci\u00f3n Python\n\t\t\t\t\t\t\t\t\t<\/li>\n<li>\n\t\t\t\t\t\t\t\t\t\tData Quality\n\t\t\t\t\t\t\t\t\t<\/li>\n<li>\n\t\t\t\t\t\t\t\t\t\tAcculturation Data\n\t\t\t\t\t\t\t\t\t<\/li>\n<li>\n\t\t\t\t\t\t\t\t\t\tRGPD\n\t\t\t\t\t\t\t\t\t<\/li>\n<li>\n\t\t\t\t\t\t\t\t\t\tBusiness Intelligence\n\t\t\t\t\t\t\t\t\t<\/li>\n<li>\n\t\t\t\t\t\t\t\t\t\tProyecto Data\n\t\t\t\t\t\t\t\t\t<\/li>\n<\/ul>\n<p>\t\t\t<a href=\"https:\/\/multi.liora.io\/es\/formation-data-scientist\" role=\"button\"><br \/>\n\t\t\t\t\t\tVer programa completo<br \/>\n\t\t\t\t\t<\/a><br \/>\n\t\t\t<a href=\"#\" role=\"button\"><br \/>\n\t\t\t\t\t\tDescargar el plan de estudios<br \/>\n\t\t\t\t\t<\/a><\/p>\n<h2>Cursos especializados<br \/>\n<\/h2>\n<p>\t\tSi has seguido uno de nuestros cursos profesionales o si ejerces un oficio en el campo de la Data, podr\u00e1s seguir nuestros cursos especializados de profesionalizaci\u00f3n para especializarte m\u00e1s en profundidad (Machine Learning &amp; Deep Learning disponibles).<br \/>\n\t\t\t<a href=\"#\" role=\"button\"><br \/>\n\t\t\t\t\t\tDescubrir los cursos especializados<br \/>\n\t\t\t\t\t<\/a><\/p>\n<h2>Upskilling: cursos cortos<br \/>\n<\/h2>\n<p>\t\tConservando nuestro formato innovador de Blended Learning, nuestros tracks (a continuaci\u00f3n) permiten hacer upskilling en todas las tecnolog\u00edas y herramientas de la Data Science.<\/p>\n<h2>\n<li>CERTIFICACI\u00d3N\n <\/li>\n<\/h2>\n<p>\t\tLas certificaciones forman a profesionales en herramientas espec\u00edficas.<br \/>\n\t\t\t\t\t\t\t\t\t\t\t\t\t\t\t<img decoding=\"async\" width=\"200\" height=\"200\" src=\"https:\/\/multi.liora.io\/app\/uploads\/sites\/7\/2022\/02\/Logo-1.png\" alt=\"\" loading=\"lazy\" \/><br \/>\n        AWS (Amazon)<br \/>\n        Duraci\u00f3n: 3 d\u00edas<\/p>\n<p>\t\t\t\t\t\t\t\t\t\t\t\t\t\t\t<img decoding=\"async\" width=\"50\" height=\"50\" src=\"https:\/\/multi.liora.io\/app\/uploads\/sites\/7\/2022\/02\/Logo-4.png\" alt=\"\" loading=\"lazy\" \/><br \/>\n        Power BI (Microsoft)<br \/>\n        Duraci\u00f3n: 3 d\u00edas<\/p>\n<h2>\n<li>TRACKS* <\/li>\n<\/h2>\n<p>\t\tLos tracks son cursos cortos destinados a que tus colaboradores descubran, profundicen o perfeccionen sus competencias en \u00e1mbitos predefinidos.<br \/>\n\t\t\t\t\t\t\t\t\t\t\t\t\t\t\t<img decoding=\"async\" width=\"489\" height=\"238\" src=\"https:\/\/multi.liora.io\/app\/uploads\/sites\/7\/2022\/03\/Tracks-Illustrations.png\" alt=\"\" loading=\"lazy\" \/>\t\t\t\t\t\t\t\t\t\t\t\t\t\t\t<\/p>\n<h2>Introducci\u00f3n a Python<br \/>\n<\/h2>\n<p>\t\t\tDuraci\u00f3n<br \/>\n\t\t\t25h<br \/>\n\t\t\tDificultad\t\t<\/p>\n<\/p>\n<p>\t\t\t<a href=\"#\" role=\"button\"><br \/>\n\t\t\t\t\t\tM\u00e1s informaci\u00f3n<br \/>\n\t\t\t\t\t<\/a><br \/>\n\t\t\t\t\t\t\t\t\t\t\t\t\t\t\t<img decoding=\"async\" width=\"489\" height=\"238\" src=\"https:\/\/multi.liora.io\/app\/uploads\/sites\/7\/2022\/03\/Tracks-Illustrations.png\" alt=\"\" loading=\"lazy\" \/>\t\t\t\t\t\t\t\t\t\t\t\t\t\t\t<\/p>\n<h2>Introducci\u00f3n a Dataviz<br \/>\n<\/h2>\n<p>\t\t\tDuraci\u00f3n<br \/>\n\t\t\t25h<br \/>\n\t\t\tDificultad\t\t<\/p>\n<\/p>\n<p>\t\t\t<a href=\"#\" role=\"button\"><br \/>\n\t\t\t\t\t\tM\u00e1s informaci\u00f3n<br \/>\n\t\t\t\t\t<\/a><br \/>\n\t\t\t\t\t\t\t\t\t\t\t\t\t\t\t<img decoding=\"async\" width=\"489\" height=\"238\" src=\"https:\/\/multi.liora.io\/app\/uploads\/sites\/7\/2022\/03\/Tracks-Illustrations.png\" alt=\"\" loading=\"lazy\" \/>\t\t\t\t\t\t\t\t\t\t\t\t\t\t\t<\/p>\n<h2>Data Owner<\/h2>\n<p>\t\t\tDuraci\u00f3n<br \/>\n\t\t\t25h<br \/>\n\t\t\tDificultad\t\t<\/p>\n<\/p>\n<p>\t\t\t<a href=\"#\" role=\"button\"><br \/>\n\t\t\t\t\t\tM\u00e1s informaci\u00f3n<br \/>\n\t\t\t\t\t<\/a><br \/>\n\t\t\t\t\t\t\t\t\t\t\t\t\t\t\t<img decoding=\"async\" width=\"489\" height=\"238\" src=\"https:\/\/multi.liora.io\/app\/uploads\/sites\/7\/2022\/03\/Tracks-Illustrations.png\" alt=\"\" loading=\"lazy\" \/>\t\t\t\t\t\t\t\t\t\t\t\t\t\t\t<\/p>\n<h2>Data Chief Officer<\/h2>\n<p>\t\t\tDuraci\u00f3n<br \/>\n\t\t\t25h<br \/>\n\t\t\tDificultad\t\t<\/p>\n<\/p>\n<p>\t\t\t<a href=\"#\" role=\"button\"><br \/>\n\t\t\t\t\t\tM\u00e1s informaci\u00f3n<br \/>\n\t\t\t\t\t<\/a><br \/>\n\t\t*\u00bfNo encuentras el track que te interesa? No te preocupes, disponemos de m\u00e1s de 2000 h y decenas de tracks especializados. Descubre c\u00f3mo podemos crear m\u00f3dulos contigo en funci\u00f3n de las necesidades de tu empresa.<\/p>\n<h2>\u00bfPor qu\u00e9 elegir las soluciones <br \/>Liora Business ?<\/h2>\n<h3>Stephane Trainel<br \/>\n<\/h3>\n<h2>Administrador ministerial de datos<br \/>\n<\/h2>\n<p>\t\t\u201cLiora ha permitido el desarrollo de proyectos del ministerio con nuevas competencias en el tratamiento de la informaci\u00f3n y de los datos para relanzar la econom\u00eda y la detecci\u00f3n del fraude\u201d.<br \/>\n\t\t\t\t\t\t\t\t\t\t\t\t\t\t\t<img decoding=\"async\" width=\"208\" height=\"170\" src=\"https:\/\/multi.liora.io\/app\/uploads\/sites\/7\/2022\/03\/Property-1Default.png\" alt=\"\" loading=\"lazy\" \/>\t\t\t\t\t\t\t\t\t\t\t\t\t\t\t<\/p>\n<h3>Landry Pontrou\u00e9<\/h3>\n<h2>Responsable de Data, Sistemas de Informaci\u00f3n e Innovaci\u00f3n<br \/>\n<\/h2>\n<p>\t\t\u201cHemos desarrollado y utilizado una herramienta de an\u00e1lisis espectral para tratar TB de datos. Ese dispositivo ha permitido detectar los pasajes m\u00e1s pertinentes y, de ese modo, incrementar considerablemente la productividad y la eficacia\u201d.<br \/>\n\t\t\t\t\t\t\t\t\t\t\t\t\t\t\t<img decoding=\"async\" width=\"208\" height=\"170\" src=\"https:\/\/multi.liora.io\/app\/uploads\/sites\/7\/2022\/03\/Property-1Variant2.png\" alt=\"\" loading=\"lazy\" \/>\t\t\t\t\t\t\t\t\t\t\t\t\t\t\t<\/p>\n<h3>Samir Ait Idir<\/h3>\n<h2>Chief Data Officer y Head of Data Intelligence<br \/>\n<\/h2>\n<p>\u201cLiora supone un aprendizaje rico, personalizado y que responde a los problemas reales de la empresa\u201d.<\/p>\n<p>\t\t\t\t\t\t\t\t\t\t\t\t\t\t\t<img decoding=\"async\" width=\"208\" height=\"170\" src=\"https:\/\/multi.liora.io\/app\/uploads\/sites\/7\/2022\/03\/Property-1Variant3.png\" alt=\"\" loading=\"lazy\" \/>\t\t\t\t\t\t\t\t\t\t\t\t\t\t\t<\/p>\n<h2>\u00bfNo encuentras el curso correcto?<br \/>\n<\/h2>\n<p>\t\tPonte en contacto con nosotros para encontrar la f\u00f3rmula que corresponda perfectamente con las necesidades de tu empresa.<br \/>\n\t\t\t<a href=\"\/es\/rdv\" role=\"button\"><br \/>\n\t\t\t\t\t\tQue me contacten<br \/>\n\t\t\t\t\t<\/a><br \/>\n\t\t\t<a href=\"#\" role=\"button\"><br \/>\n\t\t\t\t\t\tT\u00e9l\u00e9charger le programme<br \/>\n\t\t\t\t\t<\/a><br \/>\n\t\t\t\t\t\t\t\t\t\t\t\t\t\t\t<img decoding=\"async\" width=\"349\" height=\"286\" src=\"https:\/\/multi.liora.io\/app\/uploads\/sites\/7\/2022\/02\/icone-newsletter.png\" alt=\"\" loading=\"lazy\" \/><\/p>\n","protected":false},"excerpt":{"rendered":"<p>Convierte a tus profesionales de hoy en expertos en data de ma\u00f1ana. Soluciones personalizadas de upskilling y reskilling hacia todos los oficios y herramientas de la data. Concertar una cita Ponerte en contacto con nosotros Fideliza a tus empleados, limita la rotaci\u00f3n de personal y forma a colaboradores que sabes que son competentes en los [&hellip;]<\/p>\n","protected":false},"author":46,"featured_media":0,"parent":0,"menu_order":0,"comment_status":"closed","ping_status":"closed","template":"","meta":{"_acf_changed":false,"editor_notices":[],"footnotes":""},"class_list":["post-144609","page","type-page","status-publish","hentry"],"acf":[],"_links":{"self":[{"href":"https:\/\/liora.io\/es\/wp-json\/wp\/v2\/pages\/144609","targetHints":{"allow":["GET"]}}],"collection":[{"href":"https:\/\/liora.io\/es\/wp-json\/wp\/v2\/pages"}],"about":[{"href":"https:\/\/liora.io\/es\/wp-json\/wp\/v2\/types\/page"}],"author":[{"embeddable":true,"href":"https:\/\/liora.io\/es\/wp-json\/wp\/v2\/users\/46"}],"replies":[{"embeddable":true,"href":"https:\/\/liora.io\/es\/wp-json\/wp\/v2\/comments?post=144609"}],"version-history":[{"count":0,"href":"https:\/\/liora.io\/es\/wp-json\/wp\/v2\/pages\/144609\/revisions"}],"wp:attachment":[{"href":"https:\/\/liora.io\/es\/wp-json\/wp\/v2\/media?parent=144609"}],"curies":[{"name":"wp","href":"https:\/\/api.w.org\/{rel}","templated":true}]}}