{"id":10796,"date":"2020-09-30T07:46:11","date_gmt":"2020-09-30T07:46:11","guid":{"rendered":"https:\/\/multi.liora.io\/es\/?page_id=10796"},"modified":"2023-12-21T11:21:24","modified_gmt":"2023-12-21T10:21:24","slug":"nuestros-cursos-de-data","status":"publish","type":"page","link":"https:\/\/liora.io\/es\/nuestros-cursos-de-data","title":{"rendered":"Nuestros Cursos"},"content":{"rendered":"<h1>Nuestros cursos de<br \/>\n<br \/>Big\u00a0Data &#038; Data\u00a0Science<\/h1>\n<p>Debutar en Data Science, es abrirse actualmente a un campo de nuevas <strong>oportunidades<\/strong> y de crecimiento, hoy te esperan numerosas tem\u00e1ticas alrededor de la<strong> Big Data<\/strong>, alrededor de el <strong>Deep Learning<\/strong> o de la <strong>Data Visualisation.<\/strong><\/p>\n<p>Las competencias adecuadas de cada uno de estos roles son diferentes, en Liora hemos decidido construir nuestros cursos alrededor de las problem\u00e1ticas seg\u00fan cada oficio en <strong>espec\u00edfico<\/strong>, est\u00e1 buscando una formaci\u00f3n que le permita entender los riesgos de la Big Data, de aprender a programar en aut\u00f3nomo un coche o de poner en autom\u00e1tico la lucha contra el fraude fiscal?<br \/>Ven y descubre nuestras formaciones<\/p>\n<p>\t\t\t<a href=\"\/es\/cita\"><br \/>\n\t\t\t\t\t\tAplicar<br \/>\n\t\t\t\t\t<\/a><br \/>\n\t\thttps:\/\/www.youtube.com\/watch?v=uewWEhOOz6k<\/p>\n<p><strong>\u00bfEst\u00e1s interesado?<\/strong><br \/>Para m\u00e1s informaci\u00f3n, descubre las etapas de nuestro proceso de inscripci\u00f3n.<\/p>\n<p>\t\t\t<a href=\"\/es\/cita\"><br \/>\n\t\t\t\t\t\tAplicar<br \/>\n\t\t\t\t\t<\/a><\/p>\n<h2>FORMACI\u00d3N PROFESIONAL<\/h2>\n<p>\t\t\t\t\t\t\t\t\t\t\t\t\t\t\t\t<a href=\"\/es\/formacion-data-scientist\"><br \/>\n\t\t\t\t\t\t\t<img decoding=\"async\" width=\"125\" height=\"126\" src=\"https:\/\/liora.io\/app\/uploads\/sites\/7\/2022\/08\/DS.webp\" alt=\"\" loading=\"lazy\" \/>\t\t\t\t\t\t\t\t<\/a><\/p>\n<h2>Formaci\u00f3n profesional<\/h2>\n<h3><a href=\"\/es\/formacion-data-scientist\">Data Scientist\u200b<\/a><\/h3>\n<h2>Bootcamp<\/h2>\n<h2>o<\/h2>\n<h2>Tiempo parcial\u200b <\/h2>\n<p>\t\tConvi\u00e9rtete en Data Scientist con nuestro curso. Certificado por la Universidad Par\u00eds Sorbonne<br \/>\n\t\t\t<a href=\"\/es\/formacion-data-scientist\"><br \/>\n\t\t\t\t\t\tM\u00e1s informaci\u00f3n<br \/>\n\t\t\t\t\t<\/a><br \/>\n\t\t\t\t\t\t\t\t\t\t\t\t\t\t\t\t<a href=\"\/es\/formacion-data-analyst\"><br \/>\n\t\t\t\t\t\t\t<img decoding=\"async\" width=\"125\" height=\"126\" src=\"https:\/\/liora.io\/app\/uploads\/sites\/7\/2022\/08\/DA.webp\" alt=\"\" loading=\"lazy\" \/>\t\t\t\t\t\t\t\t<\/a><\/p>\n<h2>Formaci\u00f3n profesional<\/h2>\n<h3><a href=\"\/es\/formacion-data-analyst\">Data Analyst\u200b<\/a><\/h3>\n<h2>Bootcamp<\/h2>\n<h2>o<\/h2>\n<h2>Tiempo parcial\u200b <\/h2>\n<p>Convi\u00e9rtete en Data Analyst con nuestro curso y obt\u00e9n un certificado de la Universidad Par\u00eds Sorbonne<\/p>\n<p>\t\t\t<a href=\"\/es\/formacion-data-analyst\"><br \/>\n\t\t\t\t\t\tM\u00e1s informaci\u00f3n<br \/>\n\t\t\t\t\t<\/a><br \/>\n\t\t\t\t\t\t\t\t\t\t\t\t\t\t\t\t<a href=\"\/es\/formacion-data-engineer\"><br \/>\n\t\t\t\t\t\t\t<img decoding=\"async\" width=\"125\" height=\"126\" src=\"https:\/\/liora.io\/app\/uploads\/sites\/7\/2022\/08\/DE.webp\" alt=\"\" loading=\"lazy\" \/>\t\t\t\t\t\t\t\t<\/a><\/p>\n<h2>Formaci\u00f3n profesional<\/h2>\n<h3><a href=\"\/es\/formacion-data-engineer\">Data Engineer\u200b<\/a><\/h3>\n<h2>Bootcamp<\/h2>\n<h2>o<\/h2>\n<h2>Tiempo parcial\u200b <\/h2>\n<p>\t\tConvi\u00e9rtete en un alto responsable de la gesti\u00f3n y el an\u00e1lisis de datos masivos (Big Data).<br \/>\n\t\t\t<a href=\"\/es\/formacion-data-engineer\"><br \/>\n\t\t\t\t\t\tM\u00e1s informaci\u00f3n<br \/>\n\t\t\t\t\t<\/a><br \/>\n\t\t\t\t\t\t\t\t\t\t\t\t\t\t\t<img decoding=\"async\" width=\"125\" height=\"126\" src=\"https:\/\/liora.io\/app\/uploads\/sites\/7\/2022\/08\/DS.webp\" alt=\"\" loading=\"lazy\" \/><br \/>\n\t\t\tData Scientist\u200b<br \/>\n\t\t\t\t\t\t\t\t\t\t\t\t\t\t\t<img decoding=\"async\" src=\"https:\/\/liora.io\/app\/uploads\/2022\/05\/Arrow-1.png\" title=\"\" alt=\"\" loading=\"lazy\" \/><br \/>\n\t\t\t\t\t\t\t\t\t\t\t\t\t\t\t<img decoding=\"async\" width=\"125\" height=\"126\" src=\"https:\/\/liora.io\/app\/uploads\/sites\/7\/2022\/08\/DA.webp\" alt=\"\" loading=\"lazy\" \/><br \/>\n\t\t\tData Analyst\u200b<br \/>\n\t\t\t\t\t\t\t\t\t\t\t\t\t\t\t<img decoding=\"async\" src=\"https:\/\/liora.io\/app\/uploads\/2022\/05\/Arrow-1.png\" title=\"\" alt=\"\" loading=\"lazy\" \/><br \/>\n\t\t\t\t\t\t\t\t\t\t\t\t\t\t\t<img decoding=\"async\" width=\"125\" height=\"126\" src=\"https:\/\/liora.io\/app\/uploads\/sites\/7\/2022\/08\/DE.webp\" alt=\"\" loading=\"lazy\" \/><br \/>\n\t\t\tData Engineer\u200b<br \/>\n\t\t\t\t\t\t\t\t\t\t\t\t\t\t\t<img decoding=\"async\" src=\"https:\/\/liora.io\/app\/uploads\/2022\/05\/Arrow-1.png\" title=\"\" alt=\"\" loading=\"lazy\" \/><br \/>\n\t\thttps:\/\/youtube.com\/watch?v=_3zRHZNYwKc%3Fsi%3DXryVuJ-fd_JGcCzH\t\t<\/p>\n<h2>Descubre nuestra formaci\u00f3n  en 1 minuto<\/h2>\n<p>\u00bfLa <strong>ventaja<\/strong> de Liora?<\/p>\n<p>Una formaci\u00f3n <strong>h\u00edbrida<\/strong> que combina el <strong>aprendizaje<\/strong> <strong>guiado<\/strong> en una plataforma totalmente <strong>dise\u00f1ada<\/strong> por nuestros data scientists y sesiones de <strong>coaching<\/strong> para conjugar motivaci\u00f3n y <strong>flexibilidad<\/strong>.<\/p>\n<p>\t\t\t<a href=\"\/es\/cita\"><br \/>\n\t\t\t\t\t\tAplicar<br \/>\n\t\t\t\t\t<\/a><\/p>\n<h3>\u00bfTiene m\u00e1s preguntas sobre nuestras formaciones?<\/h3>\n<p>                \u00bfC\u00f3mo empezar un curso en Big Data?<\/p>\n<p><p>Hoy en d\u00eda, saber sacar provecho de sus datos en una empresa es imprescindible. Por lo tanto, las empresas buscan antes de todo rodearse de expertos reconocidos en Big Data. \u00bfTe preguntas<b> c\u00f3mo empezar un curso en Big Data <\/b>para formar parte del movimiento? Te lo ponemos f\u00e1cil.<\/p>\n<p>Seg\u00fan la revista econ\u00f3mica americana Forbes, la empresa IBM pronostic\u00f3 un aumento del 28% en el n\u00famero de cient\u00edficos de datos empleados en 2020. Visto as\u00ed, el mercado laboral en el entorno del Big Data es m\u00e1s que prometedor. Veamos <b>c\u00f3mo proceder para unirte a los expertos en Big Data<\/b>. Adelante.\u00a0<\/p>\n<\/p>\n<p>                \u00bfD\u00f3nde aprender sobre Big Data?<\/p>\n<p><p>A primera vista, la empresa que act\u00faa con un gestionamiento eficaz de sus datos puede lograr sus objetivos y aprovecharse de una seguridad interna de datos potente. Sin embargo, se puede\u00a0<b>aprender sobre Big Data<\/b>\u00a0de numerosas maneras y en varios lugares : en la web, de forma presencial o los 2 al mismo tiempo.\u00a0<\/p>\n<p>Aunque el modo de aprendizaje m\u00e1s com\u00fan es el m\u00e1ster universitario, el punto estrat\u00e9gico que puede guiar tu b\u00fasqueda es el<b>\u00a0tipo de formaci\u00f3n<\/b>\u00a0<b>que corresponde a tu proyecto laboral<\/b>. Por lo visto, un m\u00e1ster impone a los alumnos estudiar durante una larga temporada antes de poder entrar en el mercado laboral. La<b>\u00a0duraci\u00f3n media<\/b>\u00a0<b>de un m\u00e1ster<\/b>\u00a0suele ser de<b>\u00a02 a\u00f1os<\/b>.\u00a0<\/p>\n<p>Escogiendo una formaci\u00f3n de acuerdo con tu proyecto profesional, puedes responder a las necesidades de an\u00e1lisis de datos en las empresas. Existe una serie de conocimientos adecuados para cada \u00e1rea del negocio de una empresa : Business, recursos humanos, marketing, departamento espec\u00edfico dedicado al analitica de datos,\u2026 A partir de este punto, puedes orientar tu b\u00fasqueda hacia los\u00a0<b>3 siguientes tipos de aprendizajes profesionales<\/b>\u00a0<b>principales<\/b>\u00a0para aprender a manejar los datos y convertirte en un experto en Big Data.<\/p>\n<\/p>\n<p>                Aprender sobre Big Data en las universidades p\u00fablicas<\/p>\n<p><p>La mayor\u00eda del tiempo, es posible estudiar Big Data en las universidades p\u00fablicas de Espa\u00f1a. Los alumnos que integran los cursos de Big Data en una universidad deben dirigirse hacia un m\u00e1ster. Este modo de aprendizaje incluye la participaci\u00f3n a las master clases presenciales y un coste de estudios bastante oneroso en las<b>\u00a0siguientes universidades principales<\/b>\u00a0:<\/p>\n<ul>\n<li aria-level=\"1\">UCM (Universidad Complutense de\u00a0<b>Madrid<\/b>) : M\u00e1ster en Big Data y Business Analytics (520 horas).<\/li>\n<li aria-level=\"1\">Polit\u00e9cnica de<b>\u00a0Madrid<\/b>\u00a0(UPM) : M\u00e1ster Programme in Digital Innovation \u2013 Data Science (2 a\u00f1os).\u00a0<\/li>\n<li aria-level=\"1\">Universidad aut\u00f3noma de<b>\u00a0Barcelona<\/b>\u00a0: M\u00e1ster oficial en Ciencia de datos y Data Science (1 a\u00f1o).\u00a0<\/li>\n<li aria-level=\"1\">Universidad Camilo Jos\u00e9 Cela de<b>\u00a0Alcal\u00e1<\/b>\u00a0: M\u00e1ster en Big Data, Business Analytics y Business Intelligence (1 a\u00f1o).<\/li>\n<\/ul>\n<p>                Aprender sobre Big Data en las universidades online<\/p>\n<p><p>Tal como en las universidades p\u00fablicas, las siguientes universidades proponen formaciones profesionales en Big Data. La mayor diferencia es que las master clases se realizan a distancia a trav\u00e9s del acceso a una\u00a0<b>plataforma online<\/b>\u00a0:<\/p>\n<ul>\n<li aria-level=\"1\">Universidad Europea (UE)\u00a0: M\u00e1ster en An\u00e1lisis de datos masivos \u2013 Big Data (10 meses).\u00a0\u00a0<\/li>\n<li aria-level=\"1\">Universidad Internacional de La Rioja : Master en An\u00e1lisis y visualizaci\u00f3n de datos masivos \u2013 Visual Analytics \u2013 Big Data (1 a\u00f1o).<\/li>\n<li aria-level=\"1\">INESEM Business School : Master en Big Data (1 500 horas).\u00a0<\/li>\n<\/ul>\n<p>                Escoger un curso de Big Data Online<\/p>\n<p><p><b>Liora interviene a partir de este punto<\/b>\u00a0para llevar tu aprendizaje del Big Data hacia el \u00e9xito de forma r\u00e1pida y eficaz. Adem\u00e1s, \u00bfqui\u00e9n puede guiar mejor tu b\u00fasqueda que los alumnos de Liora? Seg\u00fan Switchup, los alumnos de nuestros cursos en Big Data Online manifiestan un nivel de satisfacci\u00f3n de 4,91\/5 en 2021.<\/p>\n<p>No te lo pierdas y ap\u00fantate para formar parte de los expertos en Big Data. Apostando por Liora, puedes entrar en el mercado laboral por la puerta grande con tu certificaci\u00f3n en mano. Nuestros alumnos reciben una certificaci\u00f3n para cada curso en Big Data otorgada por la Universidad La Sorbona de Par\u00eds, en el marco de su colaboraci\u00f3n con Liora.<\/p>\n<\/p>\n<p>                Curso de Big Data Online : \u00bfpor d\u00f3nde empezar?<\/p>\n<p><p>Adem\u00e1s de ser m\u00e1s pr\u00e1cticos y r\u00e1pidos en comparaci\u00f3n con un aprendizaje universitario, los\u00a0<b>cursos de Big Data Online<\/b>\u00a0encuentran un\u00a0<b>\u00e9xito creciente<\/b>\u00a0estos \u00faltimos a\u00f1os. Para saber<b>\u00a0por d\u00f3nde empezar\u00a0<\/b>y elegir el\u00a0<b>curso de Big Data Online<\/b>\u00a0que te corresponda, es \u00fatil saber antes de todo cuales son los tipos de an\u00e1lisis de datos que el experto en Big Data tiene a su cargo :<\/p>\n<ul>\n<li aria-level=\"1\">Uso de buenas pr\u00e1cticas y herramientas de ciencia de datos adecuadas.<\/li>\n<li aria-level=\"1\">Power BI para el negocio de las empresas.\u00a0<\/li>\n<li aria-level=\"1\">Aprendizaje autom\u00e1tico, conocido tambi\u00e9n como Machine Learning, y ciencia de datos.\u00a0<\/li>\n<li aria-level=\"1\"><b>An\u00e1lisis\u00a0<\/b>y\u00a0<b>visualizaci\u00f3n de datos<\/b>\u00a0con<b>\u00a0Python\u00a0<\/b>: De alguna forma, Python es un lenguaje de programaci\u00f3n bastante sencillo que permite escribir y leer datos, acerc\u00e1ndose del lenguaje humano. Es m\u00e1s, el lenguaje inform\u00e1tico Python es una multiplataforma de c\u00f3digo abierto en la cual el experto en datos puede desarrollar software de forma continua. Para lograrlo, es necesario disponer de las habilidades espec\u00edficas y aprender a utilizarlo.<\/li>\n<\/ul>\n<p>Sabiendo cu\u00e1l es aproximadamente el campo de acci\u00f3n del experto en Big Data, el procedimiento para apuntarte a alguno de los cursos en Big Data Online es f\u00e1cil :\u00a0<strong><a href=\"https:\/\/liora.io\/es\/cita\">contactar los asesores de Liora<\/a><\/strong>\u00a0para apuntarte al curso que corresponde a tu proyecto laboral u obtener m\u00e1s informaci\u00f3n.<\/p>\n<\/p>\n<p>                \u00bfC\u00f3mo es el curso en Big Data de Liora?<\/p>\n<p><p>El<b>\u00a0curso en Big Data en Liora\u00a0<\/b>puede definirse como un potente concentrado de las herramientas en Big Data m\u00e1s avanzadas hoy en d\u00eda. El objetivo de cada curso en Big Data es aprender sobre un dominio de Big Data preciso al servicio del negocio de las empresas :<\/p>\n<ul>\n<li aria-level=\"1\">Mejor toma de decisiones sobre la gesti\u00f3n de datos en la organizaci\u00f3n de la empresa.<\/li>\n<li aria-level=\"1\">Recolectar la informaci\u00f3n de forma eficaz.\u00a0<\/li>\n<li aria-level=\"1\">Uso de las \u00faltimas tecnolog\u00edas en materia de Big Data dentro de la estructura empresarial : Python, Cloud,..<\/li>\n<\/ul>\n<p>No es todo. Los alumnos disponen tambi\u00e9n de cursos Online performantes con la gu\u00eda de un experto en Big Data de forma continua a trav\u00e9s de la<b>\u00a0plataforma Online de Liora\u00a0<\/b>que dispone de un acceso 24\/7. De todos modos, puedes estar seguro de disponer del acompa\u00f1amiento de los asesores profesionales cuando lo necesites. Aqu\u00ed vienen los cursos propuestos por Liora en el \u00e1rea del Big Data :<\/p>\n<ul>\n<li aria-level=\"1\"><strong><a href=\"https:\/\/liora.io\/es\/formacion-data-scientist\">Formaci\u00f3n de Data Scientist<\/a><\/strong>\u00a0: estudiar sobre la programaci\u00f3n inform\u00e1tica, el Machine Learning, sistemas complejos de Inteligencia Artificial (conocida tambi\u00e9n como Artificial Intelligence),\u2026\u00a0\u00a0<\/li>\n<li aria-level=\"1\"><a href=\"https:\/\/liora.io\/es\/formacion-data-engineer\"><strong>Formaci\u00f3n de\u00a0Data Engineer\u00a0<\/strong><\/a>: estudiar sobre bases de datos, velocidad de Big Data, Data Science, Automatizaci\u00f3n, despliegue, programaci\u00f3n inform\u00e1tica,\u2026\u00a0<\/li>\n<li aria-level=\"1\"><a href=\"https:\/\/liora.io\/es\/formacion-data-analyst\"><strong>Formaci\u00f3n de Data Analyst<\/strong><\/a>\u00a0: estudiar sobre Big Data, Machine Learning, programaci\u00f3n, Dataviz, Business Intelligence, extracci\u00f3n y gesti\u00f3n de datos textuales,\u2026<\/li>\n<\/ul>\n<p>Todo lo visto es una \u00ednfima parte del campo de las posibilidades que traen los cursos profesionales Liora. En todo caso, cada formaci\u00f3n te trae las claves para poder responder a las necesidades (marketing, Business,\u2026) del mayor n\u00famero de empresas en Espa\u00f1a y tambi\u00e9n fuera de nuestras fronteras.<\/p>\n<p>En concreto, m\u00e1s de 70 grandes grupos tales como Prisma Media, AXA o Generali, conf\u00edan en Liora para formar sus colaboradores y sacar provecho de sus datos. Por otra parte, el \u00e9xito de nuestros numerosos alumnos, que encuentran trabajo con una velocidad tremenda, demuestra que el procedimiento de aprendizaje guiado 100% Online es el campo de trabajo perfecto para combinar flexibilidad y motivaci\u00f3n durante la integridad de tu aprendizaje.<\/p>\n<\/p>\n<p>                \u00bfCu\u00e1nto cuesta un curso en Big Data?<\/p>\n<p><p>De forma general, cada\u00a0<b>curso en Big Data<\/b>\u00a0dispone de su\u00a0<b>tarifa propia<\/b>. En todo caso, puedes acceder a los cursos Liora de manera sencilla. Es posible financiar tu aprendizaje de manera c\u00f3moda econ\u00f3micamente. En este sentido,<b>\u00a0existen 4 opciones\u00a0<\/b>para financiar tu curso en Big Data a largo plazo :\u00a0\u00a0<\/p>\n<ul>\n<li aria-level=\"1\">Puedes financiar el curso con\u00a0<strong><a href=\"https:\/\/app.studentfinance.com\/register\/student?ref=Liora\">Student Finance<\/a><\/strong>. No pagar\u00e1s nada hasta que encuentres trabajo y tu cuota depender\u00e1 de lo que ganes.<\/li>\n<li aria-level=\"1\">Gracias a nuestros estrechos v\u00ednculos con las empresas y nuestra elevada tasa de empleo, puedes bonificar nuestros cursos con\u00a0<strong><a href=\"https:\/\/dev.liora.io\/es\/formacion-data-con-fundae\">Fundae<\/a><\/strong>.<\/li>\n<li aria-level=\"1\">Puedes financiar nuestros cursos hasta en 12 meses con Pledg.<\/li>\n<li aria-level=\"1\">Financiar el curso con Quotanda sin intereses.<\/li>\n<\/ul>\n<p>                Curso de Big Data : lo que hay que recordar<\/p>\n<ul>\n<li aria-level=\"1\">Mucho m\u00e1s que un efecto de moda, el\u00a0<b>Big Data<\/b>\u00a0est\u00e1 formando parte del paisaje empresarial de las empresas exitosas. Saber sacar provecho de los datos siendo un experto en Big Data es ponerse en marcha en direcci\u00f3n de una carrera profesional duradera.\u00a0<\/li>\n<li aria-level=\"1\">Para\u00a0<b>empezar un curso de Big Data<\/b>, no hace falta ser un experto en programaci\u00f3n inform\u00e1tica en la web o en matem\u00e1ticas. Disponer de la pericia del Big Data est\u00e1 al alcance de la mayor parte de las personas.\u00a0\u00a0<\/li>\n<li aria-level=\"1\">La demanda en el mercado laboral de expertos en datos (analistas de datos, programadores, ingenieros de datos,\u2026) sobrepasa la oferta. Apostar por una formaci\u00f3n en Big Data es asegurar tu porvenir laboral de forma segura y exitosa.\u00a0<\/li>\n<li aria-level=\"1\">Antes de escoger un<b>\u00a0curso de Big Data<\/b>, es imprescindible que dispongas de toda la informaci\u00f3n\u00a0 (coste, duraci\u00f3n,\u2026) sobre el curso y su modo de aprendizaje : clases presenciales, cursos Online,\u2026\u00a0<\/li>\n<li aria-level=\"1\">\u00bfBuscas autonom\u00eda para aprender el Big Data? Aunque los cursos sean a distancia, \u00bfla disponibilidad de profesionales para guiarte paso a paso es fundamental? Liora re\u00fane estos requisitos, guiando a los alumnos de manera continua en cada etapa de los cursos en Big Data. Nuestro equipo est\u00e1 compuesto por profesionales en materia del Big Data de alta especializaci\u00f3n.\u00a0<\/li>\n<\/ul>\n<p>Ahora que sabes\u00a0c\u00f3mo\u00a0<b><a href=\"https:\/\/liora.io\/es\/cita\">empezar un curso en Big Data<\/a><\/b>, puedes ir m\u00e1s all\u00e1 y apostar por los cursos certificantes de Liora. Iniciando tu curso en Big Data, dispones de la seguridad de presentar a tu futura empresa una certificaci\u00f3n reconocida en Espa\u00f1a y tambi\u00e9n a trav\u00e9s del mundo. \u00bfTe atreves?<\/p><\/p>\n","protected":false},"excerpt":{"rendered":"<p>Nuestros cursos de Big\u00a0Data &#038; Data\u00a0Science Debutar en Data Science, es abrirse actualmente a un campo de nuevas oportunidades y de crecimiento, hoy te esperan numerosas tem\u00e1ticas alrededor de la Big Data, alrededor de el Deep Learning o de la Data Visualisation. Las competencias adecuadas de cada uno de estos roles son diferentes, en Liora [&hellip;]<\/p>\n","protected":false},"author":45,"featured_media":167686,"parent":0,"menu_order":0,"comment_status":"closed","ping_status":"closed","template":"","meta":{"_acf_changed":false,"editor_notices":[],"footnotes":""},"class_list":["post-10796","page","type-page","status-publish","has-post-thumbnail","hentry"],"acf":[],"_links":{"self":[{"href":"https:\/\/liora.io\/es\/wp-json\/wp\/v2\/pages\/10796","targetHints":{"allow":["GET"]}}],"collection":[{"href":"https:\/\/liora.io\/es\/wp-json\/wp\/v2\/pages"}],"about":[{"href":"https:\/\/liora.io\/es\/wp-json\/wp\/v2\/types\/page"}],"author":[{"embeddable":true,"href":"https:\/\/liora.io\/es\/wp-json\/wp\/v2\/users\/45"}],"replies":[{"embeddable":true,"href":"https:\/\/liora.io\/es\/wp-json\/wp\/v2\/comments?post=10796"}],"version-history":[{"count":0,"href":"https:\/\/liora.io\/es\/wp-json\/wp\/v2\/pages\/10796\/revisions"}],"wp:featuredmedia":[{"embeddable":true,"href":"https:\/\/liora.io\/es\/wp-json\/wp\/v2\/media\/167686"}],"wp:attachment":[{"href":"https:\/\/liora.io\/es\/wp-json\/wp\/v2\/media?parent=10796"}],"curies":[{"name":"wp","href":"https:\/\/api.w.org\/{rel}","templated":true}]}}