{"id":201947,"date":"2025-12-16T14:45:43","date_gmt":"2025-12-16T13:45:43","guid":{"rendered":"https:\/\/liora.io\/en\/?page_id=201947"},"modified":"2026-02-04T16:01:02","modified_gmt":"2026-02-04T15:01:02","slug":"faq-alumni","status":"publish","type":"page","link":"https:\/\/liora.io\/en\/faq-alumni","title":{"rendered":"[Liora] EN \u2013 FAQ Alumni"},"content":{"rendered":"\n<div class=\"wp-block-liora-blocks-hero alignfull wp-block-liora-hero-homepage\">\n\t<h1 class=\"sr-only\">[Liora] EN \u2013 FAQ Alumni<\/h1>\n\t<div class=\"wp-block-liora-hero-homepage__slider swiper swiper--main\">\n\t\t<div class=\"swiper-wrapper\">\n\t\t\t\t\t\t\t<div class=\"swiper-slide\">\n\t\t\t\t\t<div class=\"container\">\n\t\t\t\t\t\t<div class=\"wp-block-liora-hero-homepage__caption\">\n\t\t\t\t\t\t\t<h2 class=\"wp-block-liora-hero-homepage__title\">FAQ Alumni<\/h2><p class=\"wp-block-liora-hero-homepage__description\">Take a look behind the scenes of our rebranding. Datascientest, CyberUniversity and DevUniversity have now come together under a new name: Liora. A fresh identity for a new chapter in tech learning.<\/p>\t\t\t\t\t\t\t<div class=\"wp-block-buttons is-layout-flex wp-block-buttons-is-layout-flex\">\n\t\t\t\t\t\t\t<div class=\"wp-block-button is-style-small-outline\"><a href=\"#anchor-find-out-more\" class=\"wp-block-button__link has-white-color has-text-color has-link-color wp-element-button has-grow-animation\">Find out more<\/a><\/div>\t\t\t\t\t\t\t<\/div>\n\t\t\t\t\t\t\t\t\t\t\t\t\t<\/div>\n\t\t\t\t\t<\/div>\n\t\t\t\t<\/div>\n\t\t\t\t\t<\/div>\n\t<\/div>\n\t<div class=\"wp-block-liora-hero-homepage__medias swiper swiper--medias\">\n\t\t<div class=\"swiper-wrapper\">\n\t\t\t\t\t\t<div class=\"swiper-slide\">\n\t\t\t\t<figure class=\"wp-block-image size-full\"><img decoding=\"async\" width=\"1440\" height=\"680\" src=\"https:\/\/liora.io\/app\/uploads\/sites\/9\/2025\/12\/rectangle-1682-1440x680.png\" class=\"wp-block-liora-hero-homepage__slide-image\" alt=\"\" data-location=\"\" srcset=\"https:\/\/liora.io\/app\/uploads\/sites\/9\/2025\/12\/rectangle-1682-1440x680.png 1440w, https:\/\/liora.io\/app\/uploads\/sites\/9\/2025\/12\/rectangle-1682-1250x590.png 1250w\" sizes=\"(max-width: 1440px) 100vw, 1440px\" \/><\/figure>\t\t\t<\/div>\n\t\t\t\t\t<\/div>\n\t<\/div>\n\t\n\t\n<svg xmlns=\"http:\/\/www.w3.org\/2000\/svg\" width=\"2027\" height=\"1000\" viewBox=\"0 0 2027 1000\" class=\"shape-vector\" aria-hidden=\"true\" focusable=\"false\" fill=\"none\"><path stroke=\"currentColor\" stroke-width=\"2\" d=\"M497.861 1H1584.71c24.52 0 44.42 19.958 44.42 44.554v303.298c0 25.695 20.8 46.554 46.43 46.554h305.98c24.52 0 44.43 19.958 44.43 44.554v514.486c0 24.596-19.91 44.554-44.43 44.554h-607.52c-24.52 0-44.42-19.958-44.42-44.554V589.741c0-25.695-20.8-46.553-46.43-46.553H896.604c-25.63 0-46.425 20.858-46.425 46.553v364.705c0 24.596-19.906 44.554-44.426 44.554H45.425C20.905 999 1 979.042 1 954.446V517.401c0-24.596 19.905-44.553 44.425-44.553H407.01c25.629-.001 46.424-20.859 46.425-46.554V45.554C453.436 20.958 473.342 1 497.861 1Z\"\/><\/svg>\n<\/div>\n\n\n\n<div style=\"height:2rem\" aria-hidden=\"true\" class=\"wp-block-spacer\"><\/div>\n\n\n<span class=\"wp-block-beapi-anchor\" aria-hidden=\"true\" id=\"anchor-find-out-more\"><\/span>\n\n\n\n<div class=\"wp-block-group wp-pattern-overtitle-heading has-global-padding is-layout-constrained wp-container-core-group-is-layout-442b6e00 wp-block-group-is-layout-constrained\">\n<p class=\"has-text-align-left is-style-overtitle\">Why this change?<\/p>\n\n\n\n<h2 class=\"wp-block-heading has-text-align-left\" id=\"h-1-why-are-datascientest-cyberuniversity-and-devuniversity-becoming-liora\">1. Why are DataScientest, CyberUniversity and DevUniversity becoming Liora?<\/h2>\n<\/div>\n\n\n\n<div class=\"wp-block-group alignwide wp-pattern-media-video__text has-grey-1-background-color has-background has-global-padding is-content-justification-center is-layout-constrained wp-block-group-is-layout-constrained\" style=\"border-radius:24px\">\n<p>Since 2017, our mission has been clear: to reveal the full potential of each individual through world-class tech training.<\/p>\n\n\n\n<p>With Liora, we unite our strengths to go beyond: crafting a learning journey that\u2019s uniquely flexible, profoundly human, and fully aligned with the future of tech, from Data and AI to Cloud, Cybersecurity, and Digital.<\/p>\n<\/div>\n\n\n\n<div style=\"height:2rem\" aria-hidden=\"true\" class=\"wp-block-spacer\"><\/div>\n\n\n\n<div class=\"wp-block-group wp-pattern-overtitle-heading has-global-padding is-layout-constrained wp-container-core-group-is-layout-442b6e00 wp-block-group-is-layout-constrained\">\n<p class=\"has-text-align-left is-style-overtitle\">Alumni<\/p>\n\n\n\n<h2 class=\"wp-block-heading has-text-align-left\" id=\"h-2-what-does-this-change-mean-for-me-as-an-alumni\">2. What does this change mean for me as an alumni?<\/h2>\n<\/div>\n\n\n\n<div class=\"wp-block-group alignwide wp-pattern-media-video__text has-grey-1-background-color has-background has-global-padding is-content-justification-center is-layout-constrained wp-block-group-is-layout-constrained\" style=\"border-radius:24px\">\n<p style=\"margin-top:var(--wp--preset--spacing--xs);margin-bottom:var(--wp--preset--spacing--xs)\">The essentials stay the same:<\/p>\n\n\n\n<ul style=\"background-color:#faf7f7;margin-top:0;margin-right:0;margin-bottom:0;margin-left:0\" class=\"wp-block-list has-background\">\n<li class=\"has-black-color has-text-color has-link-color wp-elements-8af73b3670e0004f0a17c1e93b4b5a53\">You still benefit from a network connected to our prestigious partners (Sorbonne, Mines ParisTech, AWS, Google Cloud, Microsoft\u2026).<\/li>\n\n\n\n<li>Your expertise, your journey, your diploma, all remain fully recognized and valued.<\/li>\n\n\n\n<li>You remain part of the same strong alumni community, now proudly gathered under a new name: Liora.<\/li>\n<\/ul>\n<\/div>\n\n\n\n<div style=\"height:2rem\" aria-hidden=\"true\" class=\"wp-block-spacer\"><\/div>\n\n\n\n<div class=\"wp-block-group wp-pattern-overtitle-heading has-global-padding is-layout-constrained wp-container-core-group-is-layout-442b6e00 wp-block-group-is-layout-constrained\">\n<p class=\"has-text-align-left is-style-overtitle\">Recognition of your diploma<\/p>\n\n\n\n<h2 class=\"wp-block-heading has-text-align-left\" id=\"h-3-is-my-diploma-from-datascientest-cyberuniversity-devuniversity-still-recognized\">3. Is my diploma from DataScientest \/ CyberUniversity \/ DevUniversity still recognized?<\/h2>\n<\/div>\n\n\n\n<div class=\"wp-block-group alignwide wp-pattern-media-video__text has-grey-1-background-color has-background has-global-padding is-content-justification-center is-layout-constrained wp-block-group-is-layout-constrained\" style=\"border-radius:24px\">\n<p>\u2705 Absolutely. Your diploma remains fully valid and respected by our academic partners and leading companies alike.<br>Le changement de marque ne modifie en rien la valeur ni la l\u00e9gitimit\u00e9 de vos certifications.<br>The rebranding does not affect the value or legitimacy of your certifications in any way.<\/p>\n<\/div>\n\n\n\n<div style=\"height:2rem\" aria-hidden=\"true\" class=\"wp-block-spacer\"><\/div>\n\n\n\n<div class=\"wp-block-group wp-pattern-overtitle-heading has-global-padding is-layout-constrained wp-container-core-group-is-layout-442b6e00 wp-block-group-is-layout-constrained\">\n<p class=\"has-text-align-left is-style-overtitle\">Recognition of your diploma<\/p>\n\n\n\n<h2 class=\"wp-block-heading has-text-align-left\" id=\"h-4-i-graduated-before-january-2026-can-i-obtain-a-version-of-my-diploma-with-the-new-liora-visual-identity\">4. I graduated before January 2026. Can I obtain a version of my diploma with the new Liora visual identity?<\/h2>\n<\/div>\n\n\n\n<div class=\"wp-block-group alignwide wp-pattern-media-video__text has-grey-1-background-color has-background has-global-padding is-content-justification-center is-layout-constrained wp-block-group-is-layout-constrained\" style=\"border-radius:24px\">\n<p><strong>Yes \ud83c\udf89<\/strong><br>The process to follow is detailed in the questions below.<\/p>\n<\/div>\n\n\n\n<div style=\"height:2rem\" aria-hidden=\"true\" class=\"wp-block-spacer\"><\/div>\n\n\n\n<div class=\"wp-block-group wp-pattern-overtitle-heading has-global-padding is-layout-constrained wp-container-core-group-is-layout-442b6e00 wp-block-group-is-layout-constrained\">\n<p class=\"has-text-align-left is-style-overtitle\">Recognition of your diploma<\/p>\n\n\n\n<h2 class=\"wp-block-heading has-text-align-left\" id=\"h-5-why-request-a-diploma-aligned-with-the-liora-brand-identity\">5. Why request a diploma aligned with the Liora brand identity?<\/h2>\n<\/div>\n\n\n\n<div class=\"wp-block-group alignwide wp-pattern-media-video__text has-grey-1-background-color has-background has-global-padding is-content-justification-center is-layout-constrained wp-block-group-is-layout-constrained\" style=\"border-radius:24px\">\n<p>Are you an alumnus of DataScientest, CyberUniversity, or DevUniversity? You can now request an updated version of your diploma reflecting our new brand identity: Liora. Since 2017, more than 50,000 learners have trained with us. By becoming Liora, we are unifying our brands while affirming a stronger, more international vision focused on the future of Tech.<\/p>\n\n\n\n<p><strong>Your training does not change. Your DataScientest diploma remains valid.<\/strong><br>However, if you would like to reflect this evolution on your documents or LinkedIn profile, you can obtain a new graphic version of your diploma aligned with the Liora brand guidelines. Your request will be processed within <strong>72 hours<\/strong> by our team.<\/p>\n<\/div>\n\n\n\n<div style=\"height:2rem\" aria-hidden=\"true\" class=\"wp-block-spacer\"><\/div>\n\n\n\n<div class=\"wp-block-group wp-pattern-overtitle-heading has-global-padding is-layout-constrained wp-container-core-group-is-layout-442b6e00 wp-block-group-is-layout-constrained\">\n<p class=\"has-text-align-left is-style-overtitle\">Recognition of your diploma<\/p>\n\n\n\n<h2 class=\"wp-block-heading has-text-align-left\" id=\"h-6-how-can-i-request-a-reissue-of-a-datascientest-diploma-under-the-new-liora-brand-identity\">6. How can I request a reissue of a DataScientest diploma under the new Liora brand identity?<\/h2>\n<\/div>\n\n\n\n<div class=\"wp-block-group alignwide wp-pattern-media-video__text has-grey-1-background-color has-background has-global-padding is-content-justification-center is-layout-constrained wp-block-group-is-layout-constrained\" style=\"border-radius:24px\">\n<p>You can submit your diploma reissue request by completing the form on this page:<br><br>\ud83d\udc49 <a href=\"https:\/\/liora.io\/en\/diploma-reissue\">Diploma reissue request<br><\/a><br><strong>\u26a0\ufe0f Important: one request equals one diploma.<\/strong><br>If you have completed several programs, please fill out a separate form for each diploma you wish to receive.<br>Your request will be processed within <strong>72 hours<\/strong> by our team.<br><br>If you have any questions, you can contact us at: <strong><a>contact@liora.io<\/a><\/strong><br>Our alumni team will get back to you as soon as possible.<\/p>\n\n\n\n<div class=\"wp-block-group alignwide wp-pattern-media-video__text has-white-color has-text-color has-background has-link-color wp-elements-8ac11f7ce1f040478e5e1521c62bc401 has-global-padding is-content-justification-center is-layout-constrained wp-block-group-is-layout-constrained\" style=\"border-radius:24px;background-color:#5e5e9f\">\n<p>\ud83d\udca1 <strong>Tip:<\/strong> this is the perfect opportunity to update your LinkedIn profile and share the new Liora brand identity by posting your updated diploma or a post announcing our rebranding.<br>Use the hashtags <strong>#Liora #YourFutureDecoded<\/strong> to join the community.<br>Please note that, for verification and security reasons, generating your new diploma may take up to one week.<\/p>\n<\/div>\n<\/div>\n\n\n\n<div style=\"height:2rem\" aria-hidden=\"true\" class=\"wp-block-spacer\"><\/div>\n\n\n\n<div class=\"wp-block-group wp-pattern-overtitle-heading has-global-padding is-layout-constrained wp-container-core-group-is-layout-442b6e00 wp-block-group-is-layout-constrained\">\n<p class=\"has-text-align-left is-style-overtitle\">rebranding<\/p>\n\n\n\n<h2 class=\"wp-block-heading has-text-align-left\" id=\"h-7-why-liora-what-inspired-this-new-name\">7. Why &#8220;Liora&#8221;? What inspired this new name?<\/h2>\n<\/div>\n\n\n\n<div class=\"wp-block-group alignwide wp-pattern-media-video__text has-grey-1-background-color has-background has-global-padding is-content-justification-center is-layout-constrained wp-block-group-is-layout-constrained\" style=\"border-radius:24px\">\n<p>The name Liora symbolizes light, clarity and the revelation of potential. These are values that reflect our philosophy and were intentionally chosen to echo the word \u201claurel.\u201d<br>Our goal is to help everyone decode their future through technology and learning.<br>It is a simple, international and meaningful name that reflects our global vision and educational mission.<\/p>\n<\/div>\n\n\n\n<div style=\"height:2rem\" aria-hidden=\"true\" class=\"wp-block-spacer\"><\/div>\n\n\n\n<div class=\"wp-block-group wp-pattern-overtitle-heading has-global-padding is-layout-constrained wp-container-core-group-is-layout-442b6e00 wp-block-group-is-layout-constrained\">\n<p class=\"has-text-align-left is-style-overtitle\">rebranding<\/p>\n\n\n\n<h2 class=\"wp-block-heading has-text-align-left\" id=\"h-8-what-values-remain-at-the-heart-of-liora\">8. What values remain at the heart of Liora?<\/h2>\n<\/div>\n\n\n\n<div class=\"wp-block-group alignwide wp-pattern-media-video__text has-grey-1-background-color has-background has-global-padding is-content-justification-center is-layout-constrained wp-block-group-is-layout-constrained\" style=\"border-radius:24px;min-height:0px\">\n<p>Our foundations remain unchanged. Today, they stand stronger and shine brighter.<\/p>\n\n\n\n<div class=\"wp-block-group alignwide has-global-padding is-layout-constrained wp-block-group-is-layout-constrained\">\n<div class=\"wp-block-group is-layout-grid wp-container-core-group-is-layout-a9535673 wp-block-group-is-layout-grid\">\n<div class=\"wp-block-columns is-layout-flex wp-container-core-columns-is-layout-28f84493 wp-block-columns-is-layout-flex\">\n<div class=\"wp-block-column is-vertically-aligned-bottom is-layout-flow wp-block-column-is-layout-flow\">\n<figure class=\"wp-block-image size-full\"><img decoding=\"async\" src=\"https:\/\/liora.io\/app\/uploads\/2025\/12\/frame-35094.png\" alt=\"\" class=\"wp-image-300032\" \/><\/figure>\n\n\n\n<h5 class=\"wp-block-heading\" id=\"h-sharing\">Sharing<\/h5>\n\n\n\n<p>We foster idea-sharing and collective learning to grow faster, together.<\/p>\n<\/div>\n<\/div>\n\n\n\n<div class=\"wp-block-columns is-layout-flex wp-container-core-columns-is-layout-28f84493 wp-block-columns-is-layout-flex\">\n<div class=\"wp-block-column is-layout-flow wp-block-column-is-layout-flow\">\n<figure class=\"wp-block-image size-full\"><img decoding=\"async\" src=\"https:\/\/liora.io\/app\/uploads\/2025\/12\/frame-35094-1.png\" alt=\"\" class=\"wp-image-300034\" \/><\/figure>\n\n\n\n<h5 class=\"wp-block-heading\" id=\"h-excellence\">Excellence<\/h5>\n\n\n\n<p>We deliver top-tier content and learning experiences.<\/p>\n<\/div>\n<\/div>\n\n\n\n<div class=\"wp-block-columns wp-container-content-b959ccbe is-layout-flex wp-container-core-columns-is-layout-28f84493 wp-block-columns-is-layout-flex\">\n<div class=\"wp-block-column is-layout-flow wp-block-column-is-layout-flow\">\n<figure class=\"wp-block-image size-full\"><img decoding=\"async\" src=\"https:\/\/liora.io\/app\/uploads\/2025\/12\/frame-35094-2-1.png\" alt=\"\" class=\"wp-image-300042\" \/><\/figure>\n\n\n\n<h5 class=\"wp-block-heading\" id=\"h-collaboration\">Collaboration<\/h5>\n\n\n\n<p>We bring people and skills together to build smarter, stronger solutions.<\/p>\n<\/div>\n<\/div>\n<\/div>\n\n\n\n<div class=\"wp-block-group is-layout-grid wp-container-core-group-is-layout-478b6e6b wp-block-group-is-layout-grid\">\n<div class=\"wp-block-columns is-layout-flex wp-container-core-columns-is-layout-28f84493 wp-block-columns-is-layout-flex\">\n<div class=\"wp-block-column is-vertically-aligned-bottom is-layout-flow wp-block-column-is-layout-flow\">\n<figure class=\"wp-block-image size-full\"><img decoding=\"async\" src=\"https:\/\/liora.io\/app\/uploads\/2025\/12\/frame-35094-4.png\" alt=\"\" class=\"wp-image-300044\" \/><\/figure>\n\n\n\n<h5 class=\"wp-block-heading\" id=\"h-adaptation\">Adaptation<\/h5>\n\n\n\n<p>We tailor every journey to your rhythm, goals, and learning style.<\/p>\n<\/div>\n<\/div>\n\n\n\n<div class=\"wp-block-columns is-layout-flex wp-container-core-columns-is-layout-28f84493 wp-block-columns-is-layout-flex\">\n<div class=\"wp-block-column is-layout-flow wp-block-column-is-layout-flow\">\n<figure class=\"wp-block-image size-full\"><img decoding=\"async\" src=\"https:\/\/liora.io\/app\/uploads\/2025\/12\/frame-345672.png\" alt=\"\" class=\"wp-image-300045\" \/><\/figure>\n\n\n\n<h5 class=\"wp-block-heading\" id=\"h-ouverture\">Ouverture<\/h5>\n\n\n\n<p>We welcome diverse ideas and inspire curiosity to expand your horizons.<\/p>\n<\/div>\n<\/div>\n<\/div>\n<\/div>\n<\/div>\n\n\n\n<div style=\"height:2rem\" aria-hidden=\"true\" class=\"wp-block-spacer\"><\/div>\n\n\n\n<div class=\"wp-block-group wp-pattern-overtitle-heading has-global-padding is-layout-constrained wp-container-core-group-is-layout-442b6e00 wp-block-group-is-layout-constrained\">\n<p class=\"has-text-align-left is-style-overtitle\">partnerships<\/p>\n\n\n\n<h2 class=\"wp-block-heading has-text-align-left\" id=\"h-9-is-liora-still-working-with-the-same-trusted-partners\">9. Is Liora still working with the same trusted partners?<\/h2>\n<\/div>\n\n\n\n<div class=\"wp-block-group alignwide wp-pattern-media-video__text has-grey-1-background-color has-background has-global-padding is-content-justification-center is-layout-constrained wp-block-group-is-layout-constrained\" style=\"border-radius:24px\">\n<p>Absolutely, and now more than ever.<br>Our partnerships with academic and tech leaders haven\u2019t changed, they\u2019ve only grown stronger.<\/p>\n\n\n\n<ul class=\"wp-block-list\">\n<li>Universit\u00e9 Panth\u00e9on-Sorbonne, \u00c9cole des Mines ParisTech, ECE<\/li>\n\n\n\n<li>AWS, Google Cloud, Microsoft, SAP, Salesforce, Dataiku\u2026<\/li>\n<\/ul>\n\n\n\n<p>These partnerships still guarantee the quality and credibility of our programs.<\/p>\n<\/div>\n\n\n\n<div style=\"height:2rem\" aria-hidden=\"true\" class=\"wp-block-spacer\"><\/div>\n\n\n\n<div class=\"wp-block-group wp-pattern-overtitle-heading has-global-padding is-layout-constrained wp-container-core-group-is-layout-442b6e00 wp-block-group-is-layout-constrained\">\n<p class=\"has-text-align-left is-style-overtitle\">Alumni<\/p>\n\n\n\n<h2 class=\"wp-block-heading has-text-align-left\" id=\"h-10-what-s-changing-for-the-alumni-community\">10. What\u2019s changing for the alumni community?<\/h2>\n<\/div>\n\n\n\n<div class=\"wp-block-group alignwide wp-pattern-media-video__text has-grey-1-background-color has-background has-global-padding is-content-justification-center is-layout-constrained wp-block-group-is-layout-constrained\" style=\"border-radius:24px\">\n<p>The Liora Alumni community now brings together all former students of DataScientest, CyberUniversity and DevUniversity.<br>This creates a unified network of more than 20,000 tech professionals across over 45 countries.<\/p>\n\n\n\n<p>New events, initiatives and chances to connect will soon be launched under the Liora name.<\/p>\n<\/div>\n\n\n\n<div style=\"height:2rem\" aria-hidden=\"true\" class=\"wp-block-spacer\"><\/div>\n\n\n\n<div class=\"wp-block-group wp-pattern-overtitle-heading has-global-padding is-layout-constrained wp-container-core-group-is-layout-442b6e00 wp-block-group-is-layout-constrained\">\n<p class=\"has-text-align-left is-style-overtitle\">How to take action?<\/p>\n\n\n\n<h2 class=\"wp-block-heading has-text-align-left\" id=\"h-11-how-can-i-get-involved-in-this-new-chapter\">11. How can I get involved in this new chapter?<\/h2>\n<\/div>\n\n\n\n<div class=\"wp-block-group alignwide wp-pattern-media-video__text has-grey-1-background-color has-background has-global-padding is-content-justification-center is-layout-constrained wp-block-group-is-layout-constrained\" style=\"border-radius:24px\">\n<p>\ud83d\udc49 Update your LinkedIn profile with the name Liora (formerly DataScientest).<br>\ud83d\udc49 Download your updated diploma.<br>\ud83d\udc49 Share your journey and your pride in being part of the community using the hashtag #Liora #YourFutureDecoded.<br>\ud83d\udc49 Keep up with our latest news and stay connected with the community through our alumni channels and social media.<\/p>\n<\/div>\n\n\n\n<div style=\"height:2rem\" aria-hidden=\"true\" class=\"wp-block-spacer\"><\/div>\n\n\n\n<h4 class=\"wp-block-heading has-text-align-center\" id=\"h-to-sum-it-up\">To sum it up:<\/h4>\n\n\n\n<p class=\"has-text-align-center is-style-h6\">Same DNA. New ambitions.<br>Same quality. New name.<br>Same community. Stronger than ever.<\/p>\n\n\n\n<h2 class=\"wp-block-heading has-text-align-center has-primary-blue-color has-text-color has-link-color wp-elements-4c0e692a6b42700236219d4d08add78b\" id=\"h-your-future-decoded\">YOUR FUTURE, DECODED.<\/h2>\n\n\n\n<p class=\"has-text-align-center has-primary-blue-color has-text-color has-link-color wp-elements-bf4997f4c7adb4a202930506746c27e3\">We\u2019re excited to help your journey shine with Liora.<\/p>\n\n\n\n<div class=\"wp-block-group has-primary-blue-background-color has-background has-global-padding is-layout-constrained wp-block-group-is-layout-constrained\" style=\"border-radius:50px\">\n<div class=\"wp-block-group has-global-padding is-layout-constrained wp-block-group-is-layout-constrained\" style=\"margin-top:var(--wp--preset--spacing--columns);margin-bottom:var(--wp--preset--spacing--columns)\">\n<h2 class=\"wp-block-heading has-text-align-center is-style-h3 has-white-color has-text-color has-link-color wp-elements-cd3927204f823e68389b2a3c76d1820f\" id=\"h-let-s-unlock-the-full-potential-of-tech-and-the-people-behind-it\">Let\u2019s unlock the full potential of tech <br>and the people behind it.<\/h2>\n\n\n\n<div class=\"wp-block-columns is-not-stacked-on-mobile is-layout-flex wp-container-core-columns-is-layout-2194a53b wp-block-columns-is-layout-flex\" style=\"margin-top:var(--wp--preset--spacing--columns);margin-bottom:var(--wp--preset--spacing--columns);padding-right:var(--wp--preset--spacing--2-xl-large);padding-left:var(--wp--preset--spacing--2-xl-large)\">\n<div class=\"wp-block-column has-sector-yellow-background-color has-background is-layout-flow wp-block-column-is-layout-flow\" style=\"border-radius:100px\">\n<div style=\"height:5px\" aria-hidden=\"true\" class=\"wp-block-spacer\"><\/div>\n<\/div>\n\n\n\n<div class=\"wp-block-column has-sector-blue-turquoise-color has-sector-blue-turquoise-background-color has-text-color has-background has-link-color wp-elements-b15c6565f165283e2a994b1b7022cad5 is-layout-flow wp-block-column-is-layout-flow\" style=\"border-radius:100px\">\n<div style=\"height:5px\" aria-hidden=\"true\" class=\"wp-block-spacer\"><\/div>\n<\/div>\n\n\n\n<div class=\"wp-block-column has-sector-pink-color has-sector-pink-background-color has-text-color has-background has-link-color wp-elements-de9cf370fe0a317282ddc79b94cd0963 is-layout-flow wp-block-column-is-layout-flow\" style=\"border-radius:100px\">\n<div style=\"height:5px\" aria-hidden=\"true\" class=\"wp-block-spacer\"><\/div>\n<\/div>\n\n\n\n<div class=\"wp-block-column has-sector-blue-color has-sector-blue-background-color has-text-color has-background has-link-color wp-elements-f884aa19bb760a148fcfd40715c9e329 is-layout-flow wp-block-column-is-layout-flow\" style=\"border-radius:100px\">\n<div style=\"height:5px\" aria-hidden=\"true\" class=\"wp-block-spacer\"><\/div>\n<\/div>\n<\/div>\n<\/div>\n<\/div>\n\n\n\n<div style=\"height:2rem\" aria-hidden=\"true\" class=\"wp-block-spacer\"><\/div>\n\n\n\n<div class=\"wp-block-group alignwide wp-pattern-media-text-background is-layout-flow wp-block-group-is-layout-flow\">\n<div class=\"wp-block-group is-nowrap is-layout-flex wp-container-core-group-is-layout-6c531013 wp-block-group-is-layout-flex\">\n<div class=\"wp-block-group wp-pattern-media-text-background__text has-white-color has-text-color has-link-color wp-elements-c6669c7073f63b9cbcd917f46fbbd092 has-global-padding is-layout-constrained wp-container-core-group-is-layout-0d9b3749 wp-block-group-is-layout-constrained\">\n<div class=\"wp-block-group has-global-padding is-layout-constrained wp-container-core-group-is-layout-442b6e00 wp-block-group-is-layout-constrained\">\n<p class=\"is-style-h3 has-white-color has-text-color has-link-color wp-elements-095103144d11e9751b8ceafbb9faf556\">Any other questions?<\/p>\n\n\n\n<p>Our team is here to answer any questions you might have about the rebrand. Feel free to email us at contact@liora.com<\/p>\n<\/div>\n\n\n\n<div class=\"wp-block-buttons is-layout-flex wp-block-buttons-is-layout-flex\">\n<div class=\"wp-block-button is-style-outline is-style-outline--1\"><a class=\"wp-block-button__link has-white-color has-text-color has-link-color wp-element-button\" href=\"mailto:contact@liora.io\">Send an email<\/a><\/div>\n<\/div>\n<\/div>\n\n\n\n<figure class=\"wp-block-image size-full\"><img decoding=\"async\" src=\"https:\/\/liora.io\/app\/uploads\/2025\/12\/collaborateurs-homme-femme-sourient-1.png\" alt=\"\" class=\"wp-image-300049\" style=\"aspect-ratio:1;object-fit:cover\" \/><\/figure>\n<\/div>\n\n\n\n<div style=\"height:5rem\" aria-hidden=\"true\" class=\"wp-block-spacer\"><\/div>\n<\/div>\n","protected":false},"excerpt":{"rendered":"<p>Why this change? 1. Why are DataScientest, CyberUniversity and DevUniversity becoming Liora? Since 2017, our mission has been clear: to reveal the full potential of each individual through world-class tech training. With Liora, we unite our strengths to go beyond: crafting a learning journey that\u2019s uniquely flexible, profoundly human, and fully aligned with the future [&hellip;]<\/p>\n","protected":false},"author":55,"featured_media":202906,"parent":0,"menu_order":0,"comment_status":"closed","ping_status":"closed","template":"page-without-title-with-blue-header","meta":{"_acf_changed":false,"editor_notices":[],"footnotes":""},"class_list":["post-201947","page","type-page","status-publish","has-post-thumbnail","hentry"],"acf":[],"_links":{"self":[{"href":"https:\/\/liora.io\/en\/wp-json\/wp\/v2\/pages\/201947","targetHints":{"allow":["GET"]}}],"collection":[{"href":"https:\/\/liora.io\/en\/wp-json\/wp\/v2\/pages"}],"about":[{"href":"https:\/\/liora.io\/en\/wp-json\/wp\/v2\/types\/page"}],"author":[{"embeddable":true,"href":"https:\/\/liora.io\/en\/wp-json\/wp\/v2\/users\/55"}],"replies":[{"embeddable":true,"href":"https:\/\/liora.io\/en\/wp-json\/wp\/v2\/comments?post=201947"}],"version-history":[{"count":5,"href":"https:\/\/liora.io\/en\/wp-json\/wp\/v2\/pages\/201947\/revisions"}],"predecessor-version":[{"id":204312,"href":"https:\/\/liora.io\/en\/wp-json\/wp\/v2\/pages\/201947\/revisions\/204312"}],"wp:featuredmedia":[{"embeddable":true,"href":"https:\/\/liora.io\/en\/wp-json\/wp\/v2\/media\/202906"}],"wp:attachment":[{"href":"https:\/\/liora.io\/en\/wp-json\/wp\/v2\/media?parent=201947"}],"curies":[{"name":"wp","href":"https:\/\/api.w.org\/{rel}","templated":true}]}}