{"id":177728,"date":"2024-02-05T12:20:11","date_gmt":"2024-02-05T11:20:11","guid":{"rendered":"https:\/\/liora.io\/en\/?page_id=177728"},"modified":"2026-04-07T14:47:36","modified_gmt":"2026-04-07T13:47:36","slug":"events","status":"publish","type":"page","link":"https:\/\/liora.io\/en\/events","title":{"rendered":"[Liora] EN \u2013 Events"},"content":{"rendered":"\n<div class=\"wp-block-liora-blocks-hero alignfull wp-block-liora-hero-homepage\">\n\t<h1 class=\"sr-only\">[Liora] EN \u2013 Events<\/h1>\n\t<div class=\"wp-block-liora-hero-homepage__slider swiper swiper--main\">\n\t\t<div class=\"swiper-wrapper\">\n\t\t\t\t\t\t\t<div class=\"swiper-slide\">\n\t\t\t\t\t<div class=\"container\">\n\t\t\t\t\t\t<div class=\"wp-block-liora-hero-homepage__caption\">\n\t\t\t\t\t\t\t<h2 class=\"wp-block-liora-hero-homepage__title\">Webinars<\/h2><p class=\"wp-block-liora-hero-homepage__description\">Learn from the tech leaders shaping tomorrow. Real-life insights, trends, and use cases all in compact. Powerful webinars you can access from anywhere.<\/p>\t\t\t\t\t\t\t<div class=\"wp-block-buttons is-layout-flex wp-block-buttons-is-layout-flex\">\n\t\t\t\t\t\t\t<div class=\"wp-block-button is-style-small-outline\"><a href=\"#anchor-find-out-more\" class=\"wp-block-button__link has-white-color has-text-color has-link-color wp-element-button has-grow-animation\">Find out more<\/a><\/div>\t\t\t\t\t\t\t<\/div>\n\t\t\t\t\t\t\t\n<div class=\"swiper__navigation\">\n\t<div class=\"swiper-pagination\"><\/div>\n\n\t<div class=\"swiper__buttons\">\n\t\t<button class=\"swiper-button-prev\" type=\"button\">\n\t\t\t<svg class=\"icon icon-arrow-left\" aria-hidden=\"true\" focusable=\"false\"><use href=\"https:\/\/liora.io\/app\/themes\/liora\/dist\/icons\/sprite.svg#icon-arrow-left\"><\/use><\/svg>\t\t\t<span class=\"sr-only\">Previous<\/span>\n\t\t<\/button>\n\t\t<button class=\"swiper-button-next\" type=\"button\">\n\t\t\t<svg class=\"icon icon-arrow-right\" aria-hidden=\"true\" focusable=\"false\"><use href=\"https:\/\/liora.io\/app\/themes\/liora\/dist\/icons\/sprite.svg#icon-arrow-right\"><\/use><\/svg>\t\t\t<span class=\"sr-only\">Next<\/span>\n\t\t<\/button>\n\t<\/div>\n<\/div>\n\t\t\t\t\t\t<\/div>\n\t\t\t\t\t<\/div>\n\t\t\t\t<\/div>\n\t\t\t\t\t\t\t<div class=\"swiper-slide\">\n\t\t\t\t\t<div class=\"container\">\n\t\t\t\t\t\t<div class=\"wp-block-liora-hero-homepage__caption\">\n\t\t\t\t\t\t\t<h2 class=\"wp-block-liora-hero-homepage__title\">Live Q&amp;A<\/h2><p class=\"wp-block-liora-hero-homepage__description\">Chat live with tech experts and get instant answers. Our Q&amp;A sessions help you overcome roadblocks and keep moving forward. Don\u2019t wait to move towards your future.\r\n<\/p>\t\t\t\t\t\t\t<div class=\"wp-block-buttons is-layout-flex wp-block-buttons-is-layout-flex\">\n\t\t\t\t\t\t\t<div class=\"wp-block-button is-style-small-outline\"><a href=\"#anchor-find-out-more\" class=\"wp-block-button__link has-white-color has-text-color has-link-color wp-element-button has-grow-animation\">Find out more<\/a><\/div>\t\t\t\t\t\t\t<\/div>\n\t\t\t\t\t\t\t\n<div class=\"swiper__navigation\">\n\t<div class=\"swiper-pagination\"><\/div>\n\n\t<div class=\"swiper__buttons\">\n\t\t<button class=\"swiper-button-prev\" type=\"button\">\n\t\t\t<svg class=\"icon icon-arrow-left\" aria-hidden=\"true\" focusable=\"false\"><use href=\"https:\/\/liora.io\/app\/themes\/liora\/dist\/icons\/sprite.svg#icon-arrow-left\"><\/use><\/svg>\t\t\t<span class=\"sr-only\">Previous<\/span>\n\t\t<\/button>\n\t\t<button class=\"swiper-button-next\" type=\"button\">\n\t\t\t<svg class=\"icon icon-arrow-right\" aria-hidden=\"true\" focusable=\"false\"><use href=\"https:\/\/liora.io\/app\/themes\/liora\/dist\/icons\/sprite.svg#icon-arrow-right\"><\/use><\/svg>\t\t\t<span class=\"sr-only\">Next<\/span>\n\t\t<\/button>\n\t<\/div>\n<\/div>\n\t\t\t\t\t\t<\/div>\n\t\t\t\t\t<\/div>\n\t\t\t\t<\/div>\n\t\t\t\t\t\t\t<div class=\"swiper-slide\">\n\t\t\t\t\t<div class=\"container\">\n\t\t\t\t\t\t<div class=\"wp-block-liora-hero-homepage__caption\">\n\t\t\t\t\t\t\t<h2 class=\"wp-block-liora-hero-homepage__title\">In\u202fperson<\/h2><p class=\"wp-block-liora-hero-homepage__description\">Real-life energy hits different. Connect with your mentors, team up with your peers during our in-person events. A hands-on, human-centered experience designed to shape your career.<\/p>\t\t\t\t\t\t\t<div class=\"wp-block-buttons is-layout-flex wp-block-buttons-is-layout-flex\">\n\t\t\t\t\t\t\t<div class=\"wp-block-button is-style-small-outline\"><a href=\"#anchor-find-out-more\" class=\"wp-block-button__link has-white-color has-text-color has-link-color wp-element-button has-grow-animation\">Find out more<\/a><\/div>\t\t\t\t\t\t\t<\/div>\n\t\t\t\t\t\t\t\n<div class=\"swiper__navigation\">\n\t<div class=\"swiper-pagination\"><\/div>\n\n\t<div class=\"swiper__buttons\">\n\t\t<button class=\"swiper-button-prev\" type=\"button\">\n\t\t\t<svg class=\"icon icon-arrow-left\" aria-hidden=\"true\" focusable=\"false\"><use href=\"https:\/\/liora.io\/app\/themes\/liora\/dist\/icons\/sprite.svg#icon-arrow-left\"><\/use><\/svg>\t\t\t<span class=\"sr-only\">Previous<\/span>\n\t\t<\/button>\n\t\t<button class=\"swiper-button-next\" type=\"button\">\n\t\t\t<svg class=\"icon icon-arrow-right\" aria-hidden=\"true\" focusable=\"false\"><use href=\"https:\/\/liora.io\/app\/themes\/liora\/dist\/icons\/sprite.svg#icon-arrow-right\"><\/use><\/svg>\t\t\t<span class=\"sr-only\">Next<\/span>\n\t\t<\/button>\n\t<\/div>\n<\/div>\n\t\t\t\t\t\t<\/div>\n\t\t\t\t\t<\/div>\n\t\t\t\t<\/div>\n\t\t\t\t\t<\/div>\n\t<\/div>\n\t<div class=\"wp-block-liora-hero-homepage__medias swiper swiper--medias\">\n\t\t<div class=\"swiper-wrapper\">\n\t\t\t\t\t\t<div class=\"swiper-slide\">\n\t\t\t\t\t\t\t\t\t\t<figure class=\"wp-block-video\">\n\t\t\t\t\t\t\t<video src=\"https:\/\/liora.io\/app\/uploads\/sites\/9\/2026\/01\/4773215-hd-1280-720-24fps.mp4\" type=\"video\" preload=\"metadata\" loop muted playsinline autoplay><\/video>\n\t\t\t\t\t\t<\/figure>\n\t\t\t\t\t\t\t\t<\/div>\n\t\t\t\t\t\t<div class=\"swiper-slide\">\n\t\t\t\t\t\t\t\t\t\t<figure class=\"wp-block-video\">\n\t\t\t\t\t\t\t<video src=\"https:\/\/liora.io\/app\/uploads\/sites\/9\/2026\/01\/istock-1635412225-compressed.mp4\" type=\"video\" preload=\"metadata\" loop muted playsinline autoplay><\/video>\n\t\t\t\t\t\t<\/figure>\n\t\t\t\t\t\t\t\t<\/div>\n\t\t\t\t\t\t<div class=\"swiper-slide\">\n\t\t\t\t\t\t\t\t\t\t<figure class=\"wp-block-video\">\n\t\t\t\t\t\t\t<video src=\"https:\/\/liora.io\/app\/uploads\/sites\/9\/2026\/01\/istock-2224343460-compressed.mp4\" type=\"video\" preload=\"metadata\" loop muted playsinline autoplay><\/video>\n\t\t\t\t\t\t<\/figure>\n\t\t\t\t\t\t\t\t<\/div>\n\t\t\t\t\t<\/div>\n\t<\/div>\n\t\n\t\n<svg xmlns=\"http:\/\/www.w3.org\/2000\/svg\" width=\"2027\" height=\"1000\" viewBox=\"0 0 2027 1000\" class=\"shape-vector\" aria-hidden=\"true\" focusable=\"false\" fill=\"none\"><path stroke=\"currentColor\" stroke-width=\"2\" d=\"M497.861 1H1584.71c24.52 0 44.42 19.958 44.42 44.554v303.298c0 25.695 20.8 46.554 46.43 46.554h305.98c24.52 0 44.43 19.958 44.43 44.554v514.486c0 24.596-19.91 44.554-44.43 44.554h-607.52c-24.52 0-44.42-19.958-44.42-44.554V589.741c0-25.695-20.8-46.553-46.43-46.553H896.604c-25.63 0-46.425 20.858-46.425 46.553v364.705c0 24.596-19.906 44.554-44.426 44.554H45.425C20.905 999 1 979.042 1 954.446V517.401c0-24.596 19.905-44.553 44.425-44.553H407.01c25.629-.001 46.424-20.859 46.425-46.554V45.554C453.436 20.958 473.342 1 497.861 1Z\"\/><\/svg>\n<\/div>\n\n\n\n<div class=\"wp-block-group wp-pattern-overtitle-heading has-global-padding is-layout-constrained wp-container-core-group-is-layout-442b6e00 wp-block-group-is-layout-constrained\">\n<p class=\"has-text-align-center is-style-overtitle\">Our events<\/p>\n\n\n\n<h2 class=\"wp-block-heading has-text-align-center\" id=\"h-every-great-story-started-with-an-event\">Every great story started with an event<\/h2>\n<\/div>\n\n\n<span class=\"wp-block-beapi-anchor\" aria-hidden=\"true\" id=\"anchor-find-out-more\"><\/span>\n\n\n\n<div class=\"wp-block-blockparty-tabs has-align-top-center\" aria-label=\"\" role=\"tablist\">\n<ul class=\"wp-block-blockparty-tabs-nav\">\n<li class=\"wp-block-blockparty-tabs-nav-item\"><a id=\"block-tab-0-0\" role=\"tab\" aria-controls=\"block-panel-0-0\" class=\"wp-block-blockparty-tabs-nav-link\" href=\"#block-tab-0-0\"><span>Lives Q&amp;A<\/span><\/a><\/li>\n\n\n\n<li class=\"wp-block-blockparty-tabs-nav-item\"><a id=\"block-tab-0-1\" role=\"tab\" aria-controls=\"block-panel-0-1\" class=\"wp-block-blockparty-tabs-nav-link\" href=\"#block-tab-0-1\"><span>Webinars<\/span><\/a><\/li>\n\n\n\n<li class=\"wp-block-blockparty-tabs-nav-item\"><a id=\"block-tab-0-2\" role=\"tab\" aria-controls=\"block-panel-0-2\" class=\"wp-block-blockparty-tabs-nav-link\" href=\"#block-tab-0-2\"><span>In-person<\/span><\/a><\/li>\n<\/ul>\n\n\n\n<section class=\"wp-block-blockparty-tabs-panels\">\n<div role=\"tabpanel\" tabindex=\"0\" class=\"wp-block-blockparty-tabs-panel-item\" id=\"block-panel-0-0\" aria-labelledby=\"block-tab-0-0\"><div class=\"wp-block-blockparty-tabs-panel-item__inner\">\n<div class=\"wp-block-group is-vertical is-content-justification-stretch is-layout-flex wp-container-core-group-is-layout-353c4f5a wp-block-group-is-layout-flex\"><\/div>\n\n\n<div class=\"block block--content-picking wp-block-beapi-dynamic-block\" data-layout=\"stack\" data-post-type=\"sc_event\">\n\t\t\t<div class=\"block--content-picking__sc_event block--content-picking\" data-stack>\n\t<ul class=\"block--content-picking__content\">\n\t\t<li>\n<div class=\"wp-block-liora-blocks-event wp-block-liora-blocks-event--horizontal wp-block-beapi-dynamic-block\">\n\t<div class=\"wp-block-liora-blocks-event__wrapper\" data-seo-container>\n\t\t<div class=\"wp-block-liora-blocks-event__image\">\n\t\t\t<img decoding=\"async\" width=\"410\" height=\"270\" src=\"https:\/\/liora.io\/app\/uploads\/sites\/9\/2025\/11\/istock-2216081621-410x270.jpg\" class=\"wp-block-liora-blocks-event__image-image\" alt=\"\" data-location=\"\" srcset=\"https:\/\/liora.io\/app\/uploads\/sites\/9\/2025\/11\/istock-2216081621-410x270.jpg 410w, https:\/\/liora.io\/app\/uploads\/sites\/9\/2025\/11\/istock-2216081621-96x64.jpg 96w\" sizes=\"(max-width: 410px) 100vw, 410px\" \/>\t\t<\/div>\n\t\t<div class=\"wp-block-liora-blocks-event__caption\">\n\t\t\t<h2 class=\"wp-block-liora-blocks-event__title\">Live Q&amp;A session in English<\/h2><p class=\"wp-block-liora-blocks-event__description\">Our monthly Live Q&amp;A sessions give you the opportunity to ask all your questions about our training programs, career opportunities, and funding options directly to our team. Open, interactive, and live \u2014 no preparation needed.<\/p>\t\t\t<ul class=\"wp-block-liora-blocks-event__list\">\n\t\t\t\t<li><svg class=\"icon icon-calendar\" aria-hidden=\"true\" focusable=\"false\"><use href=\"https:\/\/liora.io\/app\/themes\/liora\/dist\/icons\/sprite.svg#icon-calendar\"><\/use><\/svg> <span>Date:<\/span> Wednesday 06 May \u00e0 17h30<\/li><li><svg class=\"icon icon-micro\" aria-hidden=\"true\" focusable=\"false\"><use href=\"https:\/\/liora.io\/app\/themes\/liora\/dist\/icons\/sprite.svg#icon-micro\"><\/use><\/svg> <span>Speaker:<\/span> Th\u00e9ophile Roques<\/li><li><svg class=\"icon icon-pin-2\" aria-hidden=\"true\" focusable=\"false\"><use href=\"https:\/\/liora.io\/app\/themes\/liora\/dist\/icons\/sprite.svg#icon-pin-2\"><\/use><\/svg> <span>Location:<\/span> Online<\/li>\t\t\t<\/ul>\n\n\t\t\t<div class=\"wp-block-button is-style-small-fill\"><a target=\"_blank\" href=\"https:\/\/app.livestorm.co\/liora\/open-house\" class=\"wp-block-liora-blocks-event__cta wp-block-button__link wp-element-button\" data-seo-target=\"\" rel=\"noopener\"><span class=\"sr-only\">New window<\/span>Register<\/a><\/div>\t\t<\/div>\n\t<\/div>\n<\/div>\n<\/li><li>\n<div class=\"wp-block-liora-blocks-event wp-block-liora-blocks-event--horizontal wp-block-beapi-dynamic-block\">\n\t<div class=\"wp-block-liora-blocks-event__wrapper\" data-seo-container>\n\t\t<div class=\"wp-block-liora-blocks-event__image\">\n\t\t\t<img decoding=\"async\" width=\"410\" height=\"270\" src=\"https:\/\/liora.io\/app\/uploads\/sites\/9\/2026\/02\/istock-2223235837-1-410x270.jpg\" class=\"wp-block-liora-blocks-event__image-image\" alt=\"\" data-location=\"\" srcset=\"https:\/\/liora.io\/app\/uploads\/sites\/9\/2026\/02\/istock-2223235837-1-410x270.jpg 410w, https:\/\/liora.io\/app\/uploads\/sites\/9\/2026\/02\/istock-2223235837-1-96x64.jpg 96w\" sizes=\"(max-width: 410px) 100vw, 410px\" \/>\t\t<\/div>\n\t\t<div class=\"wp-block-liora-blocks-event__caption\">\n\t\t\t<h2 class=\"wp-block-liora-blocks-event__title\">Live Q&amp;A session auf Deutsch<\/h2><p class=\"wp-block-liora-blocks-event__description\">Unsere monatlichen Live Q&amp;A Sessions bieten Dir die M\u00f6glichkeit, all Deine Fragen rund um unsere Weiterbildungen, Karrierem\u00f6glichkeiten und F\u00f6rderoptionen direkt an unser Team zu stellen. Offen, interaktiv und live \u2013 ganz ohne Vorbereitung.<\/p>\t\t\t<ul class=\"wp-block-liora-blocks-event__list\">\n\t\t\t\t<li><svg class=\"icon icon-calendar\" aria-hidden=\"true\" focusable=\"false\"><use href=\"https:\/\/liora.io\/app\/themes\/liora\/dist\/icons\/sprite.svg#icon-calendar\"><\/use><\/svg> <span>Date:<\/span> Wednesday 06 May \u00e0 17h30<\/li><li><svg class=\"icon icon-micro\" aria-hidden=\"true\" focusable=\"false\"><use href=\"https:\/\/liora.io\/app\/themes\/liora\/dist\/icons\/sprite.svg#icon-micro\"><\/use><\/svg> <span>Speaker:<\/span> Jochen Kronenberg<\/li><li><svg class=\"icon icon-pin-2\" aria-hidden=\"true\" focusable=\"false\"><use href=\"https:\/\/liora.io\/app\/themes\/liora\/dist\/icons\/sprite.svg#icon-pin-2\"><\/use><\/svg> <span>Location:<\/span> Online<\/li>\t\t\t<\/ul>\n\n\t\t\t<div class=\"wp-block-button is-style-small-fill\"><a target=\"_blank\" href=\"https:\/\/app.livestorm.co\/liora\/tag-der-offenen-tuer\" class=\"wp-block-liora-blocks-event__cta wp-block-button__link wp-element-button\" data-seo-target=\"\" rel=\"noopener\"><span class=\"sr-only\">New window<\/span>Register<\/a><\/div>\t\t<\/div>\n\t<\/div>\n<\/div>\n<\/li>\t<\/ul>\n<\/div>\n<\/div>\n<\/div><\/div>\n\n\n\n<div role=\"tabpanel\" tabindex=\"0\" class=\"wp-block-blockparty-tabs-panel-item\" id=\"block-panel-0-1\" aria-labelledby=\"block-tab-0-1\"><div class=\"wp-block-blockparty-tabs-panel-item__inner\">\n<div class=\"wp-block-group is-vertical is-content-justification-stretch is-layout-flex wp-container-core-group-is-layout-353c4f5a wp-block-group-is-layout-flex\">\n<p class=\"has-text-align-center\"><em>There are currently no upcoming webinars, but stay tuned for future dates.<\/em><\/p>\n<\/div>\n<\/div><\/div>\n\n\n\n<div role=\"tabpanel\" tabindex=\"0\" class=\"wp-block-blockparty-tabs-panel-item\" id=\"block-panel-0-2\" aria-labelledby=\"block-tab-0-2\"><div class=\"wp-block-blockparty-tabs-panel-item__inner\">\n<div class=\"wp-block-group is-vertical is-content-justification-center is-layout-flex wp-container-core-group-is-layout-ce155fab wp-block-group-is-layout-flex\">\n<p class=\"has-text-align-center\"><em>There are currently no upcoming in-person events, but stay tuned for future dates.<\/em><\/p>\n<\/div>\n<\/div><\/div>\n<\/section>\n<\/div>\n\n\n\n<div style=\"height:2rem\" aria-hidden=\"true\" class=\"wp-block-spacer\"><\/div>\n","protected":false},"excerpt":{"rendered":"<p>Our events Every great story started with an event<\/p>\n","protected":false},"author":50,"featured_media":202906,"parent":0,"menu_order":0,"comment_status":"closed","ping_status":"closed","template":"page-without-title","meta":{"_acf_changed":false,"editor_notices":[],"footnotes":""},"class_list":["post-177728","page","type-page","status-publish","has-post-thumbnail","hentry"],"acf":[],"_links":{"self":[{"href":"https:\/\/liora.io\/en\/wp-json\/wp\/v2\/pages\/177728","targetHints":{"allow":["GET"]}}],"collection":[{"href":"https:\/\/liora.io\/en\/wp-json\/wp\/v2\/pages"}],"about":[{"href":"https:\/\/liora.io\/en\/wp-json\/wp\/v2\/types\/page"}],"author":[{"embeddable":true,"href":"https:\/\/liora.io\/en\/wp-json\/wp\/v2\/users\/50"}],"replies":[{"embeddable":true,"href":"https:\/\/liora.io\/en\/wp-json\/wp\/v2\/comments?post=177728"}],"version-history":[{"count":4,"href":"https:\/\/liora.io\/en\/wp-json\/wp\/v2\/pages\/177728\/revisions"}],"predecessor-version":[{"id":205250,"href":"https:\/\/liora.io\/en\/wp-json\/wp\/v2\/pages\/177728\/revisions\/205250"}],"wp:featuredmedia":[{"embeddable":true,"href":"https:\/\/liora.io\/en\/wp-json\/wp\/v2\/media\/202906"}],"wp:attachment":[{"href":"https:\/\/liora.io\/en\/wp-json\/wp\/v2\/media?parent=177728"}],"curies":[{"name":"wp","href":"https:\/\/api.w.org\/{rel}","templated":true}]}}