{"id":2451,"date":"2020-05-13T13:13:51","date_gmt":"2020-05-13T13:13:51","guid":{"rendered":"https:\/\/multi.liora.io\/de\/?page_id=2451"},"modified":"2026-02-10T11:48:00","modified_gmt":"2026-02-10T10:48:00","slug":"dsgvo","status":"publish","type":"page","link":"https:\/\/liora.io\/de\/dsgvo","title":{"rendered":"[Liora] DSGVO"},"content":{"rendered":"\n<div class=\"alignfull wp-block-liora-blocks-hero alignfull wp-block-liora-blocks-hero-page-classic\">\n\t<div class=\"container\">\n\t\t<div class=\"wp-block-liora-blocks-hero-page-classic__content\">\n\t\t<h1>DSGVO<\/h1><p><p>Gem\u00e4\u00df der am 25. Mai 2018 in Kraft getretenen europ\u00e4ischen Verordnung zum Schutz personenbezogener Daten (DSGVO) und dem ge\u00e4nderten franz\u00f6sischen Datenschutzgesetz (Loi Informatique et Libert\u00e9s) hat sich Liora zu einem kontinuierlichen Prozess der Einhaltung dieser Gesetze verpflichtet und eine Datenschutzrichtlinie eingef\u00fchrt.<\/p>\n<p>Die Datenschutzrichtlinie beschreibt, wie Liora die personenbezogenen Daten von Besuchern und Nutzern beim Surfen auf der Webseite www.liora.io verarbeitet. Die Datenschutzrichtlinie ist Bestandteil der Allgemeinen Nutzungsbedingungen f\u00fcr die Nutzung der Webseite. Liora widmet den Daten seiner NutzerInnen gro\u00dfe Aufmerksamkeit. Daher kann es sein, dass wir die Datenschutzrichtlinie von Zeit zu Zeit \u00e4ndern, erg\u00e4nzen oder aktualisieren m\u00fcssen. Wir k\u00f6nnen auch \u00c4nderungen vornehmen, die notwendig sind, um den \u00c4nderungen der geltenden Gesetze und Vorschriften zu entsprechen.<\/p>\n<\/p>\t\t<\/div>\n\t<\/div>\n<\/div>\n\n\n<h3>Gesammelte Daten<\/h3>\n<p>Wir sammeln personenbezogene Daten, um Ihre Nutzererfahrung zu verbessern. Bei der Anmeldung sammeln und verarbeiten wir personenbezogene Daten \u00fcber Sie, wie z. B.: Familienstand, E-Mail-Adresse, Abschl\u00fcsse&#8230;.<\/p>\n<p>Im Rahmen einer berufsorientierten Weiterbildung bitten wir Sie au\u00dferdem, uns einen Lebenslauf oder den Link zu Ihrer LinkedIn-Seite, eine Kopie Ihres Personalausweises und ein aktuelles Foto von Ihnen zur Identifizierung w\u00e4hrend Pr\u00fcfungen zur Verf\u00fcgung zu stellen.<\/p>\n<p>Liora sammelt Daten w\u00e4hrend des Kurses nur zum Zweck der kontinuierlichen Verbesserung der Webseite; nach Abschluss der Weiterbildung werden alle Daten anonymisiert.<\/p>\n<h3>Cookies<\/h3>\n<p><i>Definition: Ein Cookie ist eine Textdatei, die beim Besuch einer Webseite auf einem Computer abgelegt wird. Sie enth\u00e4lt Benutzerdaten, die die Navigation erleichtern und bestimmte Funktionen erm\u00f6glichen, wie z. B. das Speichern des Inhalts eines Einkaufswagens, das Speichern der Spracheinstellungen einer Webseite oder auch gezielte Werbung.<\/i><\/p>\n<p>Cookies werden f\u00fcr Zwecke Ihrer Navigation, der Optimierung und Personalisierung der Dienste auf unserer Plattform verwendet, indem Ihre Pr\u00e4ferenzen gespeichert werden. Sie k\u00f6nnen Cookies jederzeit deaktivieren. Sie k\u00f6nnen Ihre Cookies auch in den Einstellungen Ihres Browsers konfigurieren.<\/p>\n<ul>\n<li>Google Chrome: <a style=\"background-color: #ffffff\" href=\"https:\/\/support.google.com\/chrome\/answer\/95647?hl=de\">hier<\/a><\/li>\n<li>Internet Explorer: <a href=\"https:\/\/support.microsoft.com\/de-de\/topic\/beschreibung-von-cookies-ad01aa7e-66c9-8ab2-7898-6652c100999d\">hier<\/a><\/li>\n<li>Mozilla Firefox: <a href=\"https:\/\/support.mozilla.org\/de\/kb\/cookies-und-website-daten-in-firefox-loschen\">hier<\/a><\/li>\n<li>Safari: <a href=\"https:\/\/help.apple.com\/safari\/mac\/8.0\/de.lproj\/sfri11471.html\">hier<\/a><\/li>\n<\/ul>\n<p>\u00a0<\/p>\n<p>Bitte beachten Sie, dass die Deaktivierung von Cookies den Zugang zu bestimmten Funktionen ganz oder teilweise einschr\u00e4nken oder verhindern kann.<\/p>\n<p>In Bezug auf Werbe-E-Mails k\u00f6nnen Sie sich jederzeit von der Verteilerliste abmelden, indem Sie auf den Abmeldelink klicken, der in jeder unserer Mitteilungen enthalten ist, oder indem Sie Sich mit uns in Verbindung setzen.<\/p>\n<h3>Datenschutzrichtlinie<\/h3>\n<p>Wir treffen alle notwendigen Ma\u00dfnahmen, um sicherzustellen, dass Ihre Daten gesch\u00fctzt sind. Liora wendet anerkannte Sicherheitsma\u00dfnahmen an, damit die gesammelten personenbezogenen Daten gesch\u00fctzt sind. Die Sicherheit der personenbezogenen Daten h\u00e4ngt auch von den Nutzern ab, daher bitten wir Sie ebenfalls, auf die Vertraulichkeit der Daten zu achten. Die Lernenden verpflichten sich, ihren Benutzernamen und ihr Passwort vertraulich zu behandeln. Die Lernenden verpflichten sich ebenfalls, ihr Konto nicht an Dritte weiterzugeben und Liora jede nicht autorisierte Nutzung des besagten Kontos zu melden, sobald sie davon Kenntnis haben.<\/p>\n<h3>Aufbewahrungsdauer<\/h3>\n<p>Die von den NutzerInnen von Liora \u00fcbermittelten personenbezogenen Daten werden nach Ablauf eines bestimmten Zeitraums und je nach den verarbeiteten Daten gel\u00f6scht.<\/p>\n<p>Wir bewahren Ihre Daten nur so lange auf, wie es f\u00fcr die verfolgten Zwecke gem\u00e4\u00df den gesetzlichen Vorschriften erforderlich ist.<\/p>\n<h3>Ihre Rechte<\/h3>\n<p>Gem\u00e4\u00df den geltenden Vorschriften haben die NutzerInnen unserer Plattform folgende Rechte:<\/p>\n<ul>\n<li>Zugang und Berichtigung.<\/li>\n<li>Aktualisierung der Nutzerdaten.<\/li>\n<li>Sperrung oder L\u00f6schung von personenbezogenen Nutzerdaten, wenn diese unrichtig oder unvollst\u00e4ndig sind oder deren Erhebung, Nutzung, Weitergabe oder Aufbewahrung verboten ist.<\/li>\n<li>Jederzeit eine Einwilligung widerrufen und\/oder die Verarbeitung von Nutzerdaten einschr\u00e4nken.<\/li>\n<li>Widerspruch gegen die Verarbeitung personenbezogener Daten.<\/li>\n<\/ul>\n<p>Wenn Sie wissen m\u00f6chten, wie Liora diese pers\u00f6nlichen Daten verwendet, eine Berichtigung beantragen oder einer Verarbeitung widersprechen m\u00f6chten, k\u00f6nnen Sie eine E-Mail an <a href=\"mailto:dpo@liora.io\">dpo@liora.io<\/a> senden oder einen Brief an die folgende Adresse schicken:<\/p>\n<p>Liora &#8211; Data Protection Officer <b>1 Terrasse Bellini 92800 Puteaux<\/b>.<\/p>\n<p>Nutzer k\u00f6nnen eine Beschwerde bei den Aufsichtsbeh\u00f6rden, insbesondere bei der CNIL (der franz\u00f6sischen Datenschutzbeh\u00f6rde) einreichen.<\/p>\n<p>Ihre Beschwerden werden innerhalb eines Monats bearbeitet.<\/p>","protected":false},"excerpt":{"rendered":"<p>Gesammelte Daten Wir sammeln personenbezogene Daten, um Ihre Nutzererfahrung zu verbessern. Bei der Anmeldung sammeln und verarbeiten wir personenbezogene Daten \u00fcber Sie, wie z. B.: Familienstand, E-Mail-Adresse, Abschl\u00fcsse&#8230;. Im Rahmen einer berufsorientierten Weiterbildung bitten wir Sie au\u00dferdem, uns einen Lebenslauf oder den Link zu Ihrer LinkedIn-Seite, eine Kopie Ihres Personalausweises und ein aktuelles Foto von [&hellip;]<\/p>\n","protected":false},"author":2,"featured_media":213803,"parent":0,"menu_order":0,"comment_status":"closed","ping_status":"closed","template":"page-without-title","meta":{"_acf_changed":false,"editor_notices":[],"footnotes":""},"class_list":["post-2451","page","type-page","status-publish","has-post-thumbnail","hentry"],"acf":[],"_links":{"self":[{"href":"https:\/\/liora.io\/de\/wp-json\/wp\/v2\/pages\/2451","targetHints":{"allow":["GET"]}}],"collection":[{"href":"https:\/\/liora.io\/de\/wp-json\/wp\/v2\/pages"}],"about":[{"href":"https:\/\/liora.io\/de\/wp-json\/wp\/v2\/types\/page"}],"author":[{"embeddable":true,"href":"https:\/\/liora.io\/de\/wp-json\/wp\/v2\/users\/2"}],"replies":[{"embeddable":true,"href":"https:\/\/liora.io\/de\/wp-json\/wp\/v2\/comments?post=2451"}],"version-history":[{"count":5,"href":"https:\/\/liora.io\/de\/wp-json\/wp\/v2\/pages\/2451\/revisions"}],"predecessor-version":[{"id":214026,"href":"https:\/\/liora.io\/de\/wp-json\/wp\/v2\/pages\/2451\/revisions\/214026"}],"wp:featuredmedia":[{"embeddable":true,"href":"https:\/\/liora.io\/de\/wp-json\/wp\/v2\/media\/213803"}],"wp:attachment":[{"href":"https:\/\/liora.io\/de\/wp-json\/wp\/v2\/media?parent=2451"}],"curies":[{"name":"wp","href":"https:\/\/api.w.org\/{rel}","templated":true}]}}