{"id":214840,"date":"2026-01-27T11:54:54","date_gmt":"2026-01-27T10:54:54","guid":{"rendered":"https:\/\/liora.io\/de\/?page_id=214840"},"modified":"2026-01-27T15:54:21","modified_gmt":"2026-01-27T14:54:21","slug":"diplom-neuausstellung","status":"publish","type":"page","link":"https:\/\/liora.io\/de\/diplom-neuausstellung","title":{"rendered":"[Liora] Formulaire dipl\u00f4mes"},"content":{"rendered":"\n<div class=\"wp-block-group alignfull wp-pattern-thank-you wp-pattern-thank-you--1 has-primary-blue-background-color has-background has-global-padding is-layout-constrained wp-block-group-is-layout-constrained\" style=\"padding-top:var(--wp--preset--spacing--xl);padding-bottom:var(--wp--preset--spacing--xl)\">\n<div class=\"wp-block-group wp-pattern-thank-you__inner has-global-padding is-layout-constrained wp-block-group-is-layout-constrained\">\n<h1 class=\"wp-block-heading has-text-align-center is-style-h2 wp-pattern-thank-you__title has-white-color has-text-color has-link-color wp-elements-a2b040d5e576b28f67c855b1dedccbd3\" id=\"h-antrag-auf-neuausstellung-des-diploms\">Antrag auf Neuausstellung des Diploms<\/h1>\n\n\n\n<p class=\"has-text-align-center wp-pattern-thank-you__description has-white-color has-text-color has-link-color wp-elements-22a5fd45307e9fbaed36f9944e34419c\"><strong>\u26a0\ufe0f Wichtig: ein Antrag entspricht einem Diplom.<br><\/strong>Wenn Sie mehrere Weiterbildungen absolviert haben, f\u00fcllen Sie das Formular bitte f\u00fcr jedes gew\u00fcnschte Diplom separat aus.<\/p>\n\n\n\n<div class=\"wp-block-columns is-layout-flex wp-container-core-columns-is-layout-28f84493 wp-block-columns-is-layout-flex\">\n<div class=\"wp-block-column is-layout-flow wp-block-column-is-layout-flow\" style=\"flex-basis:25%\"><\/div>\n\n\n\n<div class=\"wp-block-column is-layout-flow wp-block-column-is-layout-flow\" style=\"flex-basis:50%\">\n<script charset=\"utf-8\" type=\"text\/javascript\" src=\"\/\/js.hsforms.net\/forms\/embed\/v2.js\"><\/script>\n<script>\n  hbspt.forms.create({\n    portalId: \"19831339\",\n    formId: \"701fdfa6-5ccc-49ef-940f-5e6edc7f1767\",\n    region: \"na1\"\n  });\n<\/script>\n<\/div>\n\n\n\n<div class=\"wp-block-column is-layout-flow wp-block-column-is-layout-flow\" style=\"flex-basis:25%\"><\/div>\n<\/div>\n\n\n\n<div style=\"height:5rem\" aria-hidden=\"true\" class=\"wp-block-spacer\"><\/div>\n<\/div>\n<\/div>\n","protected":false},"excerpt":{"rendered":"<p>Antrag auf Neuausstellung des Diploms \u26a0\ufe0f Wichtig: ein Antrag entspricht einem Diplom.Wenn Sie mehrere Weiterbildungen absolviert haben, f\u00fcllen Sie das Formular bitte f\u00fcr jedes gew\u00fcnschte Diplom separat aus.<\/p>\n","protected":false},"author":55,"featured_media":213803,"parent":0,"menu_order":0,"comment_status":"closed","ping_status":"closed","template":"page-without-title-with-blue-header","meta":{"_acf_changed":false,"editor_notices":[],"footnotes":""},"class_list":["post-214840","page","type-page","status-publish","has-post-thumbnail","hentry"],"acf":[],"_links":{"self":[{"href":"https:\/\/liora.io\/de\/wp-json\/wp\/v2\/pages\/214840","targetHints":{"allow":["GET"]}}],"collection":[{"href":"https:\/\/liora.io\/de\/wp-json\/wp\/v2\/pages"}],"about":[{"href":"https:\/\/liora.io\/de\/wp-json\/wp\/v2\/types\/page"}],"author":[{"embeddable":true,"href":"https:\/\/liora.io\/de\/wp-json\/wp\/v2\/users\/55"}],"replies":[{"embeddable":true,"href":"https:\/\/liora.io\/de\/wp-json\/wp\/v2\/comments?post=214840"}],"version-history":[{"count":3,"href":"https:\/\/liora.io\/de\/wp-json\/wp\/v2\/pages\/214840\/revisions"}],"predecessor-version":[{"id":214896,"href":"https:\/\/liora.io\/de\/wp-json\/wp\/v2\/pages\/214840\/revisions\/214896"}],"wp:featuredmedia":[{"embeddable":true,"href":"https:\/\/liora.io\/de\/wp-json\/wp\/v2\/media\/213803"}],"wp:attachment":[{"href":"https:\/\/liora.io\/de\/wp-json\/wp\/v2\/media?parent=214840"}],"curies":[{"name":"wp","href":"https:\/\/api.w.org\/{rel}","templated":true}]}}