{"id":212712,"date":"2025-12-30T11:11:13","date_gmt":"2025-12-30T10:11:13","guid":{"rendered":"https:\/\/liora.io\/de\/?page_id=212712"},"modified":"2026-04-02T10:01:41","modified_gmt":"2026-04-02T08:01:41","slug":"anmeldeprozess","status":"publish","type":"page","link":"https:\/\/liora.io\/de\/anmeldeprozess","title":{"rendered":"[Liora] DE \u2013 Anmeldeprozess (Application process)"},"content":{"rendered":"\n<div class=\"wp-block-group alignfull wp-pattern-thank-you wp-pattern-thank-you--1 has-primary-blue-background-color has-background has-global-padding is-layout-constrained wp-block-group-is-layout-constrained\" style=\"padding-top:var(--wp--preset--spacing--xl);padding-bottom:var(--wp--preset--spacing--xl)\">\n<div class=\"wp-block-group wp-pattern-thank-you__inner has-global-padding is-layout-constrained wp-block-group-is-layout-constrained\">\n<h1 class=\"wp-block-heading has-text-align-center is-style-h2 wp-pattern-thank-you__title has-white-color has-text-color has-link-color wp-elements-9a1ab8ebf03557ec0ab216cda5bf7b91\" id=\"h-anmeldeprozess\">Anmeldeprozess<\/h1>\n\n\n\n<p class=\"has-text-align-center wp-pattern-thank-you__description has-white-color has-text-color has-link-color wp-elements-9b57e4594c092e42d27bba138bcfbbb8\">Bereit, Deine Ambitionen in die Tat umzusetzen? Lass uns dar\u00fcber sprechen!<br>Unser Team unterst\u00fctzt Dich dabei, Deine Ziele zu kl\u00e4ren, die passende Weiterbildung zu finden und alle Deine Fragen zu beantworten.<\/p>\n<\/div>\n\n\n\n<div class=\"wp-block-group wp-pattern-thank-you__inner has-global-padding is-layout-constrained wp-block-group-is-layout-constrained\" style=\"padding-top:0;padding-bottom:0\">\n<div class=\"wp-block-group alignfull has-global-padding is-layout-constrained wp-block-group-is-layout-constrained\">\n<div class=\"wp-block-group wp-pattern-thank-you__avatars is-content-justification-center is-nowrap is-layout-flex wp-container-core-group-is-layout-23441af8 wp-block-group-is-layout-flex\">\n<figure class=\"wp-block-image size-thumbnail is-resized has-custom-border\"><img decoding=\"async\" src=\"https:\/\/liora.io\/app\/uploads\/2025\/10\/raphael-150x150.jpg\" alt=\"\" class=\"wp-image-294875\" style=\"border-radius:99rem;object-fit:cover;width:48px;height:48px\"\/><\/figure>\n\n\n\n<figure class=\"wp-block-image size-thumbnail is-resized has-custom-border\"><img decoding=\"async\" src=\"https:\/\/liora.io\/app\/uploads\/2025\/10\/juliette-150x150.jpg\" alt=\"\" class=\"wp-image-294876\" style=\"border-radius:99rem;object-fit:cover;width:48px;height:48px\"\/><\/figure>\n\n\n\n<figure class=\"wp-block-image size-thumbnail is-resized has-custom-border\"><img decoding=\"async\" src=\"https:\/\/liora.io\/app\/uploads\/2025\/10\/bryan-150x150.jpg\" alt=\"\" class=\"wp-image-294880\" style=\"border-radius:99rem;object-fit:cover;width:48px;height:48px\"\/><\/figure>\n\n\n\n<figure class=\"wp-block-image size-thumbnail is-resized has-custom-border\"><img decoding=\"async\" src=\"https:\/\/liora.io\/app\/uploads\/2025\/10\/chloe-150x150.jpg\" alt=\"\" class=\"wp-image-294878\" style=\"border-radius:99rem;object-fit:cover;width:48px;height:48px\"\/><\/figure>\n<\/div>\n\n\n\n<div class=\"wp-block-blockparty-tabs has-align-top-center is-style-default\" aria-label=\"\" role=\"tablist\">\n<ul class=\"wp-block-blockparty-tabs-nav\">\n<li class=\"wp-block-blockparty-tabs-nav-item\"><a id=\"block-tab-1-0\" role=\"tab\" aria-controls=\"block-panel-1-0\" class=\"wp-block-blockparty-tabs-nav-link\" href=\"#block-tab-1-0\"><span>\ud83c\udde9\ud83c\uddea Deutschland<\/span><\/a><\/li>\n\n\n\n<li class=\"wp-block-blockparty-tabs-nav-item\"><a id=\"block-tab-1-1\" role=\"tab\" aria-controls=\"block-panel-1-1\" class=\"wp-block-blockparty-tabs-nav-link\" href=\"#block-tab-1-1\"><span>\ud83c\uddeb\ud83c\uddf7 Frankreich<\/span><\/a><\/li>\n\n\n\n<li class=\"wp-block-blockparty-tabs-nav-item\"><a id=\"block-tab-1-2\" role=\"tab\" aria-controls=\"block-panel-1-2\" class=\"wp-block-blockparty-tabs-nav-link\" href=\"#block-tab-1-2\"><span>\ud83c\udf0d Woanders<\/span><\/a><\/li>\n<\/ul>\n\n\n\n<section class=\"wp-block-blockparty-tabs-panels\">\n<div role=\"tabpanel\" tabindex=\"0\" class=\"wp-block-blockparty-tabs-panel-item\" id=\"block-panel-1-0\" aria-labelledby=\"block-tab-1-0\"><div class=\"wp-block-blockparty-tabs-panel-item__inner\">\n<!-- Start of Meetings Embed Script -->\n    <div class=\"meetings-iframe-container\" data-src=\"https:\/\/meetings.hubspot.com\/datascientest\/besprechen-wir-ihr-projekt?embed=true\"><\/div>\n    <script type=\"text\/javascript\" src=\"https:\/\/static.hsappstatic.net\/MeetingsEmbed\/ex\/MeetingsEmbedCode.js\"><\/script>\n  <!-- End of Meetings Embed Script -->\n<\/div><\/div>\n\n\n\n<div role=\"tabpanel\" tabindex=\"0\" class=\"wp-block-blockparty-tabs-panel-item\" id=\"block-panel-1-1\" aria-labelledby=\"block-tab-1-1\"><div class=\"wp-block-blockparty-tabs-panel-item__inner\">\n<!-- Start of Meetings Embed Script -->\n    <div class=\"meetings-iframe-container\" data-src=\"https:\/\/meetings.hubspot.com\/david-mamou\/fr-liora-round-robin-general-liora?embed=true\"><\/div>\n    <script type=\"text\/javascript\" src=\"https:\/\/static.hsappstatic.net\/MeetingsEmbed\/ex\/MeetingsEmbedCode.js\"><\/script>\n  <!-- End of Meetings Embed Script -->\n<\/div><\/div>\n\n\n\n<div role=\"tabpanel\" tabindex=\"0\" class=\"wp-block-blockparty-tabs-panel-item\" id=\"block-panel-1-2\" aria-labelledby=\"block-tab-1-2\"><div class=\"wp-block-blockparty-tabs-panel-item__inner\">\n<!-- Start of Meetings Embed Script -->\n    <div class=\"meetings-iframe-container\" data-src=\"https:\/\/meetings.hubspot.com\/datascientest\/besprechen-wir-ihr-projekt?embed=true\"><\/div>\n    <script type=\"text\/javascript\" src=\"https:\/\/static.hsappstatic.net\/MeetingsEmbed\/ex\/MeetingsEmbedCode.js\"><\/script>\n  <!-- End of Meetings Embed Script -->\n<\/div><\/div>\n<\/section>\n<\/div>\n<\/div>\n<\/div>\n<\/div>\n","protected":false},"excerpt":{"rendered":"<p>Anmeldeprozess Bereit, Deine Ambitionen in die Tat umzusetzen? Lass uns dar\u00fcber sprechen!Unser Team unterst\u00fctzt Dich dabei, Deine Ziele zu kl\u00e4ren, die passende Weiterbildung zu finden und alle Deine Fragen zu beantworten.<\/p>\n","protected":false},"author":55,"featured_media":213803,"parent":0,"menu_order":0,"comment_status":"closed","ping_status":"closed","template":"page-without-title-with-blue-header","meta":{"_acf_changed":false,"editor_notices":[],"footnotes":""},"class_list":["post-212712","page","type-page","status-publish","has-post-thumbnail","hentry"],"acf":[],"_links":{"self":[{"href":"https:\/\/liora.io\/de\/wp-json\/wp\/v2\/pages\/212712","targetHints":{"allow":["GET"]}}],"collection":[{"href":"https:\/\/liora.io\/de\/wp-json\/wp\/v2\/pages"}],"about":[{"href":"https:\/\/liora.io\/de\/wp-json\/wp\/v2\/types\/page"}],"author":[{"embeddable":true,"href":"https:\/\/liora.io\/de\/wp-json\/wp\/v2\/users\/55"}],"replies":[{"embeddable":true,"href":"https:\/\/liora.io\/de\/wp-json\/wp\/v2\/comments?post=212712"}],"version-history":[{"count":4,"href":"https:\/\/liora.io\/de\/wp-json\/wp\/v2\/pages\/212712\/revisions"}],"predecessor-version":[{"id":220251,"href":"https:\/\/liora.io\/de\/wp-json\/wp\/v2\/pages\/212712\/revisions\/220251"}],"wp:featuredmedia":[{"embeddable":true,"href":"https:\/\/liora.io\/de\/wp-json\/wp\/v2\/media\/213803"}],"wp:attachment":[{"href":"https:\/\/liora.io\/de\/wp-json\/wp\/v2\/media?parent=212712"}],"curies":[{"name":"wp","href":"https:\/\/api.w.org\/{rel}","templated":true}]}}