{"id":212233,"date":"2025-12-19T13:46:01","date_gmt":"2025-12-19T12:46:01","guid":{"rendered":"https:\/\/liora.io\/de\/?page_id=212233"},"modified":"2026-02-10T11:09:49","modified_gmt":"2026-02-10T10:09:49","slug":"faq-alumni","status":"publish","type":"page","link":"https:\/\/liora.io\/de\/faq-alumni","title":{"rendered":"[LIORA] DE &#8211; FAQ Alumni"},"content":{"rendered":"\n<div class=\"wp-block-liora-blocks-hero alignfull wp-block-liora-hero-homepage\">\n\t<h1 class=\"sr-only\">[LIORA] DE &#8211; FAQ Alumni<\/h1>\n\t<div class=\"wp-block-liora-hero-homepage__slider swiper swiper--main\">\n\t\t<div class=\"swiper-wrapper\">\n\t\t\t\t\t\t\t<div class=\"swiper-slide\">\n\t\t\t\t\t<div class=\"container\">\n\t\t\t\t\t\t<div class=\"wp-block-liora-hero-homepage__caption\">\n\t\t\t\t\t\t\t<h2 class=\"wp-block-liora-hero-homepage__title\">FAQ Alumni<\/h2><p class=\"wp-block-liora-hero-homepage__description\">Wirf einen Blick hinter die Kulissen unseres Rebrandings. DataScientest, CyberUniversity und DevUniversity sind nun unter einem neuen Namen vereint: Liora. Eine frische Identit\u00e4t f\u00fcr ein neues Kapitel in der Tech-Weiterbildung.<\/p>\t\t\t\t\t\t\t<div class=\"wp-block-buttons is-layout-flex wp-block-buttons-is-layout-flex\">\n\t\t\t\t\t\t\t<div class=\"wp-block-button is-style-small-outline\"><a href=\"#anchor-find-out-more\" class=\"wp-block-button__link has-white-color has-text-color has-link-color wp-element-button has-grow-animation\">Mehr erfahren<\/a><\/div>\t\t\t\t\t\t\t<\/div>\n\t\t\t\t\t\t\t\t\t\t\t\t\t<\/div>\n\t\t\t\t\t<\/div>\n\t\t\t\t<\/div>\n\t\t\t\t\t<\/div>\n\t<\/div>\n\t<div class=\"wp-block-liora-hero-homepage__medias swiper swiper--medias\">\n\t\t<div class=\"swiper-wrapper\">\n\t\t\t\t\t\t<div class=\"swiper-slide\">\n\t\t\t\t<figure class=\"wp-block-image size-full\"><img decoding=\"async\" width=\"1440\" height=\"680\" src=\"https:\/\/liora.io\/app\/uploads\/sites\/8\/2026\/01\/rectangle-1682-1440x680.png\" class=\"wp-block-liora-hero-homepage__slide-image\" alt=\"\" data-location=\"\" srcset=\"https:\/\/liora.io\/app\/uploads\/sites\/8\/2026\/01\/rectangle-1682-1440x680.png 1440w, https:\/\/liora.io\/app\/uploads\/sites\/8\/2026\/01\/rectangle-1682-1250x590.png 1250w\" sizes=\"(max-width: 1440px) 100vw, 1440px\" \/><\/figure>\t\t\t<\/div>\n\t\t\t\t\t<\/div>\n\t<\/div>\n\t\n\t\n<svg xmlns=\"http:\/\/www.w3.org\/2000\/svg\" width=\"2027\" height=\"1000\" viewBox=\"0 0 2027 1000\" class=\"shape-vector\" aria-hidden=\"true\" focusable=\"false\" fill=\"none\"><path stroke=\"currentColor\" stroke-width=\"2\" d=\"M497.861 1H1584.71c24.52 0 44.42 19.958 44.42 44.554v303.298c0 25.695 20.8 46.554 46.43 46.554h305.98c24.52 0 44.43 19.958 44.43 44.554v514.486c0 24.596-19.91 44.554-44.43 44.554h-607.52c-24.52 0-44.42-19.958-44.42-44.554V589.741c0-25.695-20.8-46.553-46.43-46.553H896.604c-25.63 0-46.425 20.858-46.425 46.553v364.705c0 24.596-19.906 44.554-44.426 44.554H45.425C20.905 999 1 979.042 1 954.446V517.401c0-24.596 19.905-44.553 44.425-44.553H407.01c25.629-.001 46.424-20.859 46.425-46.554V45.554C453.436 20.958 473.342 1 497.861 1Z\"\/><\/svg>\n<\/div>\n\n\n\n<div style=\"height:2rem\" aria-hidden=\"true\" class=\"wp-block-spacer\"><\/div>\n\n\n<span class=\"wp-block-beapi-anchor\" aria-hidden=\"true\" id=\"anchor-find-out-more\"><\/span>\n\n\n\n<div class=\"wp-block-group wp-pattern-overtitle-heading has-global-padding is-layout-constrained wp-container-core-group-is-layout-442b6e00 wp-block-group-is-layout-constrained\">\n<p class=\"has-text-align-left is-style-overtitle\"><strong>Warum dieser Wandel?<\/strong><\/p>\n\n\n\n<h2 class=\"wp-block-heading has-text-align-left\" id=\"h-1-warum-wird-datascientest-zu-liora\"><strong>1. Warum wird DataScientest zu Liora?<\/strong><\/h2>\n<\/div>\n\n\n\n<div class=\"wp-block-group alignwide wp-pattern-media-video__text has-grey-1-background-color has-background has-global-padding is-content-justification-center is-layout-constrained wp-block-group-is-layout-constrained\" style=\"border-radius:24px\">\n<p>Seit 2017 ist unsere Mission klar: das volle Potenzial jedes Einzelnen durch erstklassige Tech-Weiterbildung sichtbar zu machen.<\/p>\n\n\n\n<p>Mit <strong>Liora<\/strong> b\u00fcndeln wir unsere St\u00e4rken, um noch weiter zu gehen: Wir gestalten eine Lernerfahrung, die einzigartig flexibel, konsequent menschenzentriert und konsequent auf die Zukunft der Tech-Welt ausgerichtet ist \u2013 von <strong>Data und KI<\/strong> \u00fcber <strong>Cloud<\/strong>, <strong>Cybersicherheit<\/strong> bis hin zu <strong>Digital<\/strong>.<\/p>\n<\/div>\n\n\n\n<div style=\"height:2rem\" aria-hidden=\"true\" class=\"wp-block-spacer\"><\/div>\n\n\n\n<div class=\"wp-block-group wp-pattern-overtitle-heading has-global-padding is-layout-constrained wp-container-core-group-is-layout-442b6e00 wp-block-group-is-layout-constrained\">\n<p class=\"has-text-align-left is-style-overtitle\"><strong>Alumni<\/strong><\/p>\n\n\n\n<h2 class=\"wp-block-heading has-text-align-left\" id=\"h-2-was-bedeutet-diese-veranderung-fur-dich-als-alumni\"><strong>2. Was bedeutet diese Ver\u00e4nderung f\u00fcr Dich als Alumni?<\/strong><\/h2>\n<\/div>\n\n\n\n<div class=\"wp-block-group alignwide wp-pattern-media-video__text has-grey-1-background-color has-background has-global-padding is-content-justification-center is-layout-constrained wp-block-group-is-layout-constrained\" style=\"border-radius:24px;padding-top:var(--wp--preset--spacing--3-xs);padding-bottom:var(--wp--preset--spacing--3-xs)\">\n<p>Das Wesentliche bleibt unver\u00e4ndert:<\/p>\n\n\n\n<ul class=\"wp-block-list\">\n<li>Du profitierst weiterhin von einem starken Netzwerk mit renommierten Partnern wie Sorbonne, Mines ParisTech, AWS, Google Cloud und Microsoft.<\/li>\n\n\n\n<li>Deine Expertise, Dein Werdegang und Dein Abschluss bleiben vollst\u00e4ndig anerkannt und gesch\u00e4tzt.<\/li>\n\n\n\n<li>Du bleibst Teil derselben starken Alumni-Community, die nun stolz unter einem neuen Namen vereint ist: <strong>Liora.<\/strong><\/li>\n<\/ul>\n<\/div>\n\n\n\n<div style=\"height:2rem\" aria-hidden=\"true\" class=\"wp-block-spacer\"><\/div>\n\n\n\n<div class=\"wp-block-group wp-pattern-overtitle-heading has-global-padding is-layout-constrained wp-container-core-group-is-layout-442b6e00 wp-block-group-is-layout-constrained\">\n<p class=\"has-text-align-left is-style-overtitle\"><strong>Anerkennung Deines Abschlusses<\/strong><\/p>\n\n\n\n<h2 class=\"wp-block-heading has-text-align-left\" id=\"h-3-ist-mein-abschluss-von-datascientest-weiterhin-anerkannt\"><strong>3. Ist mein Abschluss von DataScientest weiterhin anerkannt?<\/strong><\/h2>\n<\/div>\n\n\n\n<div class=\"wp-block-group alignwide wp-pattern-media-video__text has-grey-1-background-color has-background has-global-padding is-content-justification-center is-layout-constrained wp-block-group-is-layout-constrained\" style=\"border-radius:24px\">\n<p>\u2705 <strong>Absolut.<\/strong> Dein Abschluss bleibt vollst\u00e4ndig g\u00fcltig und wird sowohl von unseren akademischen Partnern als auch von f\u00fchrenden Unternehmen anerkannt.<br>Das Rebranding \u00e4ndert <strong>in keiner Weise<\/strong> den Wert oder die Legitimit\u00e4t Deiner Zertifizierungen.<\/p>\n<\/div>\n\n\n\n<div class=\"wp-block-group wp-pattern-overtitle-heading has-global-padding is-layout-constrained wp-container-core-group-is-layout-442b6e00 wp-block-group-is-layout-constrained\">\n<p class=\"has-text-align-left is-style-overtitle\">Anerkennung Deines Diploms<\/p>\n\n\n\n<h2 class=\"wp-block-heading has-text-align-left\" id=\"h-4-i-graduated-before-january-2026-can-i-obtain-a-version-of-my-diploma-with-the-new-liora-visual-identity\">4. Ich habe meinen Abschluss vor Januar 2026 gemacht. Kann ich eine Version meines Diploms mit dem neuen visuellen Erscheinungsbild von Liora erhalten?<\/h2>\n<\/div>\n\n\n\n<div class=\"wp-block-group alignwide wp-pattern-media-video__text has-grey-1-background-color has-background has-global-padding is-content-justification-center is-layout-constrained wp-block-group-is-layout-constrained\" style=\"border-radius:24px\">\n<p><strong>Na klar<\/strong> \ud83c\udf89<br>Der weitere Ablauf ist in den folgenden Fragen detailliert beschrieben.<\/p>\n<\/div>\n\n\n\n<div style=\"height:2rem\" aria-hidden=\"true\" class=\"wp-block-spacer\"><\/div>\n\n\n\n<div class=\"wp-block-group wp-pattern-overtitle-heading has-global-padding is-layout-constrained wp-container-core-group-is-layout-442b6e00 wp-block-group-is-layout-constrained\">\n<p class=\"has-text-align-left is-style-overtitle\">Anerkennung Deines Diploms<\/p>\n\n\n\n<h2 class=\"wp-block-heading has-text-align-left\" id=\"h-5-why-request-a-diploma-aligned-with-the-liora-brand-identity\">5. Warum solltest Du ein Diplom im Liora-Branding beantragen?<\/h2>\n<\/div>\n\n\n\n<div class=\"wp-block-group alignwide wp-pattern-media-video__text has-grey-1-background-color has-background has-global-padding is-content-justification-center is-layout-constrained wp-block-group-is-layout-constrained\" style=\"border-radius:24px\">\n<p><strong>Du bist Alumni von DataScientest?<\/strong><br>Dann kannst Du jetzt eine <strong>aktualisierte Version Deines Diploms<\/strong> mit unserer neuen Markenidentit\u00e4t <strong>Liora<\/strong> beantragen.<\/p>\n\n\n\n<p>Seit 2017 haben sich mehr als <strong>50.000 Lernende<\/strong> mit uns weitergebildet. Mit <strong>Liora<\/strong> vereinen wir unsere Marken unter einem gemeinsamen Namen und bekr\u00e4ftigen damit eine <strong>klarere, internationalere Vision<\/strong>, die sich ganz auf die Zukunft der Tech-Berufe richtet.<\/p>\n\n\n\n<p><strong>Deine Weiterbildung \u00e4ndert sich nicht. Dein DataScientest-Diplom bleibt weiterhin g\u00fcltig.<\/strong><br>Wenn Du diese Weiterentwicklung jedoch in Deinen Unterlagen oder auf Deinem LinkedIn-Profil sichtbar machen m\u00f6chtest, kannst Du eine <strong>neue grafische Version Deines Diploms im Liora-Branding<\/strong> erhalten.<\/p>\n\n\n\n<p>Deine Anfrage wird innerhalb von <strong>72 Stunden<\/strong> von unserem Team bearbeitet.<\/p>\n<\/div>\n\n\n\n<div style=\"height:2rem\" aria-hidden=\"true\" class=\"wp-block-spacer\"><\/div>\n\n\n\n<div class=\"wp-block-group wp-pattern-overtitle-heading has-global-padding is-layout-constrained wp-container-core-group-is-layout-442b6e00 wp-block-group-is-layout-constrained\">\n<p class=\"has-text-align-left is-style-overtitle\">Anerkennung Deines Diploms<\/p>\n\n\n\n<h2 class=\"wp-block-heading has-text-align-left\" id=\"h-6-how-can-i-request-a-reissue-of-a-datascientest-diploma-under-the-new-liora-brand-identity\">6. Wie kann ich die Neuausstellung meines DataScientest-Diploms im neuen Liora-Branding beantragen?<\/h2>\n<\/div>\n\n\n\n<div class=\"wp-block-group alignwide wp-pattern-media-video__text has-grey-1-background-color has-background has-global-padding is-content-justification-center is-layout-constrained wp-block-group-is-layout-constrained\" style=\"border-radius:24px\">\n<p>Du kannst die Neuausstellung Deines Diploms beantragen, indem Du das Formular auf dieser Seite ausf\u00fcllst:<\/p>\n\n\n\n<p><br>\ud83d\udc49 <a href=\"https:\/\/liora.io\/de\/diplom-neuausstellung\">Antrag auf Neuausstellung des Diploms<br><\/a><br>\u26a0\ufe0f <strong>Wichtig:<\/strong> Eine Anfrage entspricht <strong>einem Diplom<\/strong>.<br>Wenn Du mehrere Programme abgeschlossen hast, f\u00fclle bitte <strong>f\u00fcr jedes gew\u00fcnschte Diplom ein separates Formular<\/strong> aus.<\/p>\n\n\n\n<p>Deine Anfrage wird innerhalb von <strong>72 Stunden<\/strong> von unserem Team bearbeitet.<\/p>\n\n\n\n<p>Bei Fragen kannst Du uns jederzeit unter <strong><a>contact@liora.io<\/a><\/strong> kontaktieren.<br>Unser Alumni-Team meldet sich so schnell wie m\u00f6glich bei Dir zur\u00fcck.<\/p>\n\n\n\n<div class=\"wp-block-group alignwide wp-pattern-media-video__text has-white-color has-text-color has-background has-link-color wp-elements-42767e1320574964ad8fa7ed6bbd1a63 has-global-padding is-content-justification-center is-layout-constrained wp-block-group-is-layout-constrained\" style=\"border-radius:24px;background-color:#5e5e9f\">\n<p>\ud83d\udca1 <strong>Tipp:<\/strong> Das ist die perfekte Gelegenheit, Dein LinkedIn-Profil zu aktualisieren und die neue <strong>Liora-Markenidentit\u00e4t<\/strong> zu teilen \u2013 zum Beispiel, indem Du Dein aktualisiertes Diplom postest oder einen Beitrag zu unserem Rebranding ver\u00f6ffentlichst.<br>Nutze daf\u00fcr die Hashtags <strong>#Liora<\/strong> und <strong>#YourFutureDecoded<\/strong>, um Teil der Community zu sein.<\/p>\n\n\n\n<p>Bitte beachte, dass die Erstellung Deines neuen Diploms aus <strong>Verifizierungs- und Sicherheitsgr\u00fcnden bis zu einer Woche<\/strong> dauern kann.<\/p>\n<\/div>\n<\/div>\n\n\n\n<div style=\"height:2rem\" aria-hidden=\"true\" class=\"wp-block-spacer\"><\/div>\n\n\n\n<div class=\"wp-block-group wp-pattern-overtitle-heading has-global-padding is-layout-constrained wp-container-core-group-is-layout-442b6e00 wp-block-group-is-layout-constrained\">\n<p class=\"has-text-align-left is-style-overtitle\"><strong>Rebranding<\/strong><\/p>\n\n\n\n<h2 class=\"wp-block-heading has-text-align-left\" id=\"h-7-warum-liora-was-hat-diesen-neuen-namen-inspiriert\"><strong>7. Warum Liora? Was hat diesen neuen Namen inspiriert?<\/strong><\/h2>\n<\/div>\n\n\n\n<div class=\"wp-block-group alignwide wp-pattern-media-video__text has-grey-1-background-color has-background has-global-padding is-content-justification-center is-layout-constrained wp-block-group-is-layout-constrained\" style=\"border-radius:24px\">\n<p>Der Name <strong>Liora<\/strong> steht f\u00fcr Licht, Klarheit und die Entfaltung von Potenzial. Diese Werte spiegeln unsere Philosophie wider und wurden bewusst gew\u00e4hlt, da sie an den Begriff <strong>Lorbeer<\/strong> erinnern \u2013 ein Symbol f\u00fcr Erfolg und Anerkennung.<\/p>\n\n\n\n<p>Unser Ziel ist es, Menschen dabei zu unterst\u00fctzen, ihre Zukunft durch Technologie und Lernen zu entschl\u00fcsseln.<\/p>\n\n\n\n<p><strong>Liora<\/strong> ist ein einfacher, international verst\u00e4ndlicher und bedeutungsvoller Name, der unsere globale Vision und unseren Bildungsauftrag perfekt widerspiegelt.<\/p>\n<\/div>\n\n\n\n<div style=\"height:2rem\" aria-hidden=\"true\" class=\"wp-block-spacer\"><\/div>\n\n\n\n<div class=\"wp-block-group wp-pattern-overtitle-heading has-global-padding is-layout-constrained wp-container-core-group-is-layout-442b6e00 wp-block-group-is-layout-constrained\">\n<p class=\"has-text-align-left is-style-overtitle\"><strong>Rebranding<\/strong><\/p>\n\n\n\n<h2 class=\"wp-block-heading has-text-align-left\" id=\"h-8-welche-werte-stehen-weiterhin-im-mittelpunkt-von-liora\"><strong>8. Welche Werte stehen weiterhin im Mittelpunkt von Liora?<\/strong><\/h2>\n<\/div>\n\n\n\n<div class=\"wp-block-group alignwide wp-pattern-media-video__text has-grey-1-background-color has-background has-global-padding is-content-justification-center is-layout-constrained wp-block-group-is-layout-constrained\" style=\"border-radius:24px;min-height:0px\">\n<p>Unsere Grundwerte bleiben unver\u00e4ndert. Heute sind sie st\u00e4rker denn je und strahlen heller als zuvor.<\/p>\n\n\n\n<div class=\"wp-block-group alignwide has-global-padding is-layout-constrained wp-block-group-is-layout-constrained\">\n<div class=\"wp-block-group is-layout-grid wp-container-core-group-is-layout-a9535673 wp-block-group-is-layout-grid\">\n<div class=\"wp-block-columns is-layout-flex wp-container-core-columns-is-layout-28f84493 wp-block-columns-is-layout-flex\">\n<div class=\"wp-block-column is-vertically-aligned-bottom is-layout-flow wp-block-column-is-layout-flow\">\n<figure class=\"wp-block-image size-full\"><img decoding=\"async\" src=\"https:\/\/liora.io\/app\/uploads\/2025\/12\/frame-35094.png\" alt=\"\" class=\"wp-image-300032\" \/><\/figure>\n\n\n\n<h5 class=\"wp-block-heading\" id=\"h-teilen\"><strong>Teilen<\/strong><\/h5>\n\n\n\n<p>Wir f\u00f6rdern den Austausch von Ideen und gemeinsames Lernen, um gemeinsam schneller zu wachsen.<\/p>\n<\/div>\n<\/div>\n\n\n\n<div class=\"wp-block-columns is-layout-flex wp-container-core-columns-is-layout-28f84493 wp-block-columns-is-layout-flex\">\n<div class=\"wp-block-column is-layout-flow wp-block-column-is-layout-flow\">\n<figure class=\"wp-block-image size-full\"><img decoding=\"async\" src=\"https:\/\/liora.io\/app\/uploads\/2025\/12\/frame-35094-1.png\" alt=\"\" class=\"wp-image-300034\" \/><\/figure>\n\n\n\n<h5 class=\"wp-block-heading\" id=\"h-exzellenz\"><strong>Exzellenz<\/strong><\/h5>\n\n\n\n<p>Wir bieten erstklassige Inhalte und Lernerlebnisse auf h\u00f6chstem Niveau.<\/p>\n<\/div>\n<\/div>\n\n\n\n<div class=\"wp-block-columns wp-container-content-b959ccbe is-layout-flex wp-container-core-columns-is-layout-28f84493 wp-block-columns-is-layout-flex\">\n<div class=\"wp-block-column is-layout-flow wp-block-column-is-layout-flow\">\n<figure class=\"wp-block-image size-full\"><img decoding=\"async\" src=\"https:\/\/liora.io\/app\/uploads\/2025\/12\/frame-35094-2-1.png\" alt=\"\" class=\"wp-image-300042\" \/><\/figure>\n\n\n\n<h5 class=\"wp-block-heading\" id=\"h-zusammenarbeit\"><strong>Zusammenarbeit<\/strong><\/h5>\n\n\n\n<p>Wir bringen Menschen und Kompetenzen zusammen, um intelligentere und st\u00e4rkere L\u00f6sungen zu entwickeln.<\/p>\n<\/div>\n<\/div>\n<\/div>\n\n\n\n<div class=\"wp-block-group is-layout-grid wp-container-core-group-is-layout-478b6e6b wp-block-group-is-layout-grid\">\n<div class=\"wp-block-columns is-layout-flex wp-container-core-columns-is-layout-28f84493 wp-block-columns-is-layout-flex\">\n<div class=\"wp-block-column is-vertically-aligned-bottom is-layout-flow wp-block-column-is-layout-flow\">\n<figure class=\"wp-block-image size-full\"><img decoding=\"async\" src=\"https:\/\/liora.io\/app\/uploads\/2025\/12\/frame-35094-4.png\" alt=\"\" class=\"wp-image-300044\" \/><\/figure>\n\n\n\n<h5 class=\"wp-block-heading\" id=\"h-anpassungsfahigkeit\"><strong>Anpassungsf\u00e4higkeit<\/strong><\/h5>\n\n\n\n<p>Wir gestalten jeden Lernweg passend zu Deinem Rhythmus, Deinen Zielen und Deinem Lernstil.<\/p>\n<\/div>\n<\/div>\n\n\n\n<div class=\"wp-block-columns is-layout-flex wp-container-core-columns-is-layout-28f84493 wp-block-columns-is-layout-flex\">\n<div class=\"wp-block-column is-layout-flow wp-block-column-is-layout-flow\">\n<figure class=\"wp-block-image size-full\"><img decoding=\"async\" src=\"https:\/\/liora.io\/app\/uploads\/2025\/12\/frame-345672.png\" alt=\"\" class=\"wp-image-300045\" \/><\/figure>\n\n\n\n<h5 class=\"wp-block-heading\" id=\"h-offenheit\"><strong>Offenheit<\/strong><\/h5>\n\n\n\n<p>Wir hei\u00dfen vielf\u00e4ltige Ideen willkommen und wecken Neugier, um Deinen Horizont zu erweitern.<\/p>\n<\/div>\n<\/div>\n<\/div>\n<\/div>\n<\/div>\n\n\n\n<div style=\"height:2rem\" aria-hidden=\"true\" class=\"wp-block-spacer\"><\/div>\n\n\n\n<div class=\"wp-block-group wp-pattern-overtitle-heading has-global-padding is-layout-constrained wp-container-core-group-is-layout-442b6e00 wp-block-group-is-layout-constrained\">\n<p class=\"has-text-align-left is-style-overtitle\"><strong>Partnerschaften<\/strong><\/p>\n\n\n\n<h2 class=\"wp-block-heading has-text-align-left\" id=\"h-9-arbeitet-liora-weiterhin-mit-denselben-vertrauenswurdigen-partnern-zusammen\"><strong>9. Arbeitet Liora weiterhin mit denselben vertrauensw\u00fcrdigen Partnern zusammen?<\/strong><\/h2>\n<\/div>\n\n\n\n<div class=\"wp-block-group alignwide wp-pattern-media-video__text has-grey-1-background-color has-background has-global-padding is-content-justification-center is-layout-constrained wp-block-group-is-layout-constrained\" style=\"border-radius:24px\">\n<p>Absolut \u2013 und heute mehr denn je.<br>Unsere Partnerschaften mit f\u00fchrenden akademischen Institutionen und Technologieanbietern bestehen weiterhin und sind sogar noch st\u00e4rker geworden.<\/p>\n\n\n\n<p><strong>Universit\u00e4t Panth\u00e9on-Sorbonne, \u00c9cole des Mines ParisTech, ECE<\/strong><\/p>\n\n\n\n<p><strong>AWS, Google Cloud, Microsoft, SAP, Salesforce, Dataiku \u2026<\/strong><\/p>\n\n\n\n<p>Diese Partnerschaften garantieren auch weiterhin die hohe Qualit\u00e4t und Glaubw\u00fcrdigkeit unserer Programme.<\/p>\n<\/div>\n\n\n\n<div style=\"height:2rem\" aria-hidden=\"true\" class=\"wp-block-spacer\"><\/div>\n\n\n\n<div class=\"wp-block-group wp-pattern-overtitle-heading has-global-padding is-layout-constrained wp-container-core-group-is-layout-442b6e00 wp-block-group-is-layout-constrained\">\n<p class=\"has-text-align-left is-style-overtitle\"><strong>Alumni<\/strong><\/p>\n\n\n\n<h2 class=\"wp-block-heading has-text-align-left\" id=\"h-10-was-andert-sich-fur-die-alumni-community\"><strong>10. Was \u00e4ndert sich f\u00fcr die Alumni-Community?<\/strong><\/h2>\n<\/div>\n\n\n\n<div class=\"wp-block-group alignwide wp-pattern-media-video__text has-grey-1-background-color has-background has-global-padding is-content-justification-center is-layout-constrained wp-block-group-is-layout-constrained\" style=\"border-radius:24px\">\n<p>Die <strong>Liora Alumni Community<\/strong> vereint ab sofort alle ehemaligen Teilnehmenden von DataScientest, CyberUniversity und DevUniversity.<br>So entsteht ein gemeinsames Netzwerk von <strong>\u00fcber 20.000 Tech-Professionals<\/strong> in <strong>mehr als 45 L\u00e4ndern<\/strong>.<\/p>\n\n\n\n<p>Unter dem Namen <strong>Liora<\/strong> werden in K\u00fcrze neue Events, Initiativen und M\u00f6glichkeiten zur Vernetzung gestartet.<\/p>\n<\/div>\n\n\n\n<div style=\"height:2rem\" aria-hidden=\"true\" class=\"wp-block-spacer\"><\/div>\n\n\n\n<div class=\"wp-block-group wp-pattern-overtitle-heading has-global-padding is-layout-constrained wp-container-core-group-is-layout-442b6e00 wp-block-group-is-layout-constrained\">\n<p class=\"has-text-align-left is-style-overtitle\"><strong>Wie kannst Du aktiv werden?<\/strong><\/p>\n\n\n\n<h2 class=\"wp-block-heading has-text-align-left\" id=\"h-11-wie-kannst-du-teil-dieses-neuen-kapitels-werden\"><strong>11. Wie kannst Du Teil dieses neuen Kapitels werden?<\/strong><\/h2>\n<\/div>\n\n\n\n<div class=\"wp-block-group alignwide wp-pattern-media-video__text has-grey-1-background-color has-background has-global-padding is-content-justification-center is-layout-constrained wp-block-group-is-layout-constrained\" style=\"border-radius:24px\">\n<p>\ud83d\udc49 Aktualisiere Dein LinkedIn-Profil mit dem Namen <strong>Liora (ehemals DataScientest)<\/strong>.<br>\ud83d\udc49 Lade Dein aktualisiertes Diplom herunter.<br>\ud83d\udc49 Teile Deinen Werdegang und Deinen Stolz, Teil der Community zu sein, mit den Hashtags <strong>#Liora<\/strong> und <strong>#YourFutureDecoded<\/strong>.<br>\ud83d\udc49 Bleib auf dem Laufenden und mit der Community verbunden \u2013 \u00fcber unsere Alumni-Kan\u00e4le und Social Media.<\/p>\n<\/div>\n\n\n\n<div style=\"height:2rem\" aria-hidden=\"true\" class=\"wp-block-spacer\"><\/div>\n\n\n\n<h4 class=\"wp-block-heading has-text-align-center\" id=\"h-zusammengefasst\"><strong>Zusammengefasst:<\/strong><\/h4>\n\n\n\n<p class=\"has-text-align-center is-style-h6\">Gleiche DNA. Neue Ambitionen.<br>Gleiche Qualit\u00e4t. Neuer Name.<br>Gleiche Community. St\u00e4rker als je zuvor.<\/p>\n\n\n\n\n\n<div style=\"height:2rem\" aria-hidden=\"true\" class=\"wp-block-spacer\"><\/div>\n\n\n\n<div class=\"wp-block-group alignwide wp-pattern-media-text-background is-layout-flow wp-block-group-is-layout-flow\">\n<div class=\"wp-block-group is-nowrap is-layout-flex wp-container-core-group-is-layout-6c531013 wp-block-group-is-layout-flex\">\n<div class=\"wp-block-group wp-pattern-media-text-background__text has-white-color has-text-color has-link-color wp-elements-98bf4b80bd67b912fca5ab1a8f15abd3 has-global-padding is-layout-constrained wp-container-core-group-is-layout-0d9b3749 wp-block-group-is-layout-constrained\">\n<div class=\"wp-block-group has-global-padding is-layout-constrained wp-container-core-group-is-layout-442b6e00 wp-block-group-is-layout-constrained\">\n<p class=\"is-style-h3 has-white-color has-text-color has-link-color wp-elements-fd86a2ce5540a66916d3128bb8c3ffa7\"><strong>Noch Fragen?<\/strong><\/p>\n\n\n\n<p>Unser Team ist f\u00fcr Dich da und beantwortet gerne alle Fragen rund um das Rebranding. Schreib uns einfach an <strong>contact@liora.com<\/strong>.<\/p>\n<\/div>\n\n\n\n<div class=\"wp-block-buttons is-layout-flex wp-block-buttons-is-layout-flex\">\n<div class=\"wp-block-button is-style-outline is-style-outline--1\"><a class=\"wp-block-button__link has-white-color has-text-color has-link-color wp-element-button\" href=\"mailto:contact@liora.io\">E-Mail senden<\/a><\/div>\n<\/div>\n<\/div>\n\n\n\n<figure class=\"wp-block-image size-full\"><img decoding=\"async\" src=\"https:\/\/liora.io\/app\/uploads\/2025\/12\/collaborateurs-homme-femme-sourient-1.png\" alt=\"\" class=\"wp-image-300049\" style=\"aspect-ratio:1;object-fit:cover\" \/><\/figure>\n<\/div>\n\n\n\n<div style=\"height:5rem\" aria-hidden=\"true\" class=\"wp-block-spacer\"><\/div>\n<\/div>\n","protected":false},"excerpt":{"rendered":"<p>Warum dieser Wandel? 1. Warum wird DataScientest zu Liora? Seit 2017 ist unsere Mission klar: das volle Potenzial jedes Einzelnen durch erstklassige Tech-Weiterbildung sichtbar zu machen. Mit Liora b\u00fcndeln wir unsere St\u00e4rken, um noch weiter zu gehen: Wir gestalten eine Lernerfahrung, die einzigartig flexibel, konsequent menschenzentriert und konsequent auf die Zukunft der Tech-Welt ausgerichtet ist [&hellip;]<\/p>\n","protected":false},"author":107,"featured_media":213803,"parent":0,"menu_order":0,"comment_status":"closed","ping_status":"closed","template":"page-without-title","meta":{"_acf_changed":false,"editor_notices":[],"footnotes":""},"class_list":["post-212233","page","type-page","status-publish","has-post-thumbnail","hentry"],"acf":[],"_links":{"self":[{"href":"https:\/\/liora.io\/de\/wp-json\/wp\/v2\/pages\/212233","targetHints":{"allow":["GET"]}}],"collection":[{"href":"https:\/\/liora.io\/de\/wp-json\/wp\/v2\/pages"}],"about":[{"href":"https:\/\/liora.io\/de\/wp-json\/wp\/v2\/types\/page"}],"author":[{"embeddable":true,"href":"https:\/\/liora.io\/de\/wp-json\/wp\/v2\/users\/107"}],"replies":[{"embeddable":true,"href":"https:\/\/liora.io\/de\/wp-json\/wp\/v2\/comments?post=212233"}],"version-history":[{"count":4,"href":"https:\/\/liora.io\/de\/wp-json\/wp\/v2\/pages\/212233\/revisions"}],"predecessor-version":[{"id":214852,"href":"https:\/\/liora.io\/de\/wp-json\/wp\/v2\/pages\/212233\/revisions\/214852"}],"wp:featuredmedia":[{"embeddable":true,"href":"https:\/\/liora.io\/de\/wp-json\/wp\/v2\/media\/213803"}],"wp:attachment":[{"href":"https:\/\/liora.io\/de\/wp-json\/wp\/v2\/media?parent=212233"}],"curies":[{"name":"wp","href":"https:\/\/api.w.org\/{rel}","templated":true}]}}