{"id":212223,"date":"2025-12-19T12:26:03","date_gmt":"2025-12-19T11:26:03","guid":{"rendered":"https:\/\/liora.io\/de\/?page_id=212223"},"modified":"2026-02-10T11:46:37","modified_gmt":"2026-02-10T10:46:37","slug":"datascientest-wird-liora","status":"publish","type":"page","link":"https:\/\/liora.io\/de\/datascientest-wird-liora","title":{"rendered":"[LIORA] DE &#8211; DataScientest wird zu Liora"},"content":{"rendered":"\n<div class=\"wp-block-liora-blocks-hero alignfull wp-block-liora-hero-homepage\">\n\t<h1 class=\"sr-only\">[LIORA] DE &#8211; DataScientest wird zu Liora<\/h1>\n\t<div class=\"wp-block-liora-hero-homepage__slider swiper swiper--main\">\n\t\t<div class=\"swiper-wrapper\">\n\t\t\t\t\t\t\t<div class=\"swiper-slide\">\n\t\t\t\t\t<div class=\"container\">\n\t\t\t\t\t\t<div class=\"wp-block-liora-hero-homepage__caption\">\n\t\t\t\t\t\t\t<h2 class=\"wp-block-liora-hero-homepage__title\">DataScientest wird zu Liora<\/h2><p class=\"wp-block-liora-hero-homepage__description\">Seit 2017 haben wir eine starke Community aus Expert:innen aufgebaut, die die Zukunft der Tech-Welt aktiv mitgestaltet. Heute vereinen sich DataScientest, CyberUniversity und DevUniversity unter einem neuen Namen: Liora.<\/p>\t\t\t\t\t\t\t<div class=\"wp-block-buttons is-layout-flex wp-block-buttons-is-layout-flex\">\n\t\t\t\t\t\t\t<div class=\"wp-block-button is-style-small-outline\"><a href=\"#anchor-why-this-change\" class=\"wp-block-button__link has-white-color has-text-color has-link-color wp-element-button has-grow-animation\">Entdecke unsere Geschichte<\/a><\/div>\t\t\t\t\t\t\t<\/div>\n\t\t\t\t\t\t\t\t\t\t\t\t\t<\/div>\n\t\t\t\t\t<\/div>\n\t\t\t\t<\/div>\n\t\t\t\t\t<\/div>\n\t<\/div>\n\t<div class=\"wp-block-liora-hero-homepage__medias swiper swiper--medias\">\n\t\t<div class=\"swiper-wrapper\">\n\t\t\t\t\t\t<div class=\"swiper-slide\">\n\t\t\t\t<figure class=\"wp-block-image size-full\"><img decoding=\"async\" width=\"1357\" height=\"680\" src=\"https:\/\/liora.io\/app\/uploads\/sites\/8\/2026\/01\/tote-bag-liora-1357x680.jpg\" class=\"wp-block-liora-hero-homepage__slide-image\" alt=\"\" data-location=\"\" \/><\/figure>\t\t\t<\/div>\n\t\t\t\t\t<\/div>\n\t<\/div>\n\t\n\t\n<svg xmlns=\"http:\/\/www.w3.org\/2000\/svg\" width=\"2027\" height=\"1000\" viewBox=\"0 0 2027 1000\" class=\"shape-vector\" aria-hidden=\"true\" focusable=\"false\" fill=\"none\"><path stroke=\"currentColor\" stroke-width=\"2\" d=\"M497.861 1H1584.71c24.52 0 44.42 19.958 44.42 44.554v303.298c0 25.695 20.8 46.554 46.43 46.554h305.98c24.52 0 44.43 19.958 44.43 44.554v514.486c0 24.596-19.91 44.554-44.43 44.554h-607.52c-24.52 0-44.42-19.958-44.42-44.554V589.741c0-25.695-20.8-46.553-46.43-46.553H896.604c-25.63 0-46.425 20.858-46.425 46.553v364.705c0 24.596-19.906 44.554-44.426 44.554H45.425C20.905 999 1 979.042 1 954.446V517.401c0-24.596 19.905-44.553 44.425-44.553H407.01c25.629-.001 46.424-20.859 46.425-46.554V45.554C453.436 20.958 473.342 1 497.861 1Z\"\/><\/svg>\n<\/div>\n\n\n<span class=\"wp-block-beapi-anchor\" aria-hidden=\"true\" id=\"anchor-why-this-change\"><\/span>\n\n\n\n<div class=\"wp-block-group wp-pattern-overtitle-heading has-global-padding is-layout-constrained wp-container-core-group-is-layout-442b6e00 wp-block-group-is-layout-constrained\">\n<p class=\"has-text-align-center is-style-overtitle\"><strong>Warum dieser Wandel?<\/strong><\/p>\n\n\n\n<h2 class=\"wp-block-heading has-text-align-center\" id=\"h-gleiche-dna-neue-ambitionen\">Gleiche DNA,<br>neue Ambitionen.<\/h2>\n<\/div>\n\n\n\n<div class=\"wp-block-columns is-layout-flex wp-container-core-columns-is-layout-28f84493 wp-block-columns-is-layout-flex\">\n<div class=\"wp-block-column is-layout-flow wp-block-column-is-layout-flow\" style=\"flex-basis:60%\">\n<div class=\"wp-block-group wp-pattern-media-video__text has-grey-1-background-color has-background has-global-padding is-layout-constrained wp-block-group-is-layout-constrained\" style=\"border-radius:24px\">\n<p>2017 wurde DataScientest mit einer klaren Mission gegr\u00fcndet: die n\u00e4chste Generation f\u00fcr Karrieren im Bereich Data auszubilden. Heute entwickelt sich die Tech-Welt weiter und wir uns mit ihr. Unter dem Namen <strong>Liora<\/strong> wachsen DataScientest, CyberU und DevU zu einer globalen, menschenzentrierten Marke zusammen, die bereit ist, die Herausforderungen des 21. Jahrhunderts anzunehmen.<\/p>\n\n\n\n<p><strong>Liora ist das Licht<\/strong>:<br>das Licht, das Dein Potenzial sichtbar macht und Dich auf Deinem Weg in die Zukunft begleitet.<\/p>\n<\/div>\n<\/div>\n\n\n\n<div class=\"wp-block-column is-layout-flow wp-container-core-column-is-layout-8a368f38 wp-block-column-is-layout-flow\">\n<div class=\"wp-block-group wp-pattern-media-video__video has-global-padding is-layout-constrained wp-block-group-is-layout-constrained\" style=\"border-radius:24px\">\n<figure class=\"wp-block-image size-large\"><img decoding=\"async\" src=\"https:\/\/liora.io\/app\/uploads\/2025\/10\/tote-bag-liora-1024x683.jpg\" alt=\"\" class=\"wp-image-294283\" style=\"aspect-ratio:1;object-fit:cover\" \/><\/figure>\n\n\n\n<ul class=\"wp-block-beapi-icon-block is-layout-flex wp-block-icon-block-is-layout-flex\">\n<li class=\"wp-block-beapi-icon-item popmake-216046\"><span><svg viewBox=\"0 0 24 24\" xmlns=\"http:\/\/www.w3.org\/2000\/svg\" style=\"color:#FF6745\" class=\"wp-block-beapi-icon-block__icon-component wp-block-beapi-icon-block__icon-component--sprite icon-play\" aria-hidden=\"true\"><use href=\"https:\/\/liora.io\/app\/themes\/liora\/dist\/icons\/sprite.svg#icon-play\"><\/use><\/svg><\/span><\/li>\n<\/ul>\n<\/div>\n<\/div>\n<\/div>\n\n\n\n\n\n<div style=\"height:2rem\" aria-hidden=\"true\" class=\"wp-block-spacer\"><\/div>\n\n\n\n<div class=\"wp-block-group wp-pattern-overtitle-heading has-global-padding is-layout-constrained wp-container-core-group-is-layout-442b6e00 wp-block-group-is-layout-constrained\">\n<p class=\"has-text-align-center is-style-overtitle\"><strong>Unsere S\u00e4ulen<\/strong><\/p>\n\n\n\n<h2 class=\"wp-block-heading has-text-align-center\" id=\"h-liora-eine-marke-gebaut-fur-die-zukunft\"><strong>Liora \u2013 eine Marke,<br>gebaut f\u00fcr die Zukunft<\/strong><\/h2>\n<\/div>\n\n\n\n<div class=\"wp-block-columns alignwide is-layout-flex wp-container-core-columns-is-layout-28f84493 wp-block-columns-is-layout-flex\">\n<div class=\"wp-block-column is-layout-flow wp-block-column-is-layout-flow\" style=\"flex-basis:35%\">\n<div class=\"wp-block-group is-vertical is-layout-flex wp-container-core-group-is-layout-a2e3e733 wp-block-group-is-layout-flex\">\n<figure class=\"wp-block-image size-large\"><img decoding=\"async\" src=\"https:\/\/liora.io\/app\/uploads\/2025\/11\/datascientest-25-2000-39-2.jpg\" alt=\"\" style=\"aspect-ratio:1.3333;object-fit:cover\" \/><\/figure>\n\n\n\n<h3 class=\"wp-block-heading is-style-h6\" id=\"h-teilen\"><strong>Teilen<\/strong><\/h3>\n\n\n\n<p class=\"is-style-small has-grey-40-color has-text-color has-link-color wp-elements-8141c50c176007b3b57f0123aa4e2cc2\">Wir f\u00f6rdern den Austausch von Ideen und gemeinsames Lernen, um zusammen schneller zu wachsen.<\/p>\n<\/div>\n<\/div>\n\n\n\n<div class=\"wp-block-column is-layout-flow wp-block-column-is-layout-flow\" style=\"flex-basis:35%\">\n<div class=\"wp-block-group is-vertical is-layout-flex wp-container-core-group-is-layout-a2e3e733 wp-block-group-is-layout-flex\">\n<figure class=\"wp-block-image size-large\"><img decoding=\"async\" src=\"https:\/\/liora.io\/app\/uploads\/2026\/01\/a7403864-3.jpg\" alt=\"\" style=\"aspect-ratio:1.3333;object-fit:cover\" \/><\/figure>\n\n\n\n<h3 class=\"wp-block-heading is-style-h6\" id=\"h-exzellenz\"><strong>Exzellenz<\/strong><\/h3>\n\n\n\n<p class=\"is-style-small has-grey-40-color has-text-color has-link-color wp-elements-d8fae6ed56286a7c09225fdd7503c35e\">Wir bieten erstklassige Inhalte und Lernerlebnisse auf h\u00f6chstem Niveau.<\/p>\n<\/div>\n<\/div>\n\n\n\n<div class=\"wp-block-column is-layout-flow wp-block-column-is-layout-flow\" style=\"flex-basis:35%\">\n<div class=\"wp-block-group is-vertical is-layout-flex wp-container-core-group-is-layout-a2e3e733 wp-block-group-is-layout-flex\">\n<figure class=\"wp-block-image size-large\"><img decoding=\"async\" src=\"https:\/\/liora.io\/app\/uploads\/2026\/01\/datascientest-25-2000-90-1.jpg\" alt=\"\" style=\"aspect-ratio:1.3333;object-fit:cover\" \/><\/figure>\n\n\n\n<h3 class=\"wp-block-heading is-style-h6\" id=\"h-zusammenarbeit\"><strong>Zusammenarbeit<\/strong><\/h3>\n\n\n\n<p class=\"is-style-small has-grey-40-color has-text-color has-link-color wp-elements-919eda2f18f34ae53f2abc705dec231a\">Wir bringen Menschen und Kompetenzen zusammen, um intelligente und nachhaltige L\u00f6sungen zu entwickeln.<\/p>\n<\/div>\n<\/div>\n<\/div>\n\n\n\n<div class=\"wp-block-columns alignwide is-layout-flex wp-container-core-columns-is-layout-28f84493 wp-block-columns-is-layout-flex\">\n<div class=\"wp-block-column is-layout-flow wp-block-column-is-layout-flow\"><\/div>\n\n\n\n<div class=\"wp-block-column is-layout-flow wp-block-column-is-layout-flow\" style=\"flex-basis:30%\">\n<div class=\"wp-block-group is-vertical is-layout-flex wp-container-core-group-is-layout-a2e3e733 wp-block-group-is-layout-flex\">\n<figure class=\"wp-block-image size-large\"><img decoding=\"async\" src=\"https:\/\/liora.io\/app\/uploads\/2026\/01\/datascientest-25-2000-62.jpg\" alt=\"\" style=\"aspect-ratio:1.3333;object-fit:cover\" \/><\/figure>\n\n\n\n<h3 class=\"wp-block-heading is-style-h6\" id=\"h-anpassungsfahigkeit\"><strong>Anpassungsf\u00e4higkeit<\/strong><\/h3>\n\n\n\n<p class=\"is-style-small has-grey-40-color has-text-color has-link-color wp-elements-85a5d2f8c10578ad6ad7118859b09548\">Wir passen jeden Lernweg Deinem Rhythmus, Deinen Zielen und Deinem Lernstil an.<\/p>\n<\/div>\n<\/div>\n\n\n\n<div class=\"wp-block-column is-layout-flow wp-block-column-is-layout-flow\" style=\"flex-basis:30%\">\n<div class=\"wp-block-group is-vertical is-layout-flex wp-container-core-group-is-layout-a2e3e733 wp-block-group-is-layout-flex\">\n<figure class=\"wp-block-image size-large\"><img decoding=\"async\" src=\"https:\/\/liora.io\/app\/uploads\/2026\/01\/a7403883.jpg\" alt=\"\" style=\"aspect-ratio:1.3333;object-fit:cover\" \/><\/figure>\n\n\n\n<h3 class=\"wp-block-heading is-style-h6\" id=\"h-offenheit\"><strong>Offenheit<\/strong><\/h3>\n\n\n\n<p class=\"is-style-small has-grey-40-color has-text-color has-link-color wp-elements-9595c0c7af8a107ee7a1f0cf01da43e2\">Wir hei\u00dfen vielf\u00e4ltige Ideen willkommen und f\u00f6rdern Neugier, um Deinen Horizont zu erweitern.<\/p>\n<\/div>\n<\/div>\n\n\n\n<div class=\"wp-block-column is-layout-flow wp-block-column-is-layout-flow\"><\/div>\n<\/div>\n\n\n\n<div style=\"height:5rem\" aria-hidden=\"true\" class=\"wp-block-spacer\"><\/div>\n\n\n\n<div class=\"wp-block-group alignfull has-grey-1-background-color has-background has-global-padding is-layout-constrained wp-block-group-is-layout-constrained\" style=\"padding-top:var(--wp--preset--spacing--columns);padding-bottom:var(--wp--preset--spacing--columns)\">\n<div style=\"height:2rem\" aria-hidden=\"true\" class=\"wp-block-spacer\"><\/div>\n\n\n\n<div class=\"wp-block-group alignfull wp-pattern-overtitle-heading has-global-padding is-layout-constrained wp-container-core-group-is-layout-442b6e00 wp-block-group-is-layout-constrained\">\n<p class=\"has-text-align-center is-style-overtitle\"><strong>Unsere Partner<\/strong><\/p>\n\n\n\n<h2 class=\"wp-block-heading has-text-align-center\" id=\"h-erstklassige-partner-die-deinen-weg-voranbringen\">Erstklassige Partner,<br>die Deinen Weg voranbringen<\/h2>\n\n\n\n<p class=\"has-text-align-center\">Liora st\u00fctzt sich auf ein Netzwerk renommierter Universit\u00e4ten (Sorbonne, Mines ParisTech, ECE)<br>sowie f\u00fchrender Technologiepartner (AWS, Microsoft, Google Cloud, SAP \u2026).<\/p>\n\n\n\n<p class=\"has-text-align-center\"><\/p>\n<\/div>\n\n\n\n<div class=\"wp-block-columns is-not-stacked-on-mobile is-layout-flex wp-container-core-columns-is-layout-c46dd572 wp-block-columns-is-layout-flex\" style=\"padding-top:var(--wp--preset--spacing--md);padding-bottom:var(--wp--preset--spacing--md)\">\n<div class=\"wp-block-column is-layout-flow wp-block-column-is-layout-flow\">\n<figure class=\"wp-block-image alignright size-large is-resized has-custom-border\"><img decoding=\"async\" src=\"https:\/\/liora.io\/app\/uploads\/2025\/10\/mines-paris-executive-education-logo-header.svg\" alt=\"\" class=\"wp-image-294192\" style=\"border-radius:0px;width:auto;height:70px\" \/><\/figure>\n<\/div>\n\n\n\n<div class=\"wp-block-column is-layout-flow wp-block-column-is-layout-flow\">\n<figure class=\"wp-block-image aligncenter size-large is-resized has-custom-border\"><img decoding=\"async\" src=\"https:\/\/liora.io\/app\/uploads\/2025\/10\/universite-pantheon-sorbonne-depuis-janvier-2015.svg\" alt=\"\" class=\"wp-image-294193\" style=\"border-radius:0px;width:auto;height:70px\" \/><\/figure>\n<\/div>\n\n\n\n<div class=\"wp-block-column is-layout-flow wp-block-column-is-layout-flow\">\n<figure class=\"wp-block-image alignleft size-large is-resized has-custom-border\"><img decoding=\"async\" src=\"https:\/\/liora.io\/app\/uploads\/2024\/06\/ECE_LOGO_2021_web-1024x336.png\" alt=\"\" class=\"wp-image-249680\" style=\"border-radius:0px;width:auto;height:70px\" \/><\/figure>\n<\/div>\n<\/div>\n\n\n\n<div class=\"wp-block-columns are-vertically-aligned-center is-not-stacked-on-mobile is-layout-flex wp-container-core-columns-is-layout-8c9df104 wp-block-columns-is-layout-flex\" style=\"padding-top:var(--wp--preset--spacing--md);padding-bottom:var(--wp--preset--spacing--md)\">\n<div class=\"wp-block-column is-vertically-aligned-center is-layout-flow wp-block-column-is-layout-flow\">\n<figure class=\"wp-block-image alignright size-full is-resized has-custom-border\"><img decoding=\"async\" src=\"https:\/\/liora.io\/app\/uploads\/2025\/10\/microsoft-logo-2012.svg\" alt=\"\" class=\"wp-image-294652\" style=\"border-radius:0px;width:auto;height:30px\" \/><\/figure>\n<\/div>\n\n\n\n<div class=\"wp-block-column is-vertically-aligned-center is-layout-flow wp-block-column-is-layout-flow\">\n<figure class=\"wp-block-image alignleft size-full is-resized\"><img decoding=\"async\" src=\"https:\/\/liora.io\/app\/uploads\/2025\/12\/google-cloud-logo.svg\" alt=\"\" class=\"wp-image-299712\" style=\"width:auto;height:30px\" \/><\/figure>\n<\/div>\n<\/div>\n\n\n\n<div class=\"wp-block-columns is-not-stacked-on-mobile is-layout-flex wp-container-core-columns-is-layout-8c9df104 wp-block-columns-is-layout-flex\" style=\"padding-top:var(--wp--preset--spacing--md);padding-bottom:var(--wp--preset--spacing--md)\">\n<div class=\"wp-block-column is-vertically-aligned-top is-layout-flow wp-block-column-is-layout-flow\">\n<figure class=\"wp-block-image alignright size-full is-resized has-custom-border\"><img decoding=\"async\" src=\"https:\/\/liora.io\/app\/uploads\/2025\/12\/amazon-web-services-logo.svg\" alt=\"\" class=\"wp-image-299169\" style=\"border-radius:0px;width:80px\" \/><\/figure>\n<\/div>\n\n\n\n<div class=\"wp-block-column is-layout-flow wp-block-column-is-layout-flow\">\n<figure class=\"wp-block-image alignleft size-full is-resized has-custom-border\"><img decoding=\"async\" src=\"https:\/\/liora.io\/app\/uploads\/2025\/10\/sap-2011-logo-1.svg\" alt=\"\" class=\"wp-image-293623\" style=\"border-radius:0px;width:80px;height:auto\" \/><\/figure>\n<\/div>\n<\/div>\n\n\n\n<div style=\"height:2rem\" aria-hidden=\"true\" class=\"wp-block-spacer\"><\/div>\n<\/div>\n\n\n\n<div style=\"height:2rem\" aria-hidden=\"true\" class=\"wp-block-spacer\"><\/div>\n\n\n\n<h2 class=\"wp-block-heading has-text-align-center has-primary-blue-color has-text-color has-link-color wp-elements-4c0e692a6b42700236219d4d08add78b\" id=\"h-your-future-decoded\">YOUR FUTURE, DECODED.<\/h2>\n\n\n\n<p class=\"has-text-align-center has-primary-blue-color has-text-color has-link-color wp-elements-0a1932a776175d0f0e7706e20e4a31b7\">Wir freuen uns, Dich auf Deinem Weg mit Liora begleiten und inspirieren zu d\u00fcrfen.<\/p>\n\n\n\n<div class=\"wp-block-group has-primary-blue-background-color has-background has-global-padding is-layout-constrained wp-block-group-is-layout-constrained\" style=\"border-radius:50px\">\n<div class=\"wp-block-group has-global-padding is-layout-constrained wp-block-group-is-layout-constrained\" style=\"margin-top:var(--wp--preset--spacing--columns);margin-bottom:var(--wp--preset--spacing--columns)\">\n<h2 class=\"wp-block-heading has-text-align-center is-style-h3 has-white-color has-text-color has-link-color wp-elements-ce75475f558388084f03441801a8062e\" id=\"h-wir-glauben-an-die-kraft-von-technologie-und-an-die-menschen-die-sie-zum-leben-erwecken\">Wir glauben an die Kraft von Technologie und an die Menschen, die sie zum Leben erwecken.<\/h2>\n\n\n\n<div class=\"wp-block-columns is-not-stacked-on-mobile is-layout-flex wp-container-core-columns-is-layout-2194a53b wp-block-columns-is-layout-flex\" style=\"margin-top:var(--wp--preset--spacing--columns);margin-bottom:var(--wp--preset--spacing--columns);padding-right:var(--wp--preset--spacing--2-xl-large);padding-left:var(--wp--preset--spacing--2-xl-large)\">\n<div class=\"wp-block-column has-sector-yellow-background-color has-background is-layout-flow wp-block-column-is-layout-flow\" style=\"border-radius:100px\">\n<div style=\"height:5px\" aria-hidden=\"true\" class=\"wp-block-spacer\"><\/div>\n<\/div>\n\n\n\n<div class=\"wp-block-column has-sector-blue-turquoise-color has-sector-blue-turquoise-background-color has-text-color has-background has-link-color wp-elements-b15c6565f165283e2a994b1b7022cad5 is-layout-flow wp-block-column-is-layout-flow\" style=\"border-radius:100px\">\n<div style=\"height:5px\" aria-hidden=\"true\" class=\"wp-block-spacer\"><\/div>\n<\/div>\n\n\n\n<div class=\"wp-block-column has-sector-pink-color has-sector-pink-background-color has-text-color has-background has-link-color wp-elements-de9cf370fe0a317282ddc79b94cd0963 is-layout-flow wp-block-column-is-layout-flow\" style=\"border-radius:100px\">\n<div style=\"height:5px\" aria-hidden=\"true\" class=\"wp-block-spacer\"><\/div>\n<\/div>\n\n\n\n<div class=\"wp-block-column has-sector-blue-color has-sector-blue-background-color has-text-color has-background has-link-color wp-elements-f884aa19bb760a148fcfd40715c9e329 is-layout-flow wp-block-column-is-layout-flow\" style=\"border-radius:100px\">\n<div style=\"height:5px\" aria-hidden=\"true\" class=\"wp-block-spacer\"><\/div>\n<\/div>\n<\/div>\n<\/div>\n<\/div>\n\n\n\n<section class=\"wp-block-group alignwide wp-pattern-media-text-background is-layout-flow wp-block-group-is-layout-flow\">\n<div class=\"wp-block-group is-nowrap is-layout-flex wp-container-core-group-is-layout-6c531013 wp-block-group-is-layout-flex\">\n<div class=\"wp-block-group wp-pattern-media-text-background__text has-white-color has-text-color has-link-color wp-elements-40c45cc477c93d22e4d92e28a40a7d98 has-global-padding is-layout-constrained wp-container-core-group-is-layout-0d9b3749 wp-block-group-is-layout-constrained\">\n<div class=\"wp-block-group has-global-padding is-layout-constrained wp-container-core-group-is-layout-442b6e00 wp-block-group-is-layout-constrained\">\n<h2 class=\"wp-block-heading is-style-h3 has-white-color has-text-color has-link-color wp-elements-67b39acc159306a582cd8a4fa6c2bfda\" id=\"h-der-newsletter-der-zukunft\">Der Newsletter der Zukunft<\/h2>\n\n\n\n<p>Erhalte einen Einblick in die Zukunft \u2013 direkt in Dein Postfach. Abonniere unseren Newsletter, um die Tech-Trends von morgen, exklusive Tipps und Angebote f\u00fcr unsere Community zu entdecken.<\/p>\n<\/div>\n\n\n\n<div class=\"wp-block-buttons is-layout-flex wp-block-buttons-is-layout-flex\">\n<div class=\"wp-block-button is-style-outline popmake-214814 is-style-outline--1\"><a class=\"wp-block-button__link has-white-color has-text-color has-link-color wp-element-button\">Zum Newsletter anmelden<\/a><\/div>\n<\/div>\n<\/div>\n\n\n\n<figure class=\"wp-block-image size-large\"><img decoding=\"async\" src=\"https:\/\/liora.io\/app\/themes\/liora\/dist\/images\/pattern-media-text-sample-3.webp\" alt=\"\" style=\"aspect-ratio:1;object-fit:cover\"\/><\/figure>\n<\/div>\n<\/section>\n\n\n\n<div style=\"height:5rem\" aria-hidden=\"true\" class=\"wp-block-spacer\"><\/div>\n","protected":false},"excerpt":{"rendered":"<p>Warum dieser Wandel? Gleiche DNA,neue Ambitionen. 2017 wurde DataScientest mit einer klaren Mission gegr\u00fcndet: die n\u00e4chste Generation f\u00fcr Karrieren im Bereich Data auszubilden. Heute entwickelt sich die Tech-Welt weiter und wir uns mit ihr. Unter dem Namen Liora wachsen DataScientest, CyberU und DevU zu einer globalen, menschenzentrierten Marke zusammen, die bereit ist, die Herausforderungen des [&hellip;]<\/p>\n","protected":false},"author":107,"featured_media":213803,"parent":0,"menu_order":0,"comment_status":"closed","ping_status":"closed","template":"page-without-title","meta":{"_acf_changed":false,"editor_notices":[],"footnotes":""},"class_list":["post-212223","page","type-page","status-publish","has-post-thumbnail","hentry"],"acf":[],"_links":{"self":[{"href":"https:\/\/liora.io\/de\/wp-json\/wp\/v2\/pages\/212223","targetHints":{"allow":["GET"]}}],"collection":[{"href":"https:\/\/liora.io\/de\/wp-json\/wp\/v2\/pages"}],"about":[{"href":"https:\/\/liora.io\/de\/wp-json\/wp\/v2\/types\/page"}],"author":[{"embeddable":true,"href":"https:\/\/liora.io\/de\/wp-json\/wp\/v2\/users\/107"}],"replies":[{"embeddable":true,"href":"https:\/\/liora.io\/de\/wp-json\/wp\/v2\/comments?post=212223"}],"version-history":[{"count":5,"href":"https:\/\/liora.io\/de\/wp-json\/wp\/v2\/pages\/212223\/revisions"}],"predecessor-version":[{"id":216267,"href":"https:\/\/liora.io\/de\/wp-json\/wp\/v2\/pages\/212223\/revisions\/216267"}],"wp:featuredmedia":[{"embeddable":true,"href":"https:\/\/liora.io\/de\/wp-json\/wp\/v2\/media\/213803"}],"wp:attachment":[{"href":"https:\/\/liora.io\/de\/wp-json\/wp\/v2\/media?parent=212223"}],"curies":[{"name":"wp","href":"https:\/\/api.w.org\/{rel}","templated":true}]}}