{"id":212215,"date":"2025-12-18T15:44:53","date_gmt":"2025-12-18T14:44:53","guid":{"rendered":"https:\/\/liora.io\/de\/?page_id=212215"},"modified":"2026-02-10T11:31:20","modified_gmt":"2026-02-10T10:31:20","slug":"sponsor","status":"publish","type":"page","link":"https:\/\/liora.io\/de\/sponsor","title":{"rendered":"[LIORA] DE &#8211; Freunde werben Freunde"},"content":{"rendered":"\n<div class=\"wp-block-liora-blocks-hero alignfull wp-block-liora-blocks-hero-complex\">\n\t<div class=\"wp-block-liora-blocks-hero-complex__container container\">\n\t\t<div class=\"wp-block-liora-blocks-hero-complex__title-container\">\n\t\t\t<span class=\"is-style-overtitle\">Freunde werben Freunde<\/span><h1>Eine Empfehlung, die gleich zwei Karrieren voranbringt<\/h1>\n\t\t\t<div class=\"wp-block-liora-blocks-hero-complex__caption\">\n\t\t\t\t<p>Lade eine Person ein, Teil von Liora zu werden, und sichere Dir bis zu 400 \u20ac Rabatt auf Deine Weiterbildung.\r\nBeantworte einfach ein paar kurze Fragen, damit wir Deinen Lernweg optimal auf Dich zuschneiden k\u00f6nnen.<\/p>\n\t\t\t\t<div class=\"wp-block-liora-blocks-hero-complex__buttons wp-block-buttons is-layout-flex wp-block-buttons-is-layout-flex\">\n\t\t\t\t\t<div class=\"wp-block-button is-style-small-fill\"><a href=\"#anchor-mehr-erfahren\" class=\"wp-block-button__link wp-element-button has-grow-animation\">Mehr erfahren<\/a><\/div>\t\t\t\t<\/div>\n\t\t\t<\/div>\n\t\t<\/div>\n\t\t<div class=\"wp-block-liora-blocks-hero-complex__media wp-block-liora-blocks-hero-complex__media--image\">\n\t\t\t<img decoding=\"async\" width=\"587\" height=\"510\" src=\"https:\/\/liora.io\/app\/uploads\/sites\/8\/2026\/01\/datascientest-25-2000-14-587x510.jpg\" class=\"wp-block-image\" alt=\"\" data-location=\"\" \/><svg class=\"shape-vector\" xmlns=\"http:\/\/www.w3.org\/2000\/svg\" width=\"2237\" height=\"1155\" viewBox=\"0 0 2237 1155\" fill=\"none\" aria-hidden=\"true\" focusable=\"false\" ><path stroke=\"#FF6745\" stroke-width=\"1.88\" d=\"M50.206.94h614.829c27.155 0 49.267 23.071 49.267 51.588v427.269c0 29.474 22.874 53.469 51.146 53.469h422.442c28.27-.001 51.14-23.995 51.14-53.469V52.528c0-28.517 22.11-51.588 49.27-51.588h382.87c27.16 0 49.27 23.071 49.27 51.588v427.269c0 29.474 22.87 53.469 51.15 53.469h415.2c27.16 0 49.27 23.071 49.27 51.588v517.616c0 28.52-22.11 51.59-49.27 51.59h-308.36c-27.16 0-49.27-23.07-49.27-51.59V660.495c0-29.474-22.87-53.468-51.15-53.469h-422.43c-28.28 0-51.15 23.995-51.15 53.469v441.975c0 28.52-22.11 51.59-49.27 51.59H554.882c-27.155 0-49.267-23.07-49.267-51.59V675.203c0-29.474-22.874-53.469-51.146-53.469H50.206c-27.155 0-49.265-23.071-49.266-51.588V52.528C.94 24.011 23.051.941 50.206.94Z\"\/><\/svg>\n\t\t<\/div>\n\t<\/div>\n<\/div>\n\n\n\n<div style=\"height:2rem\" aria-hidden=\"true\" class=\"wp-block-spacer\"><\/div>\n\n\n<span class=\"wp-block-beapi-anchor\" aria-hidden=\"true\" id=\"anchor-mehr-erfahren\"><\/span>\n\n\n\n<div class=\"wp-block-group wp-pattern-overtitle-heading has-global-padding is-layout-constrained wp-container-core-group-is-layout-442b6e00 wp-block-group-is-layout-constrained\">\n<p class=\"has-text-align-center is-style-overtitle\">Empfehlungsprogramm<\/p>\n\n\n\n<h2 class=\"wp-block-heading has-text-align-center\" id=\"h-wie-funktioniert-es\">Wie funktioniert es?<\/h2>\n<\/div>\n\n\n\n<div class=\"wp-block-columns alignwide is-layout-flex wp-container-core-columns-is-layout-57a3bd1d wp-block-columns-is-layout-flex\">\n<div class=\"wp-block-column is-layout-flow wp-block-column-is-layout-flow\">\n<div class=\"wp-block-group is-vertical is-layout-flex wp-container-core-group-is-layout-fe9cc265 wp-block-group-is-layout-flex\">\n<figure class=\"wp-block-image size-full\"><img decoding=\"async\" src=\"https:\/\/liora.io\/app\/uploads\/2025\/10\/datascientest-25-2000-13.jpg\" alt=\"\" class=\"wp-image-294242\" style=\"aspect-ratio:1;object-fit:cover\" \/><\/figure>\n\n\n\n<h3 class=\"wp-block-heading is-style-h4\" id=\"h-step-1\">Step 1<\/h3>\n\n\n\n<p class=\"has-grey-40-color has-text-color has-link-color wp-elements-214c4df55f4e7d9727b64a57591f287c\">Du f\u00fcllst das Formular mit den Daten Deiner Empfehlung aus.<\/p>\n<\/div>\n<\/div>\n\n\n\n<div class=\"wp-block-column is-layout-flow wp-block-column-is-layout-flow\">\n<div class=\"wp-block-group is-vertical is-layout-flex wp-container-core-group-is-layout-fe9cc265 wp-block-group-is-layout-flex\">\n<figure class=\"wp-block-image size-full\"><img decoding=\"async\" src=\"https:\/\/liora.io\/app\/uploads\/2025\/10\/registration-process-2.jpg\" alt=\"\" class=\"wp-image-293346\" style=\"aspect-ratio:1;object-fit:cover\" \/><\/figure>\n\n\n\n<h3 class=\"wp-block-heading is-style-h4\" id=\"h-step-2\">Step 2<\/h3>\n\n\n\n<p class=\"has-grey-40-color has-text-color has-link-color wp-elements-02a0ec592d5731d0c8a6936ceb9a43cd\">Liora nimmt Kontakt mit Deiner Empfehlung auf, um ihre Einschreibung zu best\u00e4tigen.<\/p>\n<\/div>\n<\/div>\n\n\n\n<div class=\"wp-block-column is-layout-flow wp-block-column-is-layout-flow\">\n<div class=\"wp-block-group is-vertical is-layout-flex wp-container-core-group-is-layout-2d729e81 wp-block-group-is-layout-flex\">\n<figure class=\"wp-block-image size-full\"><img decoding=\"async\" src=\"https:\/\/liora.io\/app\/uploads\/2025\/10\/p1046477-1-1.png\" alt=\"\" class=\"wp-image-294294\" style=\"aspect-ratio:1;object-fit:cover\" \/><\/figure>\n\n\n\n<h3 class=\"wp-block-heading is-style-h4\" id=\"h-step-3\">Step 3<\/h3>\n\n\n\n<p class=\"has-grey-40-color has-text-color has-link-color wp-elements-620b3bc17c415b1f35f62f06e215ddfb\">Liora h\u00e4lt Dich mit einem kurzen Update auf dem Laufenden.<\/p>\n<\/div>\n<\/div>\n\n\n\n<div class=\"wp-block-column is-layout-flow wp-block-column-is-layout-flow\">\n<div class=\"wp-block-group is-vertical is-layout-flex wp-container-core-group-is-layout-fe9cc265 wp-block-group-is-layout-flex\">\n<figure class=\"wp-block-image size-full\"><img decoding=\"async\" src=\"https:\/\/liora.io\/app\/uploads\/2025\/10\/datascientest-25-2000-1.jpg\" alt=\"\" class=\"wp-image-294279\" style=\"aspect-ratio:1;object-fit:cover\" \/><\/figure>\n\n\n\n<h3 class=\"wp-block-heading is-style-h4\" id=\"h-step-4\">Step 4<\/h3>\n\n\n\n<p class=\"has-grey-40-color has-text-color has-link-color wp-elements-6bed66c871e0f485994521e803c25339\">Sobald Deine Empfehlung qualifiziert ist<sup>(1)<\/sup>, kannst Du Deine Pr\u00e4mie erhalten.<\/p>\n\n\n\n<p class=\"has-grey-40-color has-text-color has-link-color wp-elements-0794a729862e69b47844e45fbbb6e7cc\"><\/p>\n<\/div>\n<\/div>\n<\/div>\n\n\n\n<div class=\"wp-block-group alignwide wp-pattern-sponsorship-rewards has-primary-blue-extra-light-background-color has-background is-layout-flow wp-container-core-group-is-layout-43fe31cd wp-block-group-is-layout-flow\" style=\"border-radius:24px\">\n<div class=\"wp-block-group has-global-padding is-layout-constrained wp-container-core-group-is-layout-3156e74c wp-block-group-is-layout-constrained\">\n<h2 class=\"wp-block-heading has-text-align-center\" id=\"h-empfehlungspramien\">Empfehlungspr\u00e4mien<\/h2>\n\n\n\n<p class=\"has-text-align-center\">Als Empfehlender w\u00e4hlst Du Deine Pr\u00e4mienoption, sobald Deine Empfehlung ihre Teilnahme an der Weiterbildung best\u00e4tigt hat<sup>(1)<\/sup>.<\/p>\n<\/div>\n\n\n\n<div class=\"wp-block-group alignfull wp-pattern-sponsorship-rewards__grid is-layout-grid wp-container-core-group-is-layout-988b637e wp-block-group-is-layout-grid\">\n<div class=\"wp-block-group wp-pattern-sponsorship-rewards__item has-background has-global-padding is-layout-constrained wp-container-core-group-is-layout-337b8cc2 wp-block-group-is-layout-constrained\" style=\"border-radius:16px;background-color:#faf7f766;padding-top:var(--wp--preset--spacing--lg);padding-right:var(--wp--preset--spacing--lg);padding-bottom:var(--wp--preset--spacing--lg);padding-left:var(--wp--preset--spacing--lg)\">\n<p class=\"has-text-align-center has-white-color has-primary-blue-light-background-color has-text-color has-background has-link-color wp-elements-5d638e21d392b04d67f68c76e23fa75b\" style=\"border-radius:4px;padding-top:var(--wp--preset--spacing--2-xs);padding-right:var(--wp--preset--spacing--2-xs);padding-bottom:var(--wp--preset--spacing--2-xs);padding-left:var(--wp--preset--spacing--2-xs);font-style:normal;font-weight:500\">Pr\u00e4mie Nr. 1<\/p>\n\n\n\n<p class=\"has-text-align-center has-overtitle-font-size\">200 \u20ac Amazon Gutschein<\/p>\n<\/div>\n\n\n\n<div class=\"wp-block-group wp-pattern-sponsorship-rewards__item has-background has-global-padding is-layout-constrained wp-container-core-group-is-layout-337b8cc2 wp-block-group-is-layout-constrained\" style=\"border-radius:16px;background-color:#faf7f766;padding-top:var(--wp--preset--spacing--lg);padding-right:var(--wp--preset--spacing--lg);padding-bottom:var(--wp--preset--spacing--lg);padding-left:var(--wp--preset--spacing--lg)\">\n<p class=\"has-text-align-center has-white-color has-primary-blue-light-background-color has-text-color has-background has-link-color wp-elements-b783ccd46fb97d0894dcf52bf17fa1e6\" style=\"border-radius:4px;padding-top:var(--wp--preset--spacing--2-xs);padding-right:var(--wp--preset--spacing--2-xs);padding-bottom:var(--wp--preset--spacing--2-xs);padding-left:var(--wp--preset--spacing--2-xs);font-style:normal;font-weight:500\">Pr\u00e4mie Nr. 2<\/p>\n\n\n\n<p class=\"has-text-align-center has-overtitle-font-size\">Spare 400 \u20ac bei Weiterbildungen \u00fcber 5.000 \u20ac oder 200 \u20ac bei Weiterbildungen darunter<sup>(2)<\/sup><\/p>\n<\/div>\n\n\n\n<div class=\"wp-block-group wp-pattern-sponsorship-rewards__item has-background has-global-padding is-layout-constrained wp-container-core-group-is-layout-337b8cc2 wp-block-group-is-layout-constrained\" style=\"border-radius:16px;background-color:#faf7f766;padding-top:var(--wp--preset--spacing--lg);padding-right:var(--wp--preset--spacing--lg);padding-bottom:var(--wp--preset--spacing--lg);padding-left:var(--wp--preset--spacing--lg)\">\n<p class=\"has-text-align-center has-white-color has-primary-blue-light-background-color has-text-color has-background has-link-color wp-elements-a9d845a6e8a548da77fef0117c8b0326\" style=\"border-radius:4px;padding-top:var(--wp--preset--spacing--2-xs);padding-right:var(--wp--preset--spacing--2-xs);padding-bottom:var(--wp--preset--spacing--2-xs);padding-left:var(--wp--preset--spacing--2-xs);font-style:normal;font-weight:500\">Pr\u00e4mie Nr. 3<\/p>\n\n\n\n<p class=\"has-text-align-center has-overtitle-font-size\">3 erfolgreiche Empfehlungen = 1 lebensver\u00e4ndernde Weiterbildung<sup>(3)<\/sup>, von uns \u00fcbernommen<sup>(4)<\/sup><\/p>\n<\/div>\n<\/div>\n\n\n\n<div class=\"wp-block-group alignwide wp-pattern-media-text-background is-layout-flow wp-block-group-is-layout-flow\">\n<div class=\"wp-block-group is-nowrap is-layout-flex wp-container-core-group-is-layout-6c531013 wp-block-group-is-layout-flex\">\n<div class=\"wp-block-group wp-pattern-media-text-background__text has-white-color has-text-color has-link-color wp-elements-7a6835da3988f31034344f1a2fb92902 has-global-padding is-layout-constrained wp-container-core-group-is-layout-0d9b3749 wp-block-group-is-layout-constrained\">\n<div class=\"wp-block-group has-global-padding is-layout-constrained wp-container-core-group-is-layout-442b6e00 wp-block-group-is-layout-constrained\">\n<h2 class=\"wp-block-heading is-style-h3 has-white-color has-text-color has-link-color wp-elements-7bfa5d01bfc4ea8d3049d3f2f6386fd3\" id=\"h-wichtige-informationen\">Wichtige Informationen<\/h2>\n\n\n\n<p>Um eine Empfehlung zu aktivieren, muss die empfehlende Person das Formular ausf\u00fcllen, bevor ihre Freundin oder ihr Freund mit unserem Team spricht. Bitte denke daran, das Formular rechtzeitig auszuf\u00fcllen.<\/p>\n<\/div>\n\n\n\n<div class=\"wp-block-buttons is-layout-flex wp-block-buttons-is-layout-flex\">\n<div class=\"wp-block-button is-style-outline is-style-outline--1\"><a class=\"wp-block-button__link has-white-color has-text-color has-link-color wp-element-button\" href=\"https:\/\/docs.google.com\/forms\/d\/e\/1FAIpQLSfbM-LGFjrKSp-jBqx9kaW_yDQiY6d7JaACvCNJWL-YsP2DYg\/viewform?usp=sharing&amp;ouid=106640484714236034735\">Ich m\u00f6chte jemanden empfehlen<\/a><\/div>\n<\/div>\n<\/div>\n\n\n\n<figure class=\"wp-block-image size-large\"><img decoding=\"async\" src=\"https:\/\/liora.io\/app\/uploads\/2025\/10\/tote-bag-liora-1024x683.jpg\" alt=\"\" class=\"wp-image-294283\" style=\"aspect-ratio:1;object-fit:cover\" \/><\/figure>\n<\/div>\n<\/div>\n\n\n\n<p class=\"has-overtitle-font-size\"><strong>(1)<\/strong> Abschluss des ersten Sprints eines vollst\u00e4ndigen Weiterbildungsprogramms (DA, DS, MLE, DE, Deep Fundamentals + CV, Deep Fundamentals + NLP, Deep Fundamentals + CV + NLP) oder Abschluss eines vollst\u00e4ndigen Kurzprogramms (Power BI 5 Tage, Azure, AWS, MLOps, DM).<br><strong>(2)<\/strong> Nicht teilnahmeberechtigt: Power BI (2 Tage), Power BI (3 Tage) und Deep Learning Fundamentals.<br><strong>(3)<\/strong> Die kostenfreie Weiterbildung kann nicht mit Amazon-Gutscheinen kombiniert werden.<br><strong>(4)<\/strong> Auswahl zwischen Power BI, AWS oder Azure.<\/p>\n<\/div>\n\n\n\n<div class=\"wp-block-group wp-pattern-overtitle-heading has-global-padding is-layout-constrained wp-container-core-group-is-layout-442b6e00 wp-block-group-is-layout-constrained\">\n<p class=\"has-text-align-center is-style-overtitle\">Und das ist noch nicht alles<\/p>\n\n\n\n<h2 class=\"wp-block-heading has-text-align-center\" id=\"h-uber-unseren-partner-aktion-baum\">\u00dcber unseren Partner: Aktion Baum<\/h2>\n<\/div>\n\n\n\n<div class=\"wp-block-group has-global-padding is-layout-constrained wp-container-core-group-is-layout-3156e74c wp-block-group-is-layout-constrained\">\n<h4 class=\"wp-block-heading has-text-align-center\" id=\"h-fur-jede-empfehlung-pflanzen-wir-einen-baum-unabhangig-davon-ob-sich-die-empfohlene-person-anmeldet-oder-nicht\">F\u00fcr jede Empfehlung pflanzen wir einen Baum \u2013 unabh\u00e4ngig davon, ob sich die empfohlene Person anmeldet oder nicht.<\/h4>\n\n\n\n<p class=\"has-text-align-center\">Mit unserem Partner <strong>Aktion Baum<\/strong> setzen wir ein starkes Zeichen f\u00fcr Nachhaltigkeit. Die gemeinn\u00fctzige Organisation aus Hamburg engagiert sich f\u00fcr den Schutz und die Aufforstung heimischer W\u00e4lder. Durch wissenschaftlich begleitete Pflanzprojekte, Umweltbildung und Forschung leistet Aktion Baum einen nachhaltigen Beitrag zum Klimaschutz.<\/p>\n\n\n\n<p class=\"has-text-align-center\">Ihr Ziel: Den \u201eWald der Zukunft\u201c schaffen \u2013 biodivers, widerstandsf\u00e4hig und im Einklang mit Mensch und Natur.<\/p>\n<\/div>\n\n\n\n<figure class=\"wp-block-image aligncenter\"><a href=\"http:\/\/www.aktion-baum.org\" target=\"_blank\" rel=\"noreferrer noopener\"><img decoding=\"async\" src=\"https:\/\/liora.io\/app\/uploads\/sites\/8\/2025\/07\/aktionbaum_cmyk-285x300.png\" alt=\"\" \/><\/a><\/figure>\n\n\n\n<p class=\"has-text-align-center\"><\/p>\n\n\n\n<div class=\"wp-block-buttons is-content-justification-center is-layout-flex wp-container-core-buttons-is-layout-a89b3969 wp-block-buttons-is-layout-flex\">\n<div class=\"wp-block-button\"><a class=\"wp-block-button__link has-text-align-center wp-element-button\" href=\"https:\/\/docs.google.com\/forms\/d\/e\/1FAIpQLSfbM-LGFjrKSp-jBqx9kaW_yDQiY6d7JaACvCNJWL-YsP2DYg\/viewform?usp=sharing&amp;ouid=106640484714236034735\">Ich m\u00f6chte jemanden empfehlen<\/a><\/div>\n<\/div>\n\n\n\n<div style=\"height:100px\" aria-hidden=\"true\" class=\"wp-block-spacer\"><\/div>\n\n\n\n<p><\/p>\n","protected":false},"excerpt":{"rendered":"<p>Empfehlungsprogramm Wie funktioniert es? Step 1 Du f\u00fcllst das Formular mit den Daten Deiner Empfehlung aus. Step 2 Liora nimmt Kontakt mit Deiner Empfehlung auf, um ihre Einschreibung zu best\u00e4tigen. Step 3 Liora h\u00e4lt Dich mit einem kurzen Update auf dem Laufenden. Step 4 Sobald Deine Empfehlung qualifiziert ist(1), kannst Du Deine Pr\u00e4mie erhalten. Empfehlungspr\u00e4mien [&hellip;]<\/p>\n","protected":false},"author":107,"featured_media":213803,"parent":0,"menu_order":0,"comment_status":"closed","ping_status":"closed","template":"page-without-title","meta":{"_acf_changed":false,"editor_notices":[],"footnotes":""},"class_list":["post-212215","page","type-page","status-publish","has-post-thumbnail","hentry"],"acf":[],"_links":{"self":[{"href":"https:\/\/liora.io\/de\/wp-json\/wp\/v2\/pages\/212215","targetHints":{"allow":["GET"]}}],"collection":[{"href":"https:\/\/liora.io\/de\/wp-json\/wp\/v2\/pages"}],"about":[{"href":"https:\/\/liora.io\/de\/wp-json\/wp\/v2\/types\/page"}],"author":[{"embeddable":true,"href":"https:\/\/liora.io\/de\/wp-json\/wp\/v2\/users\/107"}],"replies":[{"embeddable":true,"href":"https:\/\/liora.io\/de\/wp-json\/wp\/v2\/comments?post=212215"}],"version-history":[{"count":5,"href":"https:\/\/liora.io\/de\/wp-json\/wp\/v2\/pages\/212215\/revisions"}],"predecessor-version":[{"id":214320,"href":"https:\/\/liora.io\/de\/wp-json\/wp\/v2\/pages\/212215\/revisions\/214320"}],"wp:featuredmedia":[{"embeddable":true,"href":"https:\/\/liora.io\/de\/wp-json\/wp\/v2\/media\/213803"}],"wp:attachment":[{"href":"https:\/\/liora.io\/de\/wp-json\/wp\/v2\/media?parent=212215"}],"curies":[{"name":"wp","href":"https:\/\/api.w.org\/{rel}","templated":true}]}}