{"id":212107,"date":"2025-12-16T11:46:26","date_gmt":"2025-12-16T10:46:26","guid":{"rendered":"https:\/\/liora.io\/de\/?page_id=212107"},"modified":"2026-03-02T10:39:59","modified_gmt":"2026-03-02T09:39:59","slug":"bildungsgutschein","status":"publish","type":"page","link":"https:\/\/liora.io\/de\/bildungsgutschein","title":{"rendered":"[LIORA] &#8211; DE &#8211; Bildungsgutschein"},"content":{"rendered":"\n<div class=\"wp-block-liora-blocks-hero alignfull wp-block-liora-blocks-hero-complex\">\n\t<div class=\"wp-block-liora-blocks-hero-complex__container container\">\n\t\t<div class=\"wp-block-liora-blocks-hero-complex__title-container\">\n\t\t\t<span class=\"is-style-overtitle\">Bildungsgutschein<\/span><h1>Verwandle Unsicherheit in Chancen<\/h1>\n\t\t\t<div class=\"wp-block-liora-blocks-hero-complex__caption\">\n\t\t\t\t<p>Deine Zukunft verdient mehr als Warten. Mit dem Bildungsgutschein ist Dein n\u00e4chster Karriereschritt im Data-Bereich zu 100 % gef\u00f6rdert. Unser Team begleitet Dich zur passenden Weiterbildung und hilft Dir, von Anfang an erfolgreich zu starten.<\/p>\n\t\t\t\t<div class=\"wp-block-liora-blocks-hero-complex__buttons wp-block-buttons is-layout-flex wp-block-buttons-is-layout-flex\">\n\t\t\t\t\t<div class=\"wp-block-button is-style-small-fill\"><a href=\"#anchor-what-is-it\" class=\"wp-block-button__link wp-element-button has-grow-animation\">Mehr erfahren<\/a><\/div>\t\t\t\t<\/div>\n\t\t\t<\/div>\n\t\t<\/div>\n\t\t<div class=\"wp-block-liora-blocks-hero-complex__media wp-block-liora-blocks-hero-complex__media--image\">\n\t\t\t<img decoding=\"async\" width=\"587\" height=\"510\" src=\"https:\/\/liora.io\/app\/uploads\/sites\/8\/2026\/02\/istock-2223235837-1-587x510.jpg\" class=\"wp-block-image\" alt=\"\" data-location=\"\" \/><svg class=\"shape-vector\" xmlns=\"http:\/\/www.w3.org\/2000\/svg\" width=\"2237\" height=\"1155\" viewBox=\"0 0 2237 1155\" fill=\"none\" aria-hidden=\"true\" focusable=\"false\" ><path stroke=\"#FF6745\" stroke-width=\"1.88\" d=\"M50.206.94h614.829c27.155 0 49.267 23.071 49.267 51.588v427.269c0 29.474 22.874 53.469 51.146 53.469h422.442c28.27-.001 51.14-23.995 51.14-53.469V52.528c0-28.517 22.11-51.588 49.27-51.588h382.87c27.16 0 49.27 23.071 49.27 51.588v427.269c0 29.474 22.87 53.469 51.15 53.469h415.2c27.16 0 49.27 23.071 49.27 51.588v517.616c0 28.52-22.11 51.59-49.27 51.59h-308.36c-27.16 0-49.27-23.07-49.27-51.59V660.495c0-29.474-22.87-53.468-51.15-53.469h-422.43c-28.28 0-51.15 23.995-51.15 53.469v441.975c0 28.52-22.11 51.59-49.27 51.59H554.882c-27.155 0-49.267-23.07-49.267-51.59V675.203c0-29.474-22.874-53.469-51.146-53.469H50.206c-27.155 0-49.265-23.071-49.266-51.588V52.528C.94 24.011 23.051.941 50.206.94Z\"\/><\/svg>\n\t\t<\/div>\n\t<\/div>\n<\/div>\n\n\n<div class=\"anchor-list wp-block-beapi-anchor-list\">\n\t<div class=\"anchor-list__content\">\n\t\t<div role=\"heading\" aria-level=\"2\" class=\"anchor-list__title\">Quick access<\/div>\n\t\t<div class=\"anchor-list__scroll\">\n\t\t\t<ul class=\"anchor-list__items no-list-style\">\n\t\t\t\t\t\t\t\t\t<li class=\"anchor-list__item\">\n\t\t\t\t\t\t<a href=\"#anchor-what-is-it\">Was ist das?<\/a>\t\t\t\t\t<\/li>\n\t\t\t\t\t\t\t\t\t<li class=\"anchor-list__item\">\n\t\t\t\t\t\t<a href=\"#anchor-requirements\">F\u00f6rdervoraussetzungen<\/a>\t\t\t\t\t<\/li>\n\t\t\t\t\t\t\t\t\t<li class=\"anchor-list__item\">\n\t\t\t\t\t\t<a href=\"#anchor-next-steps\">N\u00e4chste Schritte<\/a>\t\t\t\t\t<\/li>\n\t\t\t\t\t\t\t\t\t<li class=\"anchor-list__item\">\n\t\t\t\t\t\t<a href=\"#anchor-download-our-guide\">Guide herunterladen<\/a>\t\t\t\t\t<\/li>\n\t\t\t\t\t\t\t<\/ul>\n\t\t<\/div>\n\t<\/div>\n<\/div>\n\n\n<span class=\"wp-block-beapi-anchor\" aria-hidden=\"true\" id=\"anchor-what-is-it\"><\/span>\n\n\n\n<section class=\"wp-block-group wp-pattern-media-text has-global-padding is-layout-constrained wp-container-core-group-is-layout-f9341b35 wp-block-group-is-layout-constrained\">\n<div class=\"wp-block-group wp-pattern-overtitle-heading has-global-padding is-layout-constrained wp-container-core-group-is-layout-442b6e00 wp-block-group-is-layout-constrained\">\n<p class=\"has-text-align-center is-style-overtitle popmake-283229\">Was ist das?<\/p>\n\n\n\n<h2 class=\"wp-block-heading has-text-align-center\" id=\"h-was-ist-der-bildungsgutschein\">Was ist der Bildungsgutschein?<\/h2>\n\n\n\n<div style=\"height:1rem\" aria-hidden=\"true\" class=\"wp-block-spacer\"><\/div>\n<\/div>\n\n\n\n<div class=\"wp-block-group has-grey-1-background-color has-background is-nowrap is-layout-flex wp-container-core-group-is-layout-4818cf54 wp-block-group-is-layout-flex\" style=\"border-radius:2rem;padding-top:var(--wp--preset--spacing--columns);padding-right:var(--wp--preset--spacing--columns);padding-bottom:var(--wp--preset--spacing--columns);padding-left:var(--wp--preset--spacing--columns)\">\n<div class=\"wp-block-group wp-pattern-media-text__content has-global-padding is-layout-constrained wp-container-core-group-is-layout-ded23ff6 wp-block-group-is-layout-constrained\">\n<p>Der Bildungsgutschein ist ein F\u00f6rderinstrument der <strong>Agentur f\u00fcr Arbeit<\/strong> oder der <strong>Jobcenter<\/strong>, mit dem Du an einer gef\u00f6rderten beruflichen Weiterbildung teilnehmen kannst.<\/p>\n\n\n\n<p>Gemeinsam mit Deiner Beraterin oder Deinem Berater bei der Agentur f\u00fcr Arbeit wird gepr\u00fcft, ob Du die Voraussetzungen erf\u00fcllst und welche Weiterbildung am besten zu Dir passt.<\/p>\n\n\n\n<div style=\"height:2rem\" aria-hidden=\"true\" class=\"wp-block-spacer\"><\/div>\n\n\n\n<div class=\"wp-block-buttons is-layout-flex wp-block-buttons-is-layout-flex\">\n<div class=\"wp-block-button is-style-small-link-arrow-right\"><a class=\"wp-block-button__link wp-element-button\" href=\"https:\/\/liora.io\/de\/terminvereinbarung\">Jetzt pr\u00fcfen, ob Du f\u00f6rderberechtigt bist<\/a><\/div>\n<\/div>\n<\/div>\n\n\n\n<figure class=\"wp-block-image size-large wp-pattern-media-text__image\"><img decoding=\"async\" src=\"https:\/\/liora.io\/app\/uploads\/2025\/10\/datascientest-25-2000-39-1024x682.jpg\" alt=\"\" class=\"wp-image-292761\" style=\"aspect-ratio:1;object-fit:cover\"\/><\/figure>\n<\/div>\n<\/section>\n\n\n\n<div style=\"height:2rem\" aria-hidden=\"true\" class=\"wp-block-spacer\"><\/div>\n\n\n<span class=\"wp-block-beapi-anchor\" aria-hidden=\"true\" id=\"anchor-requirements\"><\/span>\n\n\n\n<div class=\"wp-block-group alignwide wp-pattern-overtitle-heading has-global-padding is-layout-constrained wp-container-core-group-is-layout-442b6e00 wp-block-group-is-layout-constrained\">\n<p class=\"has-text-align-center is-style-overtitle popmake-283229\">F\u00f6rdervoraussetzungen<\/p>\n\n\n\n<h2 class=\"wp-block-heading has-text-align-center\" id=\"h-welche-voraussetzungen-gibt-es\">Welche Voraussetzungen gibt es?<\/h2>\n\n\n\n<div style=\"height:16px\" aria-hidden=\"true\" class=\"wp-block-spacer\"><\/div>\n<\/div>\n\n\n\n<div class=\"wp-block-columns is-not-stacked-on-mobile is-layout-flex wp-container-core-columns-is-layout-28f84493 wp-block-columns-is-layout-flex\">\n<div class=\"wp-block-column is-layout-flow wp-block-column-is-layout-flow\">\n<ul class=\"wp-block-beapi-icon-block is-layout-flex wp-block-icon-block-is-layout-flex\">\n<li class=\"wp-block-beapi-icon-item\"><span style=\"background-color:#FAF7F7;border-radius:20%\"><svg width=\"50\" height=\"50\" viewBox=\"0 0 24 24\" version=\"1.1\" xmlns=\"http:\/\/www.w3.org\/2000\/svg\" style=\"color:#FF6745;padding:2em 2em 2em 2em\" class=\"wp-block-beapi-icon-block__icon-component wp-block-beapi-icon-block__icon-component--sprite icon-globe-alt\" aria-hidden=\"true\"><use href=\"https:\/\/liora.io\/app\/themes\/liora\/dist\/icons\/sprite.svg#icon-globe-alt\"><\/use><\/svg><\/span><p>Mit Wohnsitz in Deutschland gemeldet<\/p><\/li>\n<\/ul>\n<\/div>\n\n\n\n<div class=\"wp-block-column is-layout-flow wp-block-column-is-layout-flow\">\n<ul class=\"wp-block-beapi-icon-block is-layout-flex wp-block-icon-block-is-layout-flex\">\n<li class=\"wp-block-beapi-icon-item\"><span style=\"background-color:#FAF7F7;border-radius:20%\"><svg width=\"50\" height=\"50\" viewBox=\"0 0 24 24\" version=\"1.1\" xmlns=\"http:\/\/www.w3.org\/2000\/svg\" style=\"color:#FF6745;padding:2em 2em 2em 2em\" class=\"wp-block-beapi-icon-block__icon-component wp-block-beapi-icon-block__icon-component--sprite icon-search\" aria-hidden=\"true\"><use href=\"https:\/\/liora.io\/app\/themes\/liora\/dist\/icons\/sprite.svg#icon-search\"><\/use><\/svg><\/span><p>Arbeitslos oder arbeitssuchend gemeldet<\/p><\/li>\n<\/ul>\n<\/div>\n\n\n\n<div class=\"wp-block-column is-layout-flow wp-block-column-is-layout-flow\">\n<ul class=\"wp-block-beapi-icon-block is-layout-flex wp-block-icon-block-is-layout-flex\">\n<li class=\"wp-block-beapi-icon-item\"><span style=\"background-color:#FAF7F7;border-radius:20%\"><svg width=\"50\" height=\"50\" viewBox=\"0 0 24 24\" version=\"1.1\" xmlns=\"http:\/\/www.w3.org\/2000\/svg\" style=\"color:#FF6745;padding:2em 2em 2em 2em\" class=\"wp-block-beapi-icon-block__icon-component wp-block-beapi-icon-block__icon-component--sprite icon-platform\" aria-hidden=\"true\"><use href=\"https:\/\/liora.io\/app\/themes\/liora\/dist\/icons\/sprite.svg#icon-platform\"><\/use><\/svg><\/span><p>Deutschkenntnisse mindestens auf B1-Niveau<\/p><\/li>\n<\/ul>\n<\/div>\n<\/div>\n\n\n\n<div style=\"height:32px\" aria-hidden=\"true\" class=\"wp-block-spacer\"><\/div>\n\n\n<span class=\"wp-block-beapi-anchor\" aria-hidden=\"true\" id=\"anchor-next-steps\"><\/span>\n\n\n\n<div class=\"wp-block-group alignfull wp-pattern-overtitle-heading has-grey-1-background-color has-background has-global-padding is-layout-constrained wp-container-core-group-is-layout-442b6e00 wp-block-group-is-layout-constrained\">\n<div class=\"wp-block-group alignwide has-global-padding is-layout-constrained wp-block-group-is-layout-constrained\" style=\"padding-top:var(--wp--preset--spacing--columns);padding-bottom:var(--wp--preset--spacing--columns)\">\n<div style=\"height:2rem\" aria-hidden=\"true\" class=\"wp-block-spacer\"><\/div>\n\n\n\n<div class=\"wp-block-group wp-pattern-overtitle-heading has-global-padding is-layout-constrained wp-container-core-group-is-layout-442b6e00 wp-block-group-is-layout-constrained\">\n<p class=\"has-text-align-center is-style-overtitle\">N\u00e4chste Schritte<\/p>\n\n\n\n<h2 class=\"wp-block-heading has-text-align-center\" id=\"h-bereit-fur-den-nachsten-schritt\">Bereit f\u00fcr den n\u00e4chsten Schritt?<\/h2>\n<\/div>\n\n\n\n<div style=\"height:2rem\" aria-hidden=\"true\" class=\"wp-block-spacer\"><\/div>\n\n\n\n<div class=\"wp-block-columns alignwide is-layout-flex wp-container-core-columns-is-layout-ec861490 wp-block-columns-is-layout-flex\" style=\"padding-right:var(--wp--preset--spacing--2-xl-large);padding-left:var(--wp--preset--spacing--2-xl-large)\">\n<div class=\"wp-block-column is-layout-flow wp-block-column-is-layout-flow\">\n<div class=\"wp-block-group is-vertical is-layout-flex wp-container-core-group-is-layout-9c494df7 wp-block-group-is-layout-flex\">\n<figure class=\"wp-block-image size-full\"><img decoding=\"async\" width=\"1254\" height=\"836\" src=\"https:\/\/liora.io\/app\/uploads\/sites\/8\/2025\/12\/istock-2196880152.jpg\" alt=\"\" class=\"wp-image-213428\" style=\"object-fit:cover\" srcset=\"https:\/\/liora.io\/app\/uploads\/sites\/8\/2025\/12\/istock-2196880152.jpg 1254w, https:\/\/liora.io\/app\/uploads\/sites\/8\/2025\/12\/istock-2196880152-300x200.jpg 300w, https:\/\/liora.io\/app\/uploads\/sites\/8\/2025\/12\/istock-2196880152-1024x683.jpg 1024w, https:\/\/liora.io\/app\/uploads\/sites\/8\/2025\/12\/istock-2196880152-768x512.jpg 768w, https:\/\/liora.io\/app\/uploads\/sites\/8\/2025\/12\/istock-2196880152-435x290.jpg 435w, https:\/\/liora.io\/app\/uploads\/sites\/8\/2025\/12\/istock-2196880152-440x293.jpg 440w, https:\/\/liora.io\/app\/uploads\/sites\/8\/2025\/12\/istock-2196880152-660x440.jpg 660w, https:\/\/liora.io\/app\/uploads\/sites\/8\/2025\/12\/istock-2196880152-785x523.jpg 785w, https:\/\/liora.io\/app\/uploads\/sites\/8\/2025\/12\/istock-2196880152-210x140.jpg 210w, https:\/\/liora.io\/app\/uploads\/sites\/8\/2025\/12\/istock-2196880152-96x64.jpg 96w\" sizes=\"(max-width: 1254px) 100vw, 1254px\" \/><\/figure>\n\n\n\n<h3 class=\"wp-block-heading is-style-h4\" id=\"h-voraussetzungen-erfullt-ruf-uns-an\">Voraussetzungen erf\u00fcllt? Ruf uns an!<\/h3>\n\n\n\n<p class=\"is-style-default has-grey-40-color has-text-color has-link-color wp-elements-3ae0889521c7f2f9b6e7509a878580ae\">Wenn Du denkst, dass Deine Chancen auf einen Bildungsgutschein gut stehen, vereinbare gern ein Gespr\u00e4ch mit einer oder einem unserer Berater. Sie begleiten Dich bei den n\u00e4chsten Schritten und helfen Dir, die passende Weiterbildung f\u00fcr Deine Ziele zu finden.<\/p>\n\n\n\n<div class=\"wp-block-buttons is-layout-flex wp-block-buttons-is-layout-flex\">\n<div class=\"wp-block-button is-style-small-link-arrow-right\"><a class=\"wp-block-button__link wp-element-button\" href=\"https:\/\/liora.io\/de\/terminvereinbarung\">Jetzt kostenlosen Termin buchen<\/a><\/div>\n<\/div>\n<\/div>\n<\/div>\n\n\n\n<div class=\"wp-block-column is-layout-flow wp-block-column-is-layout-flow\" style=\"flex-basis:5%\"><\/div>\n\n\n\n<div class=\"wp-block-column is-layout-flow wp-block-column-is-layout-flow\">\n<div class=\"wp-block-group is-vertical is-layout-flex wp-container-core-group-is-layout-a2e3e733 wp-block-group-is-layout-flex\">\n<figure class=\"wp-block-image size-full\"><img decoding=\"async\" width=\"1254\" height=\"836\" src=\"https:\/\/liora.io\/app\/uploads\/sites\/8\/2025\/12\/istock-2216081621.jpg\" alt=\"\" class=\"wp-image-213427\" style=\"object-fit:cover\" srcset=\"https:\/\/liora.io\/app\/uploads\/sites\/8\/2025\/12\/istock-2216081621.jpg 1254w, https:\/\/liora.io\/app\/uploads\/sites\/8\/2025\/12\/istock-2216081621-300x200.jpg 300w, https:\/\/liora.io\/app\/uploads\/sites\/8\/2025\/12\/istock-2216081621-1024x683.jpg 1024w, https:\/\/liora.io\/app\/uploads\/sites\/8\/2025\/12\/istock-2216081621-768x512.jpg 768w, https:\/\/liora.io\/app\/uploads\/sites\/8\/2025\/12\/istock-2216081621-435x290.jpg 435w, https:\/\/liora.io\/app\/uploads\/sites\/8\/2025\/12\/istock-2216081621-440x293.jpg 440w, https:\/\/liora.io\/app\/uploads\/sites\/8\/2025\/12\/istock-2216081621-660x440.jpg 660w, https:\/\/liora.io\/app\/uploads\/sites\/8\/2025\/12\/istock-2216081621-785x523.jpg 785w, https:\/\/liora.io\/app\/uploads\/sites\/8\/2025\/12\/istock-2216081621-210x140.jpg 210w, https:\/\/liora.io\/app\/uploads\/sites\/8\/2025\/12\/istock-2216081621-96x64.jpg 96w\" sizes=\"(max-width: 1254px) 100vw, 1254px\" \/><\/figure>\n\n\n\n<h3 class=\"wp-block-heading is-style-h4\" id=\"h-noch-unsicher-nimm-an-unserem-live-q-amp-a-teil\">Noch unsicher? Nimm an unserem Live-Q&amp;A teil!<\/h3>\n\n\n\n<p class=\"is-style-default has-grey-40-color has-text-color has-link-color wp-elements-7615e25f1316ce5e500b5172911d4f2a\">Einmal im Monat veranstalten wir ein Live Online Q&amp;A rund um den Bildungsgutschein. Unser Team erkl\u00e4rt Dir die Voraussetzungen und den Antragsprozess, teilt Tipps und Tricks, wie Du die F\u00f6rderung bewilligt bekommst, und beantwortet all Deine Fragen.<\/p>\n\n\n\n<div class=\"wp-block-buttons is-layout-flex wp-block-buttons-is-layout-flex\">\n<div class=\"wp-block-button is-style-small-link-arrow-right\"><a class=\"wp-block-button__link wp-element-button\" href=\"https:\/\/liora.io\/de\/veranstaltungen\">Jetzt zum Q&amp;A anmelden<\/a><\/div>\n<\/div>\n<\/div>\n<\/div>\n<\/div>\n\n\n\n<div style=\"height:4rem\" aria-hidden=\"true\" class=\"wp-block-spacer\"><\/div>\n<\/div>\n<\/div>\n\n\n\n<div style=\"height:2rem\" aria-hidden=\"true\" class=\"wp-block-spacer\"><\/div>\n\n\n<span class=\"wp-block-beapi-anchor\" aria-hidden=\"true\" id=\"anchor-download-our-guide\"><\/span>\n\n\n\n<section class=\"wp-block-group alignwide wp-pattern-media-text-background wp-pattern-media-text-background--grey-1 is-layout-flow wp-block-group-is-layout-flow\">\n<div class=\"wp-block-group is-nowrap is-layout-flex wp-container-core-group-is-layout-6c531013 wp-block-group-is-layout-flex\">\n<div class=\"wp-block-group wp-pattern-media-text-background__text has-global-padding is-layout-constrained wp-container-core-group-is-layout-0d9b3749 wp-block-group-is-layout-constrained\">\n<div class=\"wp-block-group has-global-padding is-layout-constrained wp-container-core-group-is-layout-442b6e00 wp-block-group-is-layout-constrained\">\n<h2 class=\"wp-block-heading is-style-h3\" id=\"h-lade-unseren-guide-herunter\">Lade unseren Guide herunter<\/h2>\n\n\n\n<p>Lade unseren kostenlosen Guide herunter und behalte einen \u00fcbersichtlichen \u00dcberblick \u00fcber alles, was Du zum Bildungsgutschein und zum Ablauf bei der Agentur f\u00fcr Arbeit wissen musst. Viel Spa\u00df beim Lesen!<\/p>\n<\/div>\n\n\n\n<div class=\"wp-block-buttons is-layout-flex wp-block-buttons-is-layout-flex\">\n<div class=\"wp-block-button is-style-fill\"><a class=\"wp-block-button__link has-white-color has-text-color has-link-color wp-element-button\">Jetzt Guide herunterladen<\/a><\/div>\n<\/div>\n<\/div>\n\n\n\n<figure class=\"wp-block-image size-full\"><img decoding=\"async\" src=\"https:\/\/liora.io\/app\/uploads\/sites\/9\/2025\/11\/data-scientest-2000-21-1024x682-1.jpg\" alt=\"\" class=\"wp-image-200346\" style=\"aspect-ratio:1;object-fit:cover\"\/><\/figure>\n<\/div>\n<\/section>\n\n\n\n<div style=\"height:5rem\" aria-hidden=\"true\" class=\"wp-block-spacer\"><\/div>\n","protected":false},"excerpt":{"rendered":"<p>Was ist das? Was ist der Bildungsgutschein? Der Bildungsgutschein ist ein F\u00f6rderinstrument der Agentur f\u00fcr Arbeit oder der Jobcenter, mit dem Du an einer gef\u00f6rderten beruflichen Weiterbildung teilnehmen kannst. Gemeinsam mit Deiner Beraterin oder Deinem Berater bei der Agentur f\u00fcr Arbeit wird gepr\u00fcft, ob Du die Voraussetzungen erf\u00fcllst und welche Weiterbildung am besten zu Dir [&hellip;]<\/p>\n","protected":false},"author":88,"featured_media":213803,"parent":0,"menu_order":0,"comment_status":"closed","ping_status":"closed","template":"page-without-title","meta":{"_acf_changed":false,"editor_notices":[],"footnotes":""},"class_list":["post-212107","page","type-page","status-publish","has-post-thumbnail","hentry"],"acf":[],"_links":{"self":[{"href":"https:\/\/liora.io\/de\/wp-json\/wp\/v2\/pages\/212107","targetHints":{"allow":["GET"]}}],"collection":[{"href":"https:\/\/liora.io\/de\/wp-json\/wp\/v2\/pages"}],"about":[{"href":"https:\/\/liora.io\/de\/wp-json\/wp\/v2\/types\/page"}],"author":[{"embeddable":true,"href":"https:\/\/liora.io\/de\/wp-json\/wp\/v2\/users\/88"}],"replies":[{"embeddable":true,"href":"https:\/\/liora.io\/de\/wp-json\/wp\/v2\/comments?post=212107"}],"version-history":[{"count":5,"href":"https:\/\/liora.io\/de\/wp-json\/wp\/v2\/pages\/212107\/revisions"}],"predecessor-version":[{"id":219877,"href":"https:\/\/liora.io\/de\/wp-json\/wp\/v2\/pages\/212107\/revisions\/219877"}],"wp:featuredmedia":[{"embeddable":true,"href":"https:\/\/liora.io\/de\/wp-json\/wp\/v2\/media\/213803"}],"wp:attachment":[{"href":"https:\/\/liora.io\/de\/wp-json\/wp\/v2\/media?parent=212107"}],"curies":[{"name":"wp","href":"https:\/\/api.w.org\/{rel}","templated":true}]}}