{"id":211884,"date":"2025-12-03T16:13:44","date_gmt":"2025-12-03T15:13:44","guid":{"rendered":"https:\/\/liora.io\/de\/?page_id=211884"},"modified":"2026-02-04T16:55:03","modified_gmt":"2026-02-04T15:55:03","slug":"recruiting","status":"publish","type":"page","link":"https:\/\/liora.io\/de\/unternehmen\/recruiting","title":{"rendered":"[LIORA] DE &#8211; Top Talente einstellen"},"content":{"rendered":"\n<div class=\"wp-block-liora-blocks-hero alignfull wp-block-liora-blocks-hero-complex\">\n\t<div class=\"wp-block-liora-blocks-hero-complex__container container\">\n\t\t<div class=\"wp-block-liora-blocks-hero-complex__title-container\">\n\t\t\t<span class=\"is-style-overtitle\">Top Talente einstellen<\/span><h1>Top Talente einstellen mit Liora<\/h1>\n\t\t\t<div class=\"wp-block-liora-blocks-hero-complex__caption\">\n\t\t\t\t<p>In einem wettbewerbsintensiven Markt macht Liora die Rekrutierung qualifizierter und zertifizierter Talente einfacher. Wir bieten die passende L\u00f6sung f\u00fcr Deinen Skill-Bedarf.<\/p>\n\t\t\t\t<div class=\"wp-block-liora-blocks-hero-complex__buttons wp-block-buttons is-layout-flex wp-block-buttons-is-layout-flex\">\n\t\t\t\t\t<div class=\"wp-block-button is-style-small-fill\"><a href=\"\/de\/unternehmen\/kontakt\" class=\"wp-block-button__link wp-element-button has-grow-animation\">Kontakt aufnehmen<\/a><\/div><div class=\"wp-block-button is-style-small-outline\"><a href=\"#anchor-how-we-support-you\" class=\"wp-block-button__link has-white-color has-text-color has-link-color wp-element-button has-grow-animation\">Mehr erfahren<\/a><\/div>\t\t\t\t<\/div>\n\t\t\t<\/div>\n\t\t<\/div>\n\t\t<div class=\"wp-block-liora-blocks-hero-complex__media wp-block-liora-blocks-hero-complex__media--youtube\">\n\t\t\t<div class=\"wp-block-liora-blocks-hero-complex__youtube\"><iframe title=\"10 questions \u00e0 ... Isaac Look de Malakoff Humanis !\" src=\"https:\/\/www.youtube.com\/embed\/Ddwk6JeHXEk?feature=oembed\" frameborder=\"0\" allow=\"accelerometer; autoplay; clipboard-write; encrypted-media; gyroscope; picture-in-picture; web-share\" allowfullscreen><\/iframe><\/div><svg class=\"shape-vector\" xmlns=\"http:\/\/www.w3.org\/2000\/svg\" width=\"2237\" height=\"1155\" viewBox=\"0 0 2237 1155\" fill=\"none\" aria-hidden=\"true\" focusable=\"false\" ><path stroke=\"#FF6745\" stroke-width=\"1.88\" d=\"M50.206.94h614.829c27.155 0 49.267 23.071 49.267 51.588v427.269c0 29.474 22.874 53.469 51.146 53.469h422.442c28.27-.001 51.14-23.995 51.14-53.469V52.528c0-28.517 22.11-51.588 49.27-51.588h382.87c27.16 0 49.27 23.071 49.27 51.588v427.269c0 29.474 22.87 53.469 51.15 53.469h415.2c27.16 0 49.27 23.071 49.27 51.588v517.616c0 28.52-22.11 51.59-49.27 51.59h-308.36c-27.16 0-49.27-23.07-49.27-51.59V660.495c0-29.474-22.87-53.468-51.15-53.469h-422.43c-28.28 0-51.15 23.995-51.15 53.469v441.975c0 28.52-22.11 51.59-49.27 51.59H554.882c-27.155 0-49.267-23.07-49.267-51.59V675.203c0-29.474-22.874-53.469-51.146-53.469H50.206c-27.155 0-49.265-23.071-49.266-51.588V52.528C.94 24.011 23.051.941 50.206.94Z\"\/><\/svg>\n\t\t<\/div>\n\t<\/div>\n<\/div>\n\n\n<div class=\"anchor-list wp-block-beapi-anchor-list\">\n\t<div class=\"anchor-list__content\">\n\t\t<div role=\"heading\" aria-level=\"2\" class=\"anchor-list__title\">Quick access<\/div>\n\t\t<div class=\"anchor-list__scroll\">\n\t\t\t<ul class=\"anchor-list__items no-list-style\">\n\t\t\t\t\t\t\t\t\t<li class=\"anchor-list__item\">\n\t\t\t\t\t\t<a href=\"#anchor-how-we-support-you\">So unterst\u00fctzen wir Dich<\/a>\t\t\t\t\t<\/li>\n\t\t\t\t\t\t\t\t\t<li class=\"anchor-list__item\">\n\t\t\t\t\t\t<a href=\"#anchor-aws-liora\">AWS &amp; Liora<\/a>\t\t\t\t\t<\/li>\n\t\t\t\t\t\t\t<\/ul>\n\t\t<\/div>\n\t<\/div>\n<\/div>\n\n\n\n<div style=\"height:2rem\" aria-hidden=\"true\" class=\"wp-block-spacer\"><\/div>\n\n\n<span class=\"wp-block-beapi-anchor\" aria-hidden=\"true\" id=\"anchor-how-we-support-you\"><\/span>\n\n\n\n<div class=\"wp-block-group wp-pattern-overtitle-heading has-global-padding is-layout-constrained wp-container-core-group-is-layout-442b6e00 wp-block-group-is-layout-constrained\">\n<p class=\"has-text-align-center is-style-overtitle\">So unterst\u00fctzen wir Dich<\/p>\n\n\n\n<h2 class=\"wp-block-heading has-text-align-center\" id=\"h-ein-kurzer-einblick-in-unsere-unterstutzung\">Ein kurzer Einblick in unsere Unterst\u00fctzung<\/h2>\n<\/div>\n\n\n\n<div class=\"wp-block-blockparty-tabs has-align-top-center is-style-default\" aria-label=\"\" role=\"tablist\">\n<ul class=\"wp-block-blockparty-tabs-nav\">\n<li class=\"wp-block-blockparty-tabs-nav-item\"><a id=\"block-tab-5-0\" role=\"tab\" aria-controls=\"block-panel-5-0\" class=\"wp-block-blockparty-tabs-nav-link\" href=\"#block-tab-5-0\"><span>Talent sourcing<\/span><\/a><\/li>\n\n\n\n<li class=\"wp-block-blockparty-tabs-nav-item\"><a id=\"block-tab-5-1\" role=\"tab\" aria-controls=\"block-panel-5-1\" class=\"wp-block-blockparty-tabs-nav-link\" href=\"#block-tab-5-1\"><span>Job dating<\/span><\/a><\/li>\n\n\n\n<li class=\"wp-block-blockparty-tabs-nav-item\"><a id=\"block-tab-5-2\" role=\"tab\" aria-controls=\"block-panel-5-2\" class=\"wp-block-blockparty-tabs-nav-link\" href=\"#block-tab-5-2\"><span>Kompetenzbilanz<\/span><\/a><\/li>\n<\/ul>\n\n\n\n<section class=\"wp-block-blockparty-tabs-panels\">\n<div role=\"tabpanel\" tabindex=\"0\" class=\"wp-block-blockparty-tabs-panel-item\" id=\"block-panel-5-0\" aria-labelledby=\"block-tab-5-0\"><div class=\"wp-block-blockparty-tabs-panel-item__inner\">\n<div class=\"wp-block-columns is-layout-flex wp-container-core-columns-is-layout-28f84493 wp-block-columns-is-layout-flex\">\n<div class=\"wp-block-column is-layout-flow wp-block-column-is-layout-flow\">\n<figure class=\"wp-block-image size-full\"><img decoding=\"async\" src=\"https:\/\/liora.io\/app\/uploads\/2025\/10\/datascientest-25-2000-26.jpg\" alt=\"\" class=\"wp-image-293654\" \/><\/figure>\n<\/div>\n\n\n\n<div class=\"wp-block-column is-vertically-aligned-center has-global-padding is-layout-constrained wp-block-column-is-layout-constrained\">\n<h4 class=\"wp-block-heading\" id=\"h-talent-sourcing\">Talent sourcing<\/h4>\n\n\n\n<div style=\"height:1rem\" aria-hidden=\"true\" class=\"wp-block-spacer\"><\/div>\n\n\n\n<p>Schlie\u00dfe technische Talentl\u00fccken schnell und gezielt: Unser Sourcing-Service verbindet Dich direkt mit Expertinnen und Experten in Bereichen wie Cloud, Development und mehr.<\/p>\n\n\n\n<div style=\"height:1rem\" aria-hidden=\"true\" class=\"wp-block-spacer\"><\/div>\n\n\n\n<div class=\"wp-block-buttons is-layout-flex wp-block-buttons-is-layout-flex\">\n<div class=\"wp-block-button\"><a class=\"wp-block-button__link wp-element-button\" href=\"\/de\/unternehmen\/recruiting\">Mehr erfahren<\/a><\/div>\n<\/div>\n<\/div>\n<\/div>\n<\/div><\/div>\n\n\n\n<div role=\"tabpanel\" tabindex=\"0\" class=\"wp-block-blockparty-tabs-panel-item\" id=\"block-panel-5-1\" aria-labelledby=\"block-tab-5-1\"><div class=\"wp-block-blockparty-tabs-panel-item__inner\">\n<div class=\"wp-block-columns is-layout-flex wp-container-core-columns-is-layout-28f84493 wp-block-columns-is-layout-flex\">\n<div class=\"wp-block-column is-layout-flow wp-block-column-is-layout-flow\">\n<figure class=\"wp-block-image size-full\"><img decoding=\"async\" src=\"https:\/\/liora.io\/app\/uploads\/2025\/10\/a7404426-edit-1.jpg\" alt=\"\" class=\"wp-image-293651\" \/><\/figure>\n<\/div>\n\n\n\n<div class=\"wp-block-column is-vertically-aligned-center has-global-padding is-layout-constrained wp-block-column-is-layout-constrained\">\n<h4 class=\"wp-block-heading\" id=\"h-job-dating\">Job dating<\/h4>\n\n\n\n<div style=\"height:1rem\" aria-hidden=\"true\" class=\"wp-block-spacer\"><\/div>\n\n\n\n<p>Finde die passende L\u00f6sung f\u00fcr die Herausforderung, spezialisierte Talente einzustellen \u2013 mit unseren Recruitment-Events, die Dich direkt mit den besten Kandidatinnen und Kandidaten auf dem Markt zusammenbringen.<\/p>\n\n\n\n<div style=\"height:1rem\" aria-hidden=\"true\" class=\"wp-block-spacer\"><\/div>\n\n\n\n<div class=\"wp-block-buttons is-layout-flex wp-block-buttons-is-layout-flex\">\n<div class=\"wp-block-button\"><a class=\"wp-block-button__link wp-element-button\" href=\"\/de\/unternehmen\/recruiting\">Mehr erfahren<\/a><\/div>\n<\/div>\n<\/div>\n<\/div>\n<\/div><\/div>\n\n\n\n<div role=\"tabpanel\" tabindex=\"0\" class=\"wp-block-blockparty-tabs-panel-item\" id=\"block-panel-5-2\" aria-labelledby=\"block-tab-5-2\"><div class=\"wp-block-blockparty-tabs-panel-item__inner\">\n<div class=\"wp-block-columns is-layout-flex wp-container-core-columns-is-layout-28f84493 wp-block-columns-is-layout-flex\">\n<div class=\"wp-block-column is-layout-flow wp-block-column-is-layout-flow\">\n<figure class=\"wp-block-image size-full\"><img decoding=\"async\" src=\"https:\/\/liora.io\/app\/uploads\/2025\/10\/datascientest-25-2000-73.jpg\" alt=\"\" class=\"wp-image-293653\" \/><\/figure>\n<\/div>\n\n\n\n<div class=\"wp-block-column is-vertically-aligned-center has-global-padding is-layout-constrained wp-block-column-is-layout-constrained\">\n<h4 class=\"wp-block-heading\" id=\"h-kompetenzbilanz\"><strong>Kompetenzbilanz<\/strong><\/h4>\n\n\n\n<p><\/p>\n\n\n\n<p>Bleibe mit der schnellen Entwicklung technischer Skills Schritt: Unsere Kompetenzbilanz zeigt pr\u00e4zise auf, welche Weiterbildungsbedarfe Dein Team hat, um wettbewerbsf\u00e4hig zu bleiben.<\/p>\n\n\n\n<div style=\"height:1rem\" aria-hidden=\"true\" class=\"wp-block-spacer\"><\/div>\n\n\n\n<div style=\"height:0px\" aria-hidden=\"true\" class=\"wp-block-spacer\"><\/div>\n\n\n\n<div class=\"wp-block-buttons is-layout-flex wp-block-buttons-is-layout-flex\">\n<div class=\"wp-block-button\"><a class=\"wp-block-button__link wp-element-button\" href=\"\/de\/unternehmen\/recruiting\">Mehr erfahren<\/a><\/div>\n<\/div>\n<\/div>\n<\/div>\n<\/div><\/div>\n<\/section>\n<\/div>\n\n\n<span class=\"wp-block-beapi-anchor\" aria-hidden=\"true\" id=\"anchor-aws-liora\"><\/span>\n\n\n\n<div class=\"wp-block-columns alignfull has-grey-1-background-color has-background is-layout-flex wp-container-core-columns-is-layout-116f373e wp-block-columns-is-layout-flex\" style=\"padding-top:var(--wp--preset--spacing--xl);padding-bottom:var(--wp--preset--spacing--xl)\">\n<div class=\"wp-block-column is-layout-flow wp-block-column-is-layout-flow\">\n<div class=\"wp-block-group wp-pattern-overtitle-heading has-global-padding is-layout-constrained wp-container-core-group-is-layout-442b6e00 wp-block-group-is-layout-constrained\">\n<p class=\"has-text-align-center is-style-overtitle\">AWS &amp; Liora<\/p>\n\n\n\n<h2 class=\"wp-block-heading has-text-align-center\" id=\"h-das-beste-fur-dein-unternehmen\">Das Beste f\u00fcr Dein Unternehmen<\/h2>\n<\/div>\n\n\n\n<div class=\"wp-block-columns is-layout-flex wp-container-core-columns-is-layout-28f84493 wp-block-columns-is-layout-flex\">\n<div class=\"wp-block-column is-layout-flow wp-block-column-is-layout-flow\" style=\"flex-basis:25%\"><\/div>\n\n\n\n<div class=\"wp-block-column is-layout-flow wp-block-column-is-layout-flow\" style=\"flex-basis:50%\">\n<figure class=\"wp-block-embed aligncenter is-type-video is-provider-youtube wp-block-embed-youtube wp-embed-aspect-16-9 wp-has-aspect-ratio\"><div class=\"wp-block-embed__wrapper\">\n<iframe title=\"AWS et DataScientest s&#039;associent \u00e0 France Travail pour former les experts de la tech de demain !\" width=\"500\" height=\"281\" src=\"https:\/\/www.youtube.com\/embed\/7G3pdE4b9PU?feature=oembed\" frameborder=\"0\" allow=\"accelerometer; autoplay; clipboard-write; encrypted-media; gyroscope; picture-in-picture; web-share\" referrerpolicy=\"strict-origin-when-cross-origin\" allowfullscreen><\/iframe>\n<\/div><\/figure>\n<\/div>\n\n\n\n<div class=\"wp-block-column is-layout-flow wp-block-column-is-layout-flow\" style=\"flex-basis:25%\"><\/div>\n<\/div>\n\n\n\n<div class=\"wp-block-buttons is-content-justification-center is-layout-flex wp-container-core-buttons-is-layout-a89b3969 wp-block-buttons-is-layout-flex\">\n<div class=\"wp-block-button\"><a class=\"wp-block-button__link wp-element-button\" href=\"\/de\/unternehmen\/kontakt\">Nimm Kontakt mit uns auf<\/a><\/div>\n<\/div>\n<\/div>\n<\/div>\n\n\n\n<section class=\"wp-block-group alignwide wp-pattern-media-text-background wp-pattern-media-text-background--grey-1 is-layout-flow wp-block-group-is-layout-flow\">\n<div class=\"wp-block-group is-nowrap is-layout-flex wp-container-core-group-is-layout-6c531013 wp-block-group-is-layout-flex\">\n<div class=\"wp-block-group wp-pattern-media-text-background__text has-global-padding is-layout-constrained wp-container-core-group-is-layout-0d9b3749 wp-block-group-is-layout-constrained\">\n<div class=\"wp-block-group has-global-padding is-layout-constrained wp-container-core-group-is-layout-442b6e00 wp-block-group-is-layout-constrained\">\n<p class=\"is-style-h3\">M\u00f6chten Sie mehr erfahren?<\/p>\n\n\n\n<p>Unser Team ist f\u00fcr Sie da, um Ihre Bed\u00fcrfnisse zu verstehen und gemeinsam mit Ihnen das ideale Trainingsprogramm zu entwickeln.<\/p>\n<\/div>\n\n\n\n<div class=\"wp-block-buttons is-layout-flex wp-block-buttons-is-layout-flex\">\n<div class=\"wp-block-button is-style-fill\"><a class=\"wp-block-button__link has-white-color has-text-color has-link-color wp-element-button\" href=\"\/de\/unternehmen\/kontakt\">Termin vereinbaren<\/a><\/div>\n<\/div>\n<\/div>\n\n\n\n<figure class=\"wp-block-image size-full\"><img decoding=\"async\" src=\"https:\/\/liora.io\/app\/uploads\/sites\/9\/2025\/11\/data-scientest-2000-21-1024x682-1.jpg\" alt=\"\" class=\"wp-image-200346\" style=\"aspect-ratio:1;object-fit:cover\"\/><\/figure>\n<\/div>\n<\/section>\n\n\n\n<div style=\"height:2rem\" aria-hidden=\"true\" class=\"wp-block-spacer\"><\/div>\n\n\n\n<p><\/p>\n","protected":false},"excerpt":{"rendered":"<p>So unterst\u00fctzen wir Dich Ein kurzer Einblick in unsere Unterst\u00fctzung AWS &amp; Liora Das Beste f\u00fcr Dein Unternehmen<\/p>\n","protected":false},"author":107,"featured_media":213803,"parent":211874,"menu_order":0,"comment_status":"closed","ping_status":"closed","template":"page-without-title","meta":{"_acf_changed":false,"editor_notices":[],"footnotes":""},"class_list":["post-211884","page","type-page","status-publish","has-post-thumbnail","hentry"],"acf":[],"_links":{"self":[{"href":"https:\/\/liora.io\/de\/wp-json\/wp\/v2\/pages\/211884","targetHints":{"allow":["GET"]}}],"collection":[{"href":"https:\/\/liora.io\/de\/wp-json\/wp\/v2\/pages"}],"about":[{"href":"https:\/\/liora.io\/de\/wp-json\/wp\/v2\/types\/page"}],"author":[{"embeddable":true,"href":"https:\/\/liora.io\/de\/wp-json\/wp\/v2\/users\/107"}],"replies":[{"embeddable":true,"href":"https:\/\/liora.io\/de\/wp-json\/wp\/v2\/comments?post=211884"}],"version-history":[{"count":5,"href":"https:\/\/liora.io\/de\/wp-json\/wp\/v2\/pages\/211884\/revisions"}],"predecessor-version":[{"id":216260,"href":"https:\/\/liora.io\/de\/wp-json\/wp\/v2\/pages\/211884\/revisions\/216260"}],"up":[{"embeddable":true,"href":"https:\/\/liora.io\/de\/wp-json\/wp\/v2\/pages\/211874"}],"wp:featuredmedia":[{"embeddable":true,"href":"https:\/\/liora.io\/de\/wp-json\/wp\/v2\/media\/213803"}],"wp:attachment":[{"href":"https:\/\/liora.io\/de\/wp-json\/wp\/v2\/media?parent=211884"}],"curies":[{"name":"wp","href":"https:\/\/api.w.org\/{rel}","templated":true}]}}