{"id":211872,"date":"2025-12-03T11:19:11","date_gmt":"2025-12-03T10:19:11","guid":{"rendered":"https:\/\/liora.io\/de\/?page_id=211872"},"modified":"2026-02-10T10:20:49","modified_gmt":"2026-02-10T09:20:49","slug":"upskilling","status":"publish","type":"page","link":"https:\/\/liora.io\/de\/unternehmen\/upskilling","title":{"rendered":"[LIORA] DE &#8211; Ihr Team weiterbilden"},"content":{"rendered":"\n<div class=\"wp-block-liora-blocks-hero alignfull wp-block-liora-blocks-hero-complex\">\n\t<div class=\"wp-block-liora-blocks-hero-complex__container container\">\n\t\t<div class=\"wp-block-liora-blocks-hero-complex__title-container\">\n\t\t\t<span class=\"is-style-overtitle\">Ihr Team weiterbilden<\/span><h1>Dein Talent. Unsere Methode. Ihre Zukunft.<\/h1>\n\t\t\t<div class=\"wp-block-liora-blocks-hero-complex__caption\">\n\t\t\t\t<p>Schlie\u00dfe Dich mehr als 70 f\u00fchrenden europ\u00e4ischen Unternehmen an, die uns vertrauen, ihre Teams weiterzubilden und sie bei ihren Recruiting-Herausforderungen zu unterst\u00fctzen.<\/p>\n\t\t\t\t<div class=\"wp-block-liora-blocks-hero-complex__buttons wp-block-buttons is-layout-flex wp-block-buttons-is-layout-flex\">\n\t\t\t\t\t<div class=\"wp-block-button is-style-small-fill\"><a href=\"#\" class=\"wp-block-button__link wp-element-button has-grow-animation\">Kontakt aufnehmen<\/a><\/div><div class=\"wp-block-button is-style-small-outline\"><a href=\"#\" class=\"wp-block-button__link has-white-color has-text-color has-link-color wp-element-button has-grow-animation\">Unsere L\u00f6sungen entdecken<\/a><\/div>\t\t\t\t<\/div>\n\t\t\t<\/div>\n\t\t<\/div>\n\t\t<div class=\"wp-block-liora-blocks-hero-complex__media wp-block-liora-blocks-hero-complex__media--youtube\">\n\t\t\t<div class=\"wp-block-liora-blocks-hero-complex__youtube\"><iframe title=\"Rendez-vous Data : Revivez les moments forts de notre s\u00e9rie !\" src=\"https:\/\/www.youtube.com\/embed\/T9kU7o6HpwQ?feature=oembed\" frameborder=\"0\" allow=\"accelerometer; autoplay; clipboard-write; encrypted-media; gyroscope; picture-in-picture; web-share\" allowfullscreen><\/iframe><\/div><svg class=\"shape-vector\" xmlns=\"http:\/\/www.w3.org\/2000\/svg\" width=\"2237\" height=\"1155\" viewBox=\"0 0 2237 1155\" fill=\"none\" aria-hidden=\"true\" focusable=\"false\" ><path stroke=\"#FF6745\" stroke-width=\"1.88\" d=\"M50.206.94h614.829c27.155 0 49.267 23.071 49.267 51.588v427.269c0 29.474 22.874 53.469 51.146 53.469h422.442c28.27-.001 51.14-23.995 51.14-53.469V52.528c0-28.517 22.11-51.588 49.27-51.588h382.87c27.16 0 49.27 23.071 49.27 51.588v427.269c0 29.474 22.87 53.469 51.15 53.469h415.2c27.16 0 49.27 23.071 49.27 51.588v517.616c0 28.52-22.11 51.59-49.27 51.59h-308.36c-27.16 0-49.27-23.07-49.27-51.59V660.495c0-29.474-22.87-53.468-51.15-53.469h-422.43c-28.28 0-51.15 23.995-51.15 53.469v441.975c0 28.52-22.11 51.59-49.27 51.59H554.882c-27.155 0-49.267-23.07-49.267-51.59V675.203c0-29.474-22.874-53.469-51.146-53.469H50.206c-27.155 0-49.265-23.071-49.266-51.588V52.528C.94 24.011 23.051.941 50.206.94Z\"\/><\/svg>\n\t\t<\/div>\n\t<\/div>\n<\/div>\n\n\n<div class=\"anchor-list wp-block-beapi-anchor-list\">\n\t<div class=\"anchor-list__content\">\n\t\t<div role=\"heading\" aria-level=\"2\" class=\"anchor-list__title\">Quick access<\/div>\n\t\t<div class=\"anchor-list__scroll\">\n\t\t\t<ul class=\"anchor-list__items no-list-style\">\n\t\t\t\t\t\t\t\t\t<li class=\"anchor-list__item\">\n\t\t\t\t\t\t<a href=\"#anchor-our-expertise\">Unsere Expertise<\/a>\t\t\t\t\t<\/li>\n\t\t\t\t\t\t\t\t\t<li class=\"anchor-list__item\">\n\t\t\t\t\t\t<a href=\"#anchor-our-learning-approach\">Unser Lernansatz<\/a>\t\t\t\t\t<\/li>\n\t\t\t\t\t\t\t\t\t<li class=\"anchor-list__item\">\n\t\t\t\t\t\t<a href=\"#anchor-our-partners\">Unsere Partner<\/a>\t\t\t\t\t<\/li>\n\t\t\t\t\t\t\t<\/ul>\n\t\t<\/div>\n\t<\/div>\n<\/div>\n\n\n<span class=\"wp-block-beapi-anchor\" aria-hidden=\"true\" id=\"anchor-our-expertise\"><\/span>\n\n\n\n\n\n<div class=\"wp-block-buttons is-content-justification-center is-layout-flex wp-container-core-buttons-is-layout-a89b3969 wp-block-buttons-is-layout-flex\">\n<div class=\"wp-block-button\"><a class=\"wp-block-button__link wp-element-button\">Brosch\u00fcre herunterladen<\/a><\/div>\n<\/div>\n\n\n<span class=\"wp-block-beapi-anchor\" aria-hidden=\"true\" id=\"anchor-our-learning-approach\"><\/span>\n\n\n\n<section class=\"wp-block-group alignfull wp-pattern-cards-row wp-pattern-cards-row--3-cards has-grey-1-background-color has-background has-global-padding is-layout-constrained wp-container-core-group-is-layout-06b7c649 wp-block-group-is-layout-constrained\">\n<div class=\"wp-block-group wp-pattern-overtitle-heading has-global-padding is-layout-constrained wp-container-core-group-is-layout-442b6e00 wp-block-group-is-layout-constrained\">\n<p class=\"has-text-align-center is-style-overtitle\">Unsere Lernmethodik<\/p>\n\n\n\n<h2 class=\"wp-block-heading has-text-align-center\" id=\"h-unsere-lernmethodik-basiert-auf-drei-saulen\">Unsere Lernmethodik basiert auf drei S\u00e4ulen<\/h2>\n<\/div>\n\n\n\n<div class=\"wp-block-group alignwide wp-pattern-cards-row__grid is-layout-grid wp-container-core-group-is-layout-b37dcf68 wp-block-group-is-layout-grid\">\n<div class=\"wp-block-group wp-pattern-cards-row__item has-white-background-color has-background has-global-padding is-layout-constrained wp-container-core-group-is-layout-eab35342 wp-block-group-is-layout-constrained\" style=\"border-radius:20px;padding-top:var(--wp--preset--spacing--lg);padding-right:var(--wp--preset--spacing--lg);padding-bottom:var(--wp--preset--spacing--lg);padding-left:var(--wp--preset--spacing--lg)\">\n<ul class=\"wp-block-beapi-icon-block is-layout-flex wp-block-icon-block-is-layout-flex\">\n<li class=\"wp-block-beapi-icon-item\"><span><svg viewBox=\"0 0 24 24\" xmlns=\"http:\/\/www.w3.org\/2000\/svg\" style=\"color:#1A1A33\" class=\"wp-block-beapi-icon-block__icon-component wp-block-beapi-icon-block__icon-component--sprite icon-bu-class-lesson\" aria-hidden=\"true\"><use href=\"https:\/\/liora.io\/app\/themes\/liora\/dist\/icons\/sprite.svg#icon-bu-class-lesson\"><\/use><\/svg><\/span><\/li>\n<\/ul>\n\n\n\n<div class=\"wp-block-group has-global-padding is-layout-constrained wp-container-core-group-is-layout-38e7494a wp-block-group-is-layout-constrained\">\n<h3 class=\"wp-block-heading is-style-h4\" id=\"h-personalisierte-betreuung-und-coaching\" style=\"font-style:normal;font-weight:400\"><strong>Personalisierte Betreuung und Coaching<\/strong><\/h3>\n\n\n\n<p><strong>Unsere Mission: eine Abschlussquote von 100 %.<\/strong><\/p>\n\n\n\n<p class=\"has-grey-50-color has-text-color has-link-color wp-elements-dd08a6b405c606a268e8da38d64f2f4d\">Unsere Teams aus Dozierenden und Koordinatorinnen sowie Koordinatoren begleiten Dich t\u00e4glich, verfolgen Deinen Fortschritt und sorgen daf\u00fcr, dass jede Lernreise optimal verl\u00e4uft \u2013 individuell, pers\u00f6nlich und auf Deine Bed\u00fcrfnisse abgestimmt.<\/p>\n<\/div>\n<\/div>\n\n\n\n<div class=\"wp-block-group wp-pattern-cards-row__item has-white-background-color has-background has-global-padding is-layout-constrained wp-container-core-group-is-layout-eab35342 wp-block-group-is-layout-constrained\" style=\"border-radius:20px;padding-top:var(--wp--preset--spacing--lg);padding-right:var(--wp--preset--spacing--lg);padding-bottom:var(--wp--preset--spacing--lg);padding-left:var(--wp--preset--spacing--lg)\">\n<ul class=\"wp-block-beapi-icon-block is-layout-flex wp-block-icon-block-is-layout-flex\">\n<li class=\"wp-block-beapi-icon-item\"><span><svg viewBox=\"0 0 24 24\" xmlns=\"http:\/\/www.w3.org\/2000\/svg\" style=\"color:#1A1A33\" class=\"wp-block-beapi-icon-block__icon-component wp-block-beapi-icon-block__icon-component--sprite icon-bu-web-server\" aria-hidden=\"true\"><use href=\"https:\/\/liora.io\/app\/themes\/liora\/dist\/icons\/sprite.svg#icon-bu-web-server\"><\/use><\/svg><\/span><\/li>\n<\/ul>\n\n\n\n<div class=\"wp-block-group has-global-padding is-layout-constrained wp-container-core-group-is-layout-38e7494a wp-block-group-is-layout-constrained\">\n<h3 class=\"wp-block-heading is-style-h4\" id=\"h-komplett-saas-basierte-plattform\" style=\"font-style:normal;font-weight:400\"><strong>Komplett SaaS-basierte Plattform<\/strong><\/h3>\n\n\n\n<p><strong>Unser Tool: eine vollst\u00e4ndig sichere, sofort einsatzbereite Coding-Umgebung.<\/strong><\/p>\n\n\n\n<p class=\"has-grey-50-color has-text-color has-link-color wp-elements-3b0a25a1f1fc83a5db2bbb7010b7d610\">Unsere Lernplattform bietet Zugriff auf Tausende Datenbanken und Bibliotheken, auf mehr als 3.000 Stunden Content in Franz\u00f6sisch und Englisch und erm\u00f6glicht die sofortige Bereitstellung s\u00e4mtlicher Ressourcen \u2013 jederzeit und \u00fcberall.<\/p>\n<\/div>\n<\/div>\n\n\n\n<div class=\"wp-block-group wp-pattern-cards-row__item has-white-background-color has-background has-global-padding is-layout-constrained wp-container-core-group-is-layout-eab35342 wp-block-group-is-layout-constrained\" style=\"border-radius:20px;padding-top:var(--wp--preset--spacing--lg);padding-right:var(--wp--preset--spacing--lg);padding-bottom:var(--wp--preset--spacing--lg);padding-left:var(--wp--preset--spacing--lg)\">\n<ul class=\"wp-block-beapi-icon-block is-layout-flex wp-block-icon-block-is-layout-flex\">\n<li class=\"wp-block-beapi-icon-item\"><span><svg viewBox=\"0 0 24 24\" xmlns=\"http:\/\/www.w3.org\/2000\/svg\" style=\"color:#1A1A33\" class=\"wp-block-beapi-icon-block__icon-component wp-block-beapi-icon-block__icon-component--sprite icon-bu-arrow-road-map\" aria-hidden=\"true\"><use href=\"https:\/\/liora.io\/app\/themes\/liora\/dist\/icons\/sprite.svg#icon-bu-arrow-road-map\"><\/use><\/svg><\/span><\/li>\n<\/ul>\n\n\n\n<div class=\"wp-block-group has-global-padding is-layout-constrained wp-container-core-group-is-layout-38e7494a wp-block-group-is-layout-constrained\">\n<h3 class=\"wp-block-heading is-style-h4\" id=\"h-das-capstone-projekt\" style=\"font-style:normal;font-weight:400\"><strong>Das Capstone-Projekt<\/strong><\/h3>\n\n\n\n<p><strong>Unser Versprechen: praxisorientiertes Lernen.<\/strong><\/p>\n\n\n\n<p class=\"has-grey-50-color has-text-color has-link-color wp-elements-14986800c7686be5c5194bd53a693c72\">Die Lernenden wenden ihre erworbenen Skills in einem Projekt an, das auf die echten Bed\u00fcrfnisse Deines Unternehmens zugeschnitten ist. So k\u00f6nnen sich Deine Teams weiterbilden \u2013 und gleichzeitig produktiv an relevanten Aufgaben arbeiten.<\/p>\n<\/div>\n<\/div>\n<\/div>\n\n\n\n<div class=\"wp-block-buttons is-content-justification-center is-layout-flex wp-container-core-buttons-is-layout-a89b3969 wp-block-buttons-is-layout-flex\">\n<div class=\"wp-block-button\"><a class=\"wp-block-button__link wp-element-button\">Entdecke unsere Lernmethodik<\/a><\/div>\n<\/div>\n<\/section>\n\n\n<span class=\"wp-block-beapi-anchor\" aria-hidden=\"true\" id=\"anchor-our-partners\"><\/span>\n\n\n\n<div class=\"wp-block-group alignfull wp-pattern-references has-global-padding is-layout-constrained wp-block-group-is-layout-constrained\" style=\"padding-top:var(--wp--preset--spacing--2-xl-large);padding-bottom:var(--wp--preset--spacing--2-xl-large)\">\n<div class=\"wp-block-columns alignwide are-vertically-aligned-center is-layout-flex wp-container-core-columns-is-layout-28f84493 wp-block-columns-is-layout-flex\">\n<div class=\"wp-block-column is-vertically-aligned-center wp-pattern-references__text is-layout-flow wp-block-column-is-layout-flow\">\n<p class=\"is-style-overtitle\"><strong>Technologiepartner<\/strong><\/p>\n\n\n<h3 class=\"wp-block-heading\" id=\"zertifizierungen\"><strong>Zertifizierungen<\/strong><\/h3>\n\n\n\n<p class=\"has-grey-40-color has-text-color has-link-color wp-elements-03a108138b5f8e8b2a82afc7d9281256\">Dank unserer Partnerschaften mit Anbietern wie AWS, Microsoft, GCP, SAP und Dataiku integrieren wir deren Tools direkt in unsere ma\u00dfgeschneiderten Weiterbildungsprogramme \u2013 einschlie\u00dflich der Vorbereitung auf offizielle Zertifizierungen.<\/p>\n<\/div>\n\n\n\n<div class=\"wp-block-column is-vertically-aligned-center wp-pattern-references__logos is-layout-flow wp-block-column-is-layout-flow\">\n<div class=\"wp-block-group is-content-justification-center is-layout-flex wp-container-core-group-is-layout-b02886af wp-block-group-is-layout-flex\">\n<figure class=\"wp-block-image size-full is-resized\"><img decoding=\"async\" src=\"https:\/\/liora.io\/app\/uploads\/2024\/06\/aws.svg\" alt=\"\" class=\"wp-image-241703\" style=\"width:150px\" \/><\/figure>\n\n\n\n<figure class=\"wp-block-image size-full is-resized wp-container-content-69bc4bdf\"><img decoding=\"async\" src=\"https:\/\/liora.io\/app\/uploads\/2025\/10\/microsoft-logo-2012.svg\" alt=\"\" class=\"wp-image-294652\" style=\"width:150px\" \/><\/figure>\n\n\n\n<figure class=\"wp-block-image size-full is-resized\"><img decoding=\"async\" src=\"https:\/\/liora.io\/app\/uploads\/2025\/10\/google-2015-logo.svg\" alt=\"\" class=\"wp-image-294181\" style=\"width:150px\" \/><\/figure>\n<\/div>\n\n\n\n<div class=\"wp-block-group is-content-justification-center is-layout-flex wp-container-core-group-is-layout-ac8cbf10 wp-block-group-is-layout-flex\">\n<figure class=\"wp-block-image size-full is-resized\"><img decoding=\"async\" src=\"https:\/\/liora.io\/app\/uploads\/2025\/10\/sap-2011-logo-1.svg\" alt=\"\" class=\"wp-image-293623\" style=\"width:150px\" \/><\/figure>\n\n\n\n<figure class=\"wp-block-image size-full is-resized\"><img decoding=\"async\" src=\"https:\/\/liora.io\/app\/uploads\/2025\/04\/Oracle-Logo-650x366-1.png\" alt=\"logo Oracle\" class=\"wp-image-273772\" style=\"width:150px\" \/><\/figure>\n<\/div>\n<\/div>\n<\/div>\n<\/div>\n\n\n\n<section class=\"wp-block-group alignwide wp-pattern-media-text-background wp-pattern-media-text-background--grey-1 is-layout-flow wp-block-group-is-layout-flow\">\n<div class=\"wp-block-group is-nowrap is-layout-flex wp-container-core-group-is-layout-6c531013 wp-block-group-is-layout-flex\">\n<div class=\"wp-block-group wp-pattern-media-text-background__text has-global-padding is-layout-constrained wp-container-core-group-is-layout-0d9b3749 wp-block-group-is-layout-constrained\">\n<div class=\"wp-block-group has-global-padding is-layout-constrained wp-container-core-group-is-layout-442b6e00 wp-block-group-is-layout-constrained\">\n<p class=\"is-style-h3\">M\u00f6chten Sie mehr erfahren?<\/p>\n\n\n\n<p>Unser Team ist f\u00fcr Sie da, um Ihre Bed\u00fcrfnisse zu verstehen und gemeinsam mit Ihnen das ideale Trainingsprogramm zu entwickeln.<\/p>\n<\/div>\n\n\n\n<div class=\"wp-block-buttons is-layout-flex wp-block-buttons-is-layout-flex\">\n<div class=\"wp-block-button is-style-fill\"><a class=\"wp-block-button__link has-white-color has-text-color has-link-color wp-element-button\" href=\"\/de\/unternehmen\/kontakt\">Termin vereinbaren<\/a><\/div>\n<\/div>\n<\/div>\n\n\n\n<figure class=\"wp-block-image size-full\"><img decoding=\"async\" src=\"https:\/\/liora.io\/app\/uploads\/sites\/9\/2025\/11\/data-scientest-2000-21-1024x682-1.jpg\" alt=\"\" class=\"wp-image-200346\" style=\"aspect-ratio:1;object-fit:cover\"\/><\/figure>\n<\/div>\n<\/section>\n\n\n\n<div style=\"height:2rem\" aria-hidden=\"true\" class=\"wp-block-spacer\"><\/div>\n","protected":false},"excerpt":{"rendered":"<p>Unsere Lernmethodik Unsere Lernmethodik basiert auf drei S\u00e4ulen Personalisierte Betreuung und Coaching Unsere Mission: eine Abschlussquote von 100 %. Unsere Teams aus Dozierenden und Koordinatorinnen sowie Koordinatoren begleiten Dich t\u00e4glich, verfolgen Deinen Fortschritt und sorgen daf\u00fcr, dass jede Lernreise optimal verl\u00e4uft \u2013 individuell, pers\u00f6nlich und auf Deine Bed\u00fcrfnisse abgestimmt. Komplett SaaS-basierte Plattform Unser Tool: eine [&hellip;]<\/p>\n","protected":false},"author":107,"featured_media":213803,"parent":211874,"menu_order":0,"comment_status":"closed","ping_status":"closed","template":"page-without-title","meta":{"_acf_changed":false,"editor_notices":[],"footnotes":""},"class_list":["post-211872","page","type-page","status-publish","has-post-thumbnail","hentry"],"acf":[],"_links":{"self":[{"href":"https:\/\/liora.io\/de\/wp-json\/wp\/v2\/pages\/211872","targetHints":{"allow":["GET"]}}],"collection":[{"href":"https:\/\/liora.io\/de\/wp-json\/wp\/v2\/pages"}],"about":[{"href":"https:\/\/liora.io\/de\/wp-json\/wp\/v2\/types\/page"}],"author":[{"embeddable":true,"href":"https:\/\/liora.io\/de\/wp-json\/wp\/v2\/users\/107"}],"replies":[{"embeddable":true,"href":"https:\/\/liora.io\/de\/wp-json\/wp\/v2\/comments?post=211872"}],"version-history":[{"count":3,"href":"https:\/\/liora.io\/de\/wp-json\/wp\/v2\/pages\/211872\/revisions"}],"predecessor-version":[{"id":213767,"href":"https:\/\/liora.io\/de\/wp-json\/wp\/v2\/pages\/211872\/revisions\/213767"}],"up":[{"embeddable":true,"href":"https:\/\/liora.io\/de\/wp-json\/wp\/v2\/pages\/211874"}],"wp:featuredmedia":[{"embeddable":true,"href":"https:\/\/liora.io\/de\/wp-json\/wp\/v2\/media\/213803"}],"wp:attachment":[{"href":"https:\/\/liora.io\/de\/wp-json\/wp\/v2\/media?parent=211872"}],"curies":[{"name":"wp","href":"https:\/\/api.w.org\/{rel}","templated":true}]}}