{"id":211615,"date":"2025-11-26T12:28:43","date_gmt":"2025-11-26T11:28:43","guid":{"rendered":"https:\/\/liora.io\/de\/?page_id=211615"},"modified":"2026-02-10T11:47:52","modified_gmt":"2026-02-10T10:47:52","slug":"nutzungsbedingungen","status":"publish","type":"page","link":"https:\/\/liora.io\/de\/nutzungsbedingungen","title":{"rendered":"[LIORA] &#8211; DE &#8211; Nutzungsbedingungen"},"content":{"rendered":"\n<div class=\"alignfull wp-block-liora-blocks-herois-centered alignfull wp-block-liora-blocks-hero-page-classic\">\n\t<div class=\"container\">\n\t\t<div class=\"wp-block-liora-blocks-hero-page-classic__content\">\n\t\t<h1>Nutzungsbedingungen<\/h1><p><p data-start=\"109\" data-end=\"397\">Der Zweck dieser Allgemeinen Nutzungsbedingungen (nachfolgend \u201eANB\u201c) besteht darin, einen rechtlichen Rahmen f\u00fcr die Bereitstellung der Website und der Dienste durch Liora zu schaffen sowie die Bedingungen f\u00fcr den Zugang zu den Diensten und deren Nutzung durch den \u201eKunden\u201c festzulegen.<\/p>\n<p data-start=\"399\" data-end=\"677\">Die ANB sind auf der Website im Abschnitt \u201eANB\u201c einsehbar.<br data-start=\"457\" data-end=\"460\" \/>Die ANB m\u00fcssen von jedem Kunden akzeptiert werden, der auf die Website und die Liora-Plattform zugreifen m\u00f6chte, um eine Data-Science-Weiterbildung zu absolvieren. Sie bilden den Vertrag zwischen Liora und dem Kunden.<\/p>\n<p data-start=\"679\" data-end=\"931\">Jede Registrierung oder Nutzung der Website setzt die vorbehaltlose und uneingeschr\u00e4nkte Zustimmung des Kunden zu diesen ANB voraus. Im Falle der Nichtakzeptanz der ANB muss der Kunde auf den Zugang zu den von Liora.com angebotenen Diensten verzichten.<\/p>\n<p data-start=\"933\" data-end=\"1018\">Liora beh\u00e4lt sich das Recht vor, den Inhalt dieser ANB jederzeit einseitig zu \u00e4ndern.<\/p>\n<\/p>\t\t<\/div>\n\t<\/div>\n<\/div>\n\n\n<h4 data-start=\"221\" data-end=\"247\"><strong data-start=\"223\" data-end=\"247\">Artikel 1: Impressum<\/strong><\/h4>\n<p data-start=\"249\" data-end=\"562\">Die Website Liora.com wird herausgegeben von der Firma <strong data-start=\"304\" data-end=\"313\">DataScientest<\/strong>, mit einem Kapital von 1.000 \u20ac, eingetragen unter der Nummer <strong data-start=\"375\" data-end=\"391\">011755665975<\/strong> im Handels- und Gesellschaftsregister (RCS) von Paris unter der Nummer <strong data-start=\"463\" data-end=\"478\">831 450 069<\/strong>, mit Sitz <strong data-start=\"489\" data-end=\"526\">2 place de Barcelone, 75016 Paris<\/strong>,<br data-start=\"527\" data-end=\"530\" \/>E-Mail: <strong data-start=\"538\" data-end=\"559\"><a class=\"decorated-link cursor-pointer\" rel=\"noopener\" data-start=\"540\" data-end=\"557\">contact@Liora.com<\/a><\/strong>.<\/p>\n<p data-start=\"564\" data-end=\"665\">Vertreten durch <strong data-start=\"580\" data-end=\"603\">Herrn Yoel Tordjman<\/strong>.<br data-start=\"604\" data-end=\"607\" \/>Umsatzsteuer-Identifikationsnummer: <strong data-start=\"643\" data-end=\"662\">FR 69 831450069<\/strong>.<\/p>\n<p data-start=\"667\" data-end=\"735\">Verantwortlicher f\u00fcr die Ver\u00f6ffentlichung: <strong data-start=\"710\" data-end=\"732\">Herr Yoel Tordjman<\/strong>.<\/p>\n<p data-start=\"737\" data-end=\"847\">Die Website wird gehostet von:<br data-start=\"767\" data-end=\"770\" \/><strong data-start=\"770\" data-end=\"803\">AMAZON WEB SERVICES EMEA SARL<\/strong>,<br data-start=\"804\" data-end=\"807\" \/>31 place des Corolles, 92400 Courbevoie.<\/p>\n<hr data-start=\"849\" data-end=\"852\" \/>\n<h4 data-start=\"854\" data-end=\"884\"><strong data-start=\"856\" data-end=\"884\">Artikel 2: Registrierung<\/strong><\/h4>\n<h5 data-start=\"886\" data-end=\"922\"><strong data-start=\"889\" data-end=\"922\">2.1 Registrierungsbedingungen<\/strong><\/h5>\n<p data-start=\"924\" data-end=\"1093\">Bestimmte Funktionen der Website (E-Learning-Plattform f\u00fcr Data Science) erfordern eine Registrierung, um ein Konto zu erhalten, das den Zugang zur Plattform erm\u00f6glicht.<\/p>\n<p data-start=\"1095\" data-end=\"1239\">Vor der Registrierung m\u00fcssen Sie diese ANB, die Datenschutzrichtlinie sowie die Regeln und Verhaltensanweisungen gelesen und akzeptiert haben.<\/p>\n<p data-start=\"1241\" data-end=\"1446\">Sie erkl\u00e4ren, dass Sie f\u00e4hig sind, diese Bedingungen zu akzeptieren, das hei\u00dft, dass Sie \u00fcber 18 Jahre alt sind und keinem gesetzlichen Schutzregime unterliegen (Betreuung, Vormundschaft oder Pflegschaft).<\/p>\n<p data-start=\"1448\" data-end=\"1583\">Unsere Website und unsere Plattform sehen keine Registrierung, Erhebung oder Speicherung von Daten \u00fcber Personen unter 18 Jahren vor.<\/p>\n<p data-start=\"1585\" data-end=\"1660\">Mit dem Abschluss einer Weiterbildung erhalten Sie den Status \u201eTeilnehmer\u201c.<\/p>\n<h5 data-start=\"1662\" data-end=\"1696\"><strong data-start=\"1665\" data-end=\"1696\">2.2 Erstellung eines Kontos<\/strong><\/h5>\n<p data-start=\"1698\" data-end=\"1941\">Zur Erstellung Ihres Kontos m\u00fcssen Sie Liora bestimmte personenbezogene Daten \u00fcbermitteln, wie Ihren Familienstand, Ihren Ausbildungsstand und Ihre E-Mail-Adresse. Die Verarbeitung Ihrer Daten wird in unserer Datenschutzrichtlinie beschrieben.<\/p>\n<p data-start=\"1943\" data-end=\"2000\">Sie erhalten anschlie\u00dfend die Zugangsdaten zur Plattform.<\/p>\n<p data-start=\"2002\" data-end=\"2111\">Die im Rahmen der Registrierung \u00fcbermittelten Angaben k\u00f6nnen w\u00e4hrend des gesamten Vorgangs korrigiert werden.<\/p>\n<p data-start=\"2113\" data-end=\"2345\">Sie verpflichten sich, bei der Nutzung der Liora-Dienste die geltenden Gesetze einzuhalten und die Dienste ausschlie\u00dflich zu rechtm\u00e4\u00dfigen Zwecken zu nutzen. Die Inhalte der Website und der Plattform d\u00fcrfen nur privat genutzt werden.<\/p>\n<p data-start=\"2347\" data-end=\"2553\">Der Kunde ist f\u00fcr die Nutzung der Plattform und alle Handlungen verantwortlich, die mit seinen Zugangsdaten durchgef\u00fchrt werden, au\u00dfer im Falle einer zuvor gemeldeten missbr\u00e4uchlichen Nutzung seines Kontos.<\/p>\n<h5 data-start=\"2555\" data-end=\"2606\"><strong data-start=\"2558\" data-end=\"2606\">2.3 Vom Kunden bereitgestellte Informationen<\/strong><\/h5>\n<p data-start=\"2608\" data-end=\"2818\">Jeder Kunde sichert Liora zu, dass die \u00fcbermittelten Informationen zu seinem Familienstand und seinen Kontaktdaten korrekt und aktuell sind. Liora kann nicht f\u00fcr Fehler oder Auslassungen haftbar gemacht werden.<\/p>\n<p data-start=\"2820\" data-end=\"2910\">Der Kunde ist allein verantwortlich f\u00fcr alle Aktivit\u00e4ten, die \u00fcber sein Konto stattfinden.<\/p>\n<hr data-start=\"2912\" data-end=\"2915\" \/>\n<h4 data-start=\"2917\" data-end=\"2952\"><strong data-start=\"2919\" data-end=\"2952\">Artikel 3: Geistiges Eigentum<\/strong><\/h4>\n<h5 data-start=\"2954\" data-end=\"2981\"><strong data-start=\"2957\" data-end=\"2981\">3.1 Rechte von Liora<\/strong><\/h5>\n<p data-start=\"2983\" data-end=\"3178\">Marken, Logos, Kennzeichen sowie s\u00e4mtliche Inhalte der Website (Texte, Bilder, Audio usw.) sind durch das Gesetz zum Schutz des geistigen Eigentums gesch\u00fctzt, insbesondere durch das Urheberrecht.<\/p>\n<p data-start=\"3180\" data-end=\"3415\">Der Kunde muss vor jeder Reproduktion, Ver\u00f6ffentlichung oder Kopie der Inhalte die ausdr\u00fcckliche Genehmigung der Website einholen. Inhalte d\u00fcrfen nur privat genutzt werden; jede kommerzielle oder werbliche Nutzung ist strikt untersagt.<\/p>\n<p data-start=\"3417\" data-end=\"3625\">Jede vollst\u00e4ndige oder teilweise Darstellung der Website ohne Genehmigung stellt eine Urheberrechtsverletzung dar und ist gem\u00e4\u00df Artikel L.335-2 ff. des franz\u00f6sischen Gesetzes \u00fcber geistiges Eigentum strafbar.<\/p>\n<p data-start=\"3627\" data-end=\"3738\">Gem\u00e4\u00df Artikel L.122-5 muss jeder Kunde, der gesch\u00fctzte Inhalte vervielf\u00e4ltigt, den Autor und die Quelle nennen.<\/p>\n<p data-start=\"3740\" data-end=\"3914\">Unternehmen, die eine Weiterbildung f\u00fcr ihre Mitarbeiter gebucht haben, erhalten ausschlie\u00dflich ein Kommunikationsrecht \u00fcber die Zusammenarbeit zwischen Liora und dem Kunden.<\/p>\n<h5 data-start=\"3916\" data-end=\"3944\"><strong data-start=\"3919\" data-end=\"3944\">3.2 Rechte des Kunden<\/strong><\/h5>\n<p data-start=\"3946\" data-end=\"4009\">Der Kunde bleibt Eigent\u00fcmer seiner geistigen Eigentumsrechte.<\/p>\n<p data-start=\"4011\" data-end=\"4331\">Durch das Ver\u00f6ffentlichen von Inhalten auf der Liora-Website r\u00e4umt der Kunde Liora jedoch das nicht-exklusive, unentgeltliche Recht ein, seine Inhalte weltweit, auf jedem Medium (digital oder physisch), f\u00fcr die gesamte Dauer der Schutzrechte zu reproduzieren, darzustellen, anzupassen, zu modifizieren und zu verbreiten.<\/p>\n<p data-start=\"4333\" data-end=\"4481\">Dies umfasst auch die Nutzung im Internet und in Mobilfunknetzen. Liora verpflichtet sich, den Namen des Kunden in der N\u00e4he jeder Nutzung anzugeben.<\/p>\n<p data-start=\"4483\" data-end=\"4649\">Der Kunde tr\u00e4gt die alleinige Verantwortung f\u00fcr die ver\u00f6ffentlichten Inhalte und verpflichtet sich, keine Inhalte online zu stellen, die die Rechte Dritter verletzen.<\/p>\n<p data-start=\"4651\" data-end=\"4725\">Rechtliche Schritte eines gesch\u00e4digten Dritten gehen zu Lasten des Kunden.<\/p>\n<p data-start=\"4727\" data-end=\"4817\">Liora kann Inhalte eines Kunden jederzeit und ohne Angabe von Gr\u00fcnden l\u00f6schen oder \u00e4ndern.<\/p>\n<hr data-start=\"4819\" data-end=\"4822\" \/>\n<h4 data-start=\"4824\" data-end=\"4864\"><strong data-start=\"4826\" data-end=\"4864\">Artikel 4: Funktionen des Dienstes<\/strong><\/h4>\n<h5 data-start=\"4866\" data-end=\"4889\"><strong data-start=\"4869\" data-end=\"4889\">4.1 Online-Kurse<\/strong><\/h5>\n<p data-start=\"4891\" data-end=\"4982\">Jeder Kurs, der auf der Liora-Plattform ver\u00f6ffentlicht wird, bleibt Eigentum seines Autors.<\/p>\n<h5 data-start=\"4984\" data-end=\"5014\"><strong data-start=\"4987\" data-end=\"5014\">4.2 Diskussionsbereiche<\/strong><\/h5>\n<p data-start=\"5016\" data-end=\"5247\">Kunden k\u00f6nnen auf Diskussionsforen zugreifen, Beitr\u00e4ge einsehen und Fragen diskutieren. Beim Ver\u00f6ffentlichen von Nachrichten verpflichten Sie sich, die Bestimmungen dieser ANB sowie die Regeln und Verhaltensanweisungen einzuhalten.<\/p>\n<hr data-start=\"5249\" data-end=\"5252\" \/>\n<h4 data-start=\"5254\" data-end=\"5291\"><strong data-start=\"5256\" data-end=\"5291\">Artikel 5: Pflichten des Kunden<\/strong><\/h4>\n<p data-start=\"5293\" data-end=\"5351\">Bei der Nutzung der Plattform verpflichtet sich der Kunde:<\/p>\n<ul data-start=\"5353\" data-end=\"5909\">\n<li data-start=\"5353\" data-end=\"5457\">\n<p data-start=\"5355\" data-end=\"5457\">die Richtigkeit, Integrit\u00e4t und Rechtm\u00e4\u00dfigkeit aller bereitgestellten Informationen zu gew\u00e4hrleisten<\/p>\n<\/li>\n<li data-start=\"5458\" data-end=\"5503\">\n<p data-start=\"5460\" data-end=\"5503\">nur ein Konto auf der Plattform anzulegen<\/p>\n<\/li>\n<li data-start=\"5504\" data-end=\"5657\">\n<p data-start=\"5506\" data-end=\"5657\">keine Informationen, Nachrichten, Kommentare oder Inhalte einzustellen, die b\u00f6swillig, diffamierend, beleidigend oder moral- bzw. ordnungswidrig sind<\/p>\n<\/li>\n<li data-start=\"5658\" data-end=\"5757\">\n<p data-start=\"5660\" data-end=\"5757\">die Rechte Dritter (Privatsph\u00e4re, Bildrechte, Urheberrecht, geistiges Eigentum) zu respektieren<\/p>\n<\/li>\n<li data-start=\"5758\" data-end=\"5842\">\n<p data-start=\"5760\" data-end=\"5842\">die Integrit\u00e4t der Plattform oder der enthaltenen Daten nicht zu beeintr\u00e4chtigen<\/p>\n<\/li>\n<li data-start=\"5843\" data-end=\"5909\">\n<p data-start=\"5845\" data-end=\"5909\">die Plattform nur im Einklang mit geltenden Gesetzen zu nutzen<\/p>\n<\/li>\n<\/ul>\n<p data-start=\"5911\" data-end=\"6022\">Bei Verst\u00f6\u00dfen behalten wir uns vor, das Konto eines Kunden\/Teilnehmers vor\u00fcbergehend oder dauerhaft zu sperren.<\/p>\n<h5 data-start=\"6024\" data-end=\"6073\"><strong data-start=\"6027\" data-end=\"6073\">5.1 Teilnehmerordnung und Verhaltensregeln<\/strong><\/h5>\n<p data-start=\"6075\" data-end=\"6246\">Liora hat eine Teilnehmerordnung sowie Regeln und Verhaltensanweisungen erstellt, die den gesetzlichen Rahmen einhalten. Jeder Nutzer verpflichtet sich, diese einzuhalten.<\/p>\n<hr data-start=\"6248\" data-end=\"6251\" \/>\n<h4 data-start=\"6253\" data-end=\"6290\"><strong data-start=\"6255\" data-end=\"6290\">Artikel 6: Meldung \u2013 Moderation<\/strong><\/h4>\n<p data-start=\"6292\" data-end=\"6434\">Jeder Kunde kann Inhalte melden, die gegen den Vertrag versto\u00dfen oder rechtswidrig sind oder die Funktionsweise der Plattform beeintr\u00e4chtigen.<\/p>\n<p data-start=\"6436\" data-end=\"6492\">Meldungen sind zu richten an:<br data-start=\"6465\" data-end=\"6468\" \/><strong data-start=\"6468\" data-end=\"6492\"><a class=\"decorated-link cursor-pointer\" rel=\"noopener\" data-start=\"6470\" data-end=\"6490\">contact@liora.io<\/a><\/strong><\/p>\n<p data-start=\"6494\" data-end=\"6591\">Liora beh\u00e4lt sich vor, rechtswidrige oder nicht konforme Inhalte nach einer Meldung zu entfernen.<\/p>\n<p data-start=\"6593\" data-end=\"6661\">Offensichtlich missbr\u00e4uchliche Meldungen k\u00f6nnen sanktioniert werden.<\/p>\n<hr data-start=\"6663\" data-end=\"6666\" \/>\n<h4 data-start=\"6668\" data-end=\"6715\"><strong data-start=\"6670\" data-end=\"6715\">Artikel 7: Schutz personenbezogener Daten<\/strong><\/h4>\n<p data-start=\"6717\" data-end=\"6858\">Liora erhebt und verarbeitet personenbezogene Daten unter Beachtung der Privatsph\u00e4re gem\u00e4\u00df Gesetz Nr. 78-17 vom 6. Januar 1978 und der DSGVO.<\/p>\n<p data-start=\"6860\" data-end=\"6927\">Unsere Datenschutzrichtlinie ist integraler Bestandteil dieser ANB.<\/p>\n<hr data-start=\"6929\" data-end=\"6932\" \/>\n<h4 data-start=\"6934\" data-end=\"6968\"><strong data-start=\"6936\" data-end=\"6968\">Artikel 8: Haftung von Liora<\/strong><\/h4>\n<h5 data-start=\"6970\" data-end=\"7006\"><strong data-start=\"6973\" data-end=\"7006\">8.1 Inhalte auf der Plattform<\/strong><\/h5>\n<p data-start=\"7008\" data-end=\"7126\">Beitr\u00e4ge von Teilnehmern werden nicht vor Ver\u00f6ffentlichung \u00fcberpr\u00fcft. Sie k\u00f6nnen jedoch nachtr\u00e4glich moderiert werden.<\/p>\n<p data-start=\"7128\" data-end=\"7254\">Als Hosting-Anbieter unterliegt Liora einem eingeschr\u00e4nkten Haftungsregime und kann gemeldete rechtswidrige Inhalte entfernen.<\/p>\n<h5 data-start=\"7256\" data-end=\"7283\"><strong data-start=\"7259\" data-end=\"7283\">8.2 Sorgfaltspflicht<\/strong><\/h5>\n<p data-start=\"7285\" data-end=\"7435\">Liora verpflichtet sich zur Erbringung der Weiterbildungsleistungen mit gr\u00f6\u00dfter Sorgfalt im Rahmen einer <strong data-start=\"7390\" data-end=\"7432\">Bem\u00fchenspflicht<\/strong>.<\/p>\n<p data-start=\"7437\" data-end=\"7504\">Eine Haftung entsteht nur bei nachgewiesenem Verschulden von Liora.<\/p>\n<hr data-start=\"7506\" data-end=\"7509\" \/>\n<h4 data-start=\"7511\" data-end=\"7550\"><strong data-start=\"7513\" data-end=\"7550\">Artikel 9: Wartung\/ Verbesserung<\/strong><\/h4>\n<p data-start=\"7552\" data-end=\"7774\">Liora kann jederzeit Wartungsarbeiten (korrigierend, sicherheitsbedingt oder weiterentwickelnd) durchf\u00fchren.<br data-start=\"7660\" data-end=\"7663\" \/>Diese werden 24 Stunden vorher per E-Mail angek\u00fcndigt und finden einmal pro Woche nachts f\u00fcr eine Stunde statt.<\/p>\n<hr data-start=\"7776\" data-end=\"7779\" \/>\n<h4 data-start=\"7781\" data-end=\"7812\"><strong data-start=\"7783\" data-end=\"7812\">Artikel 10: H\u00f6here Gewalt<\/strong><\/h4>\n<p data-start=\"7814\" data-end=\"7905\">H\u00f6here Gewalt setzt die Pflichten der betroffenen Partei aus, solange der Umstand anh\u00e4lt.<\/p>\n<p data-start=\"7907\" data-end=\"8099\">Keine Partei haftet bei Ereignissen au\u00dferhalb ihrer Kontrolle, die bei Vertragsschluss nicht vorhersehbar waren und deren Auswirkungen nicht durch geeignete Ma\u00dfnahmen verhindert werden k\u00f6nnen.<\/p>\n<p data-start=\"8101\" data-end=\"8261\">Ist der Hinderungsgrund endg\u00fcltig, werden die Parteien gem\u00e4\u00df den Artikeln 1351 und 1351-1 des franz\u00f6sischen Zivilgesetzbuches von ihren Verpflichtungen befreit.<\/p>\n<hr data-start=\"8263\" data-end=\"8266\" \/>\n<h4 data-start=\"8268\" data-end=\"8297\"><strong data-start=\"8270\" data-end=\"8297\">Artikel 11: Streitf\u00e4lle<\/strong><\/h4>\n<p data-start=\"8299\" data-end=\"8457\">Auf diese ANB findet franz\u00f6sisches Recht Anwendung. Bei fehlender einvernehmlicher L\u00f6sung eines Konflikts sind ausschlie\u00dflich franz\u00f6sische Gerichte zust\u00e4ndig.<\/p>\n\n\n<div style=\"height:5rem\" aria-hidden=\"true\" class=\"wp-block-spacer\"><\/div>\n","protected":false},"excerpt":{"rendered":"<p>Artikel 1: Impressum Die Website Liora.com wird herausgegeben von der Firma DataScientest, mit einem Kapital von 1.000 \u20ac, eingetragen unter der Nummer 011755665975 im Handels- und Gesellschaftsregister (RCS) von Paris unter der Nummer 831 450 069, mit Sitz 2 place de Barcelone, 75016 Paris,E-Mail: contact@Liora.com. Vertreten durch Herrn Yoel Tordjman.Umsatzsteuer-Identifikationsnummer: FR 69 831450069. Verantwortlicher f\u00fcr [&hellip;]<\/p>\n","protected":false},"author":88,"featured_media":213803,"parent":0,"menu_order":0,"comment_status":"closed","ping_status":"closed","template":"page-without-title-with-blue-header","meta":{"_acf_changed":false,"editor_notices":[],"footnotes":""},"class_list":["post-211615","page","type-page","status-publish","has-post-thumbnail","hentry"],"acf":[],"_links":{"self":[{"href":"https:\/\/liora.io\/de\/wp-json\/wp\/v2\/pages\/211615","targetHints":{"allow":["GET"]}}],"collection":[{"href":"https:\/\/liora.io\/de\/wp-json\/wp\/v2\/pages"}],"about":[{"href":"https:\/\/liora.io\/de\/wp-json\/wp\/v2\/types\/page"}],"author":[{"embeddable":true,"href":"https:\/\/liora.io\/de\/wp-json\/wp\/v2\/users\/88"}],"replies":[{"embeddable":true,"href":"https:\/\/liora.io\/de\/wp-json\/wp\/v2\/comments?post=211615"}],"version-history":[{"count":4,"href":"https:\/\/liora.io\/de\/wp-json\/wp\/v2\/pages\/211615\/revisions"}],"predecessor-version":[{"id":212674,"href":"https:\/\/liora.io\/de\/wp-json\/wp\/v2\/pages\/211615\/revisions\/212674"}],"wp:featuredmedia":[{"embeddable":true,"href":"https:\/\/liora.io\/de\/wp-json\/wp\/v2\/media\/213803"}],"wp:attachment":[{"href":"https:\/\/liora.io\/de\/wp-json\/wp\/v2\/media?parent=211615"}],"curies":[{"name":"wp","href":"https:\/\/api.w.org\/{rel}","templated":true}]}}