{"id":211599,"date":"2025-11-26T10:05:33","date_gmt":"2025-11-26T09:05:33","guid":{"rendered":"https:\/\/liora.io\/de\/?page_id=211599"},"modified":"2026-02-10T11:47:42","modified_gmt":"2026-02-10T10:47:42","slug":"impressum","status":"publish","type":"page","link":"https:\/\/liora.io\/de\/impressum","title":{"rendered":"[LIORA] &#8211; DE &#8211; Impressum"},"content":{"rendered":"\n<div class=\"alignfull wp-block-liora-blocks-hero alignfull wp-block-liora-blocks-hero-page-classic\">\n\t<div class=\"container\">\n\t\t<div class=\"wp-block-liora-blocks-hero-page-classic__content\">\n\t\t<h1>Impressum<\/h1><p><p data-start=\"0\" data-end=\"55\">Diese Website wird herausgegeben von: <strong data-start=\"38\" data-end=\"55\">DATASCIENTEST<\/strong><\/p>\n<p data-start=\"57\" data-end=\"436\" data-is-last-node=\"\" data-is-only-node=\"\">Rechtsform: Vereinfachte Aktiengesellschaft (SAS)<br data-start=\"106\" data-end=\"109\" \/>Stammkapital: <strong data-start=\"123\" data-end=\"137\">2.513,00 \u20ac<\/strong><br data-start=\"137\" data-end=\"140\" \/>Sitz der Gesellschaft: <strong data-start=\"163\" data-end=\"212\">2 Place de Barcelone, 75016 Paris, Frankreich<\/strong><br data-start=\"212\" data-end=\"215\" \/>SIREN: <strong data-start=\"222\" data-end=\"237\">831 450 069<\/strong><br data-start=\"237\" data-end=\"240\" \/>SIRET: <strong data-start=\"247\" data-end=\"268\">831 450 069 00024<\/strong><br data-start=\"268\" data-end=\"271\" \/>Umsatzsteuer-Identifikationsnummer (EU): <strong data-start=\"312\" data-end=\"329\">FR69831450069<\/strong><br data-start=\"329\" data-end=\"332\" \/>Kontakt-E-Mail: <strong data-start=\"348\" data-end=\"370\">contact[@]liora.io<\/strong><br data-start=\"370\" data-end=\"373\" \/>Verantwortlich f\u00fcr die Ver\u00f6ffentlichung: <strong data-start=\"414\" data-end=\"436\" data-is-last-node=\"\">Herr Yoel TORDJMAN<\/strong><\/p>\n<\/p>\t\t<\/div>\n\t<\/div>\n<\/div>\n\n\n\n<div class=\"wp-block-group alignfull has-white-color has-primary-blue-background-color has-text-color has-background has-link-color wp-elements-7e026eac8b56804dc9f6efee149f4b8c has-global-padding is-layout-constrained wp-block-group-is-layout-constrained\" style=\"margin-top:0;margin-bottom:0\">\n<div style=\"height:2rem\" aria-hidden=\"true\" class=\"wp-block-spacer\"><\/div>\n\n\n\n<p class=\"has-text-align-center\"><a href=\"https:\/\/liora.io\/de\/nutzungsbedingungen\">Nutzungsbedingungen<\/a> | <a href=\"https:\/\/liora.io\/de\/rechtliche-hinweise\">Rechtliche Hinweise<\/a> | <a href=\"https:\/\/liora.io\/de\/dsgvo\">DSGVO<\/a> | <a href=\"https:\/\/liora.io\/de\/liora-de-homepage\/verhaltensregeln\">Verhaltensregeln<\/a><\/p>\n\n\n\n<h2 class=\"wp-block-heading has-white-color has-text-color has-link-color wp-elements-5b4c5b46bd939ce98c2283ca1dbb2b32\" id=\"h-hosting-anbieter\">Hosting-Anbieter<\/h2>\n\n\n\n<p class=\"has-white-color has-text-color has-link-color wp-elements-70a135ce5a1fca7548a690293cbfbc7f\">Die Website wird gehostet von: <strong>Infomaniak Network SA<\/strong><br>Adresse: <strong>Rue Eug\u00e8ne-Marziano 25, 1227 Les Acacias, Genf, Schweiz<\/strong><br>Telefon: <strong>+41 22 820 35 44<\/strong><br>Website: <strong><a href=\"https:\/\/www.infomaniak.com\/\">https:\/\/www.infomaniak.com\/<\/a><\/strong><\/p>\n\n\n\n<h2 class=\"wp-block-heading has-white-color has-text-color has-link-color wp-elements-f5b2d9ce4090ba95a414aea74575c9bc\" id=\"h-geistiges-eigentum\">Geistiges Eigentum<\/h2>\n\n\n\n<p>Alle Marken, Logos, Zeichen sowie s\u00e4mtliche Inhalte dieser Website (Texte, Bilder, Tonmaterial usw.) sind durch den franz\u00f6sischen Code de la propri\u00e9t\u00e9 intellectuelle und insbesondere durch das Urheberrecht gesch\u00fctzt.<\/p>\n\n\n\n<p>Jede Vervielf\u00e4ltigung, Ver\u00f6ffentlichung oder sonstige Nutzung dieser Inhalte bedarf der <strong>vorherigen schriftlichen Genehmigung des Herausgebers<\/strong>.<br>Der Nutzer verpflichtet sich, die Inhalte der Website <strong>ausschlie\u00dflich zu privaten Zwecken<\/strong> zu verwenden. Jede Nutzung zu <strong>kommerziellen oder werblichen Zwecken<\/strong> ist strikt untersagt.<\/p>\n\n\n\n<p>Jede vollst\u00e4ndige oder teilweise Vervielf\u00e4ltigung dieser Website, unabh\u00e4ngig vom verwendeten Verfahren, ohne ausdr\u00fcckliche Genehmigung des Website-Betreibers stellt eine Urheberrechtsverletzung dar und ist gem\u00e4\u00df den Artikeln <strong>L 335-2 ff.<\/strong> des franz\u00f6sischen Code de la propri\u00e9t\u00e9 intellectuelle strafbar.<\/p>\n\n\n\n<p>Gem\u00e4\u00df Artikel <strong>L122-5<\/strong> des franz\u00f6sischen Code de la propri\u00e9t\u00e9 intellectuelle ist jeder Nutzer, der gesch\u00fctzte Inhalte vervielf\u00e4ltigt, kopiert oder ver\u00f6ffentlicht, verpflichtet, <strong>den Urheber sowie die Quelle anzugeben<\/strong>.<\/p>\n\n\n\n<p>Kunden (Privatpersonen oder Unternehmen), die eine Weiterbildungsvereinbarung im Bereich Data Science f\u00fcr ihre Mitarbeitenden abgeschlossen haben, gestatten die Nutzung ihrer Logos und Markenelemente <strong>ausschlie\u00dflich zu Kommunikationszwecken<\/strong>, die sich auf die Zusammenarbeit zwischen <strong>Liora<\/strong> und dem Kunden beziehen.<\/p>\n\n\n\n<div style=\"height:2rem\" aria-hidden=\"true\" class=\"wp-block-spacer\"><\/div>\n<\/div>\n","protected":false},"excerpt":{"rendered":"<p>Nutzungsbedingungen | Rechtliche Hinweise | DSGVO | Verhaltensregeln Hosting-Anbieter Die Website wird gehostet von: Infomaniak Network SAAdresse: Rue Eug\u00e8ne-Marziano 25, 1227 Les Acacias, Genf, SchweizTelefon: +41 22 820 35 44Website: https:\/\/www.infomaniak.com\/ Geistiges Eigentum Alle Marken, Logos, Zeichen sowie s\u00e4mtliche Inhalte dieser Website (Texte, Bilder, Tonmaterial usw.) sind durch den franz\u00f6sischen Code de la propri\u00e9t\u00e9 intellectuelle [&hellip;]<\/p>\n","protected":false},"author":88,"featured_media":213803,"parent":0,"menu_order":0,"comment_status":"closed","ping_status":"closed","template":"page-without-title","meta":{"_acf_changed":false,"editor_notices":[],"footnotes":""},"class_list":["post-211599","page","type-page","status-publish","has-post-thumbnail","hentry"],"acf":[],"_links":{"self":[{"href":"https:\/\/liora.io\/de\/wp-json\/wp\/v2\/pages\/211599","targetHints":{"allow":["GET"]}}],"collection":[{"href":"https:\/\/liora.io\/de\/wp-json\/wp\/v2\/pages"}],"about":[{"href":"https:\/\/liora.io\/de\/wp-json\/wp\/v2\/types\/page"}],"author":[{"embeddable":true,"href":"https:\/\/liora.io\/de\/wp-json\/wp\/v2\/users\/88"}],"replies":[{"embeddable":true,"href":"https:\/\/liora.io\/de\/wp-json\/wp\/v2\/comments?post=211599"}],"version-history":[{"count":4,"href":"https:\/\/liora.io\/de\/wp-json\/wp\/v2\/pages\/211599\/revisions"}],"predecessor-version":[{"id":212977,"href":"https:\/\/liora.io\/de\/wp-json\/wp\/v2\/pages\/211599\/revisions\/212977"}],"wp:featuredmedia":[{"embeddable":true,"href":"https:\/\/liora.io\/de\/wp-json\/wp\/v2\/media\/213803"}],"wp:attachment":[{"href":"https:\/\/liora.io\/de\/wp-json\/wp\/v2\/media?parent=211599"}],"curies":[{"name":"wp","href":"https:\/\/api.w.org\/{rel}","templated":true}]}}